{"id":10593,"date":"2017-05-19T00:00:00","date_gmt":"2017-05-18T22:00:00","guid":{"rendered":"http:\/\/www.amplificazionilombardi.it\/?post_type=product&#038;p=10593"},"modified":"2023-05-24T16:19:32","modified_gmt":"2023-05-24T14:19:32","slug":"cabezal-amplificador-de-valvulas-para-bajos-y-armario-lb1-lombardi-200-w","status":"publish","type":"product","link":"https:\/\/www.amplificazionilombardi.it\/es\/shop\/cabezal-amplificador-de-valvulas-para-bajos-y-armario-lb1-lombardi-200-w\/","title":{"rendered":"CABEZAL AMPLIFICADOR DE V\u00c1LVULAS PARA BAJOS Y ARMARIO LB1 LOMBARDI 200 W"},"content":{"rendered":"<p>El amplificador de bajos tiene un sonido c\u00e1lido y potente, perfecto para m\u00fasicos exigentes.<\/p>\n<p>La cabeza es fiel al original. Tiene 2 canales de potencia y clase y dos chasis, preamplificador y amplificador independientes, para tener un sonido m\u00e1s claro y din\u00e1mico.<\/p>\n<p>2 canales con diferentes claves, el primero tiene un tono moderno y profundo, el segundo tiene un tono moderno y m\u00e1s profundo.<\/p>\n<p>Ambos canales cuentan con entradas de 0 y -10 dB, controlador de volumen y controlador de tonos altos y bajos, que podr\u00eda considerarse \u201cno suficiente\u201d, pero es m\u00e1s que suficiente para estar preparado para cualquier tipo de situaci\u00f3n.<\/p>\n<p>El gabinete, hecho de madera de abedul y con recubrimiento en polvo, es un verdadero instrumento de bajo, tiene un altavoz bic\u00f3nico, 18\u2033 \u2013 46 cm, dise\u00f1ado con nuestras especificaciones t\u00e9cnicas.<\/p>\n<p>El cabezal LB1 tiene dos modos, 4 y 8 ohmios, que se pueden activar con un interruptor de encendido. Por lo tanto, el cabezal se puede utilizar como clase 1 o 2.<\/p>\n<p>Sucesor del hist\u00f3rico LB1 construido en los a\u00f1os 70:<\/p>\n","protected":false},"excerpt":{"rendered":"<p>El amplificador de bajos Lombardi LB1 HEAD AND CABINET, clase AB 200 W RMS, solo usa tubos de vac\u00edo. El amplificador fue dise\u00f1ado y construido en italia por Lombardi Amplificazioni con componentes de alta calidad. El amplificador est\u00e1 hecho de madera de \u00e1lamo contrachapada, lo que lo hace muy ligero.<\/p>\n<p>El amplificador de bajos Lombardi LB1 HEAD AND CABINET deriva de los hist\u00f3ricos amplificadores de bajos LB1 construidos en los 70s por la empresa Lombardi. El viejo LB1 fue usado por algunos de los mejores m\u00fasicos del mundo\u2026<\/p>\n<p>Ah\u00ed esta el Lombardi LB1 BASS HEAD AND CABINET<\/p>\n","protected":false},"featured_media":10426,"template":"","meta":{"_acf_changed":false},"product_brand":[],"product_cat":[246,245],"product_tag":[],"class_list":{"0":"post-10593","1":"product","2":"type-product","3":"status-publish","4":"has-post-thumbnail","6":"product_cat-amplificadores-de-bajo","7":"product_cat-amplificadores-de-instrumentos","9":"first","10":"instock","11":"sale","12":"sold-individually","13":"taxable","14":"shipping-taxable","15":"purchasable","16":"product-type-simple"},"acf":[],"_links":{"self":[{"href":"https:\/\/www.amplificazionilombardi.it\/es\/wp-json\/wp\/v2\/product\/10593","targetHints":{"allow":["GET"]}}],"collection":[{"href":"https:\/\/www.amplificazionilombardi.it\/es\/wp-json\/wp\/v2\/product"}],"about":[{"href":"https:\/\/www.amplificazionilombardi.it\/es\/wp-json\/wp\/v2\/types\/product"}],"wp:featuredmedia":[{"embeddable":true,"href":"https:\/\/www.amplificazionilombardi.it\/es\/wp-json\/wp\/v2\/media\/10426"}],"wp:attachment":[{"href":"https:\/\/www.amplificazionilombardi.it\/es\/wp-json\/wp\/v2\/media?parent=10593"}],"wp:term":[{"taxonomy":"product_brand","embeddable":true,"href":"https:\/\/www.amplificazionilombardi.it\/es\/wp-json\/wp\/v2\/product_brand?post=10593"},{"taxonomy":"product_cat","embeddable":true,"href":"https:\/\/www.amplificazionilombardi.it\/es\/wp-json\/wp\/v2\/product_cat?post=10593"},{"taxonomy":"product_tag","embeddable":true,"href":"https:\/\/www.amplificazionilombardi.it\/es\/wp-json\/wp\/v2\/product_tag?post=10593"}],"curies":[{"name":"wp","href":"https:\/\/api.w.org\/{rel}","templated":true}]}}