{"id":10596,"date":"2017-05-19T00:00:00","date_gmt":"2017-05-18T22:00:00","guid":{"rendered":"http:\/\/www.amplificazionilombardi.it\/?post_type=product&#038;p=10596"},"modified":"2025-12-17T12:26:25","modified_gmt":"2025-12-17T11:26:25","slug":"cabezal-amplificador-de-valvulas-de-bajos-lb5-lombardi-1300-w-rms","status":"publish","type":"product","link":"https:\/\/www.amplificazionilombardi.it\/es\/shop\/cabezal-amplificador-de-valvulas-de-bajos-lb5-lombardi-1300-w-rms\/","title":{"rendered":"CABEZAL AMPLIFICADOR DE V\u00c1LVULAS DE BAJOS LB5 LOMBARDI 1300 W RMS"},"content":{"rendered":"<p>Amplificador de bajo con preamplificador de v\u00e1lvulas punto a punto y NOS, circuito innovador con 2 PRE.<\/p>\n<p>El primer canal controla el tono Medio\/Bajo, mientras que el segundo canal ya est\u00e1 filtrado y proporciona Inicio, Presencia, Cuerda.<\/p>\n<p>Hay muchos controles eficientes\u2026<\/p>\n<p>Un Master Volume que controla un nuevo motor: Amplificador de transistores Clase AB, potente, fiable y preciso.<\/p>\n<p>1300 W RMS en 2 Ohm! No est\u00e1 mal para un amplificador bajo h\u00edbrido con la calidad del clase A-B!<\/p>\n<p>El desarrollo del circuito que conecta el pre-amplificador y el amplificador ha llevado mucho tiempo\u2026 No quer\u00edamos perder nada de la sinergia perfecta entre v\u00e1lvulas y transistores y realmente se puede escuchar\u2026 Un marco doble que divide el preamplificador y el amplificador y hace que el circuito sea muy silencioso.<\/p>\n","protected":false},"excerpt":{"rendered":"<p>El amplificador de bajo Lombardi LB5 es un cabezal con preamplificador de v\u00e1lvulas y un amplificador de transistores, clase A-B, dise\u00f1ado y construido en Italia por Lombardi Amplification con componentes de alta calidad. El amplificador est\u00e1 hecho de madera contrachapada de \u00e1lamo, lo que lo hace muy liviano.<\/p>\n<p>Gracias a a\u00f1os de estudio e investigaci\u00f3n en la historia de Lombardi Amplificaci\u00f3n ha sido posible crear el cabezal LB5, un circuito h\u00edbrido revolucionario que se perfeccion\u00f3 despues de 30 meses de prueba\u2026<\/p>\n<p>Si bien permanece entre los mejores amplificadores punto a punto hechos a mano que est\u00e1n hechos con componentes de alta calidad, \u00a1este amplificador es algo completamente nuevo! Preamplificador preciso con un tono \u00fanico y flexible, que con solo 5 controles tiene un repertorio de sonido infinito\u2026 \u00bfC\u00f3mo es eso posible? Hemos unido dos preamplificadores de v\u00e1lvulas distintos.<\/p>\n<p>Un buen amplificador con 1300w de transistor din\u00e1mico. Alta calidad con clase A-B. No fue una cosa f\u00e1cil de hacer. Lo mejor de las tecnolog\u00edas modernas y tradicionales esta combinado en el nuevo amplificador bajo Lombardi LB5 HEAD<\/p>\n<p>\u00a1Hay muchas otras caracter\u00edsticas que hacen de este amplificador un sue\u00f1o!<\/p>\n","protected":false},"featured_media":10388,"template":"","meta":{"_acf_changed":false},"product_brand":[],"product_cat":[246,245],"product_tag":[],"class_list":{"0":"post-10596","1":"product","2":"type-product","3":"status-publish","4":"has-post-thumbnail","6":"product_cat-amplificadores-de-bajo","7":"product_cat-amplificadores-de-instrumentos","9":"first","10":"instock","11":"sale","12":"taxable","13":"shipping-taxable","14":"purchasable","15":"product-type-simple"},"acf":[],"_links":{"self":[{"href":"https:\/\/www.amplificazionilombardi.it\/es\/wp-json\/wp\/v2\/product\/10596","targetHints":{"allow":["GET"]}}],"collection":[{"href":"https:\/\/www.amplificazionilombardi.it\/es\/wp-json\/wp\/v2\/product"}],"about":[{"href":"https:\/\/www.amplificazionilombardi.it\/es\/wp-json\/wp\/v2\/types\/product"}],"wp:featuredmedia":[{"embeddable":true,"href":"https:\/\/www.amplificazionilombardi.it\/es\/wp-json\/wp\/v2\/media\/10388"}],"wp:attachment":[{"href":"https:\/\/www.amplificazionilombardi.it\/es\/wp-json\/wp\/v2\/media?parent=10596"}],"wp:term":[{"taxonomy":"product_brand","embeddable":true,"href":"https:\/\/www.amplificazionilombardi.it\/es\/wp-json\/wp\/v2\/product_brand?post=10596"},{"taxonomy":"product_cat","embeddable":true,"href":"https:\/\/www.amplificazionilombardi.it\/es\/wp-json\/wp\/v2\/product_cat?post=10596"},{"taxonomy":"product_tag","embeddable":true,"href":"https:\/\/www.amplificazionilombardi.it\/es\/wp-json\/wp\/v2\/product_tag?post=10596"}],"curies":[{"name":"wp","href":"https:\/\/api.w.org\/{rel}","templated":true}]}}