{"id":10597,"date":"2017-05-19T00:00:00","date_gmt":"2017-05-18T22:00:00","guid":{"rendered":"http:\/\/www.amplificazionilombardi.it\/?post_type=product&#038;p=10597"},"modified":"2025-12-17T12:23:47","modified_gmt":"2025-12-17T11:23:47","slug":"gabinete-de-guitarra-lc4-lombardi-2x12%e2%80%b3-200-w-rms","status":"publish","type":"product","link":"https:\/\/www.amplificazionilombardi.it\/es\/shop\/gabinete-de-guitarra-lc4-lombardi-2x12%e2%80%b3-200-w-rms\/","title":{"rendered":"GABINETE DE GUITARRA LC4 LOMBARDI 2\u00d712\u2033 200 W RMS"},"content":{"rendered":"<p>Dise\u00f1amos y construimos un gabinete con un sonido innovador, gracias al trabajo en equipo de la divisi\u00f3n Pro Audio Lombardi, que construy\u00f3 el amplificador de audio, y los especialistas que construyeron los tubos de los amplificadores de guitarra y bajo. Ah\u00ed est\u00e1 el gabinete de guitarra 2\u00d712\u2033 Lombardi.<\/p>\n<p>El Gabinete naci\u00f3 para ser libre de \u201ctocar\u201d gracias al uso de diferentes tipos de madera, cada una con diferentes caracter\u00edsticas de sonido, y gracias al uso de un tablero arm\u00f3nico de abeto de casi 3 cm, donde hay dos de 12\u201d, es decir. parcialmente suspendido y permite que los altavoces \u201cjueguen\u201d libremente. Adem\u00e1s, el gabinete es s\u00f3lido y compacto\u2026<\/p>\n<p>\u00a1La primera vez que lo probamos pensamos que sonaba como una pila!<\/p>\n<p>Quer\u00edamos que el parlante del gabinete fuera hecho a mano y dise\u00f1ado con nuestras especificaciones t\u00e9cnicas.<\/p>\n<p>La raz\u00f3n es que esa gran cantidad de sonido y arm\u00f3nicos necesitaba un altavoz especial, preciso, din\u00e1mico pero s\u00f3lido a la vez, capaz de enfatizar el estilo de cada m\u00fasico\u2026<\/p>\n<p>Un par de palabras sobre los altavoces:<\/p>\n<p>Despu\u00e9s de muchos intentos y pruebas, dise\u00f1amos dos 12\u2033 diferentes con dos respuestas de timbre diferentes:<\/p>\n<p>Un timbre m\u00e1s c\u00e1lido y suave, con un buen balance y extensi\u00f3n de frecuencias\u2026 tono bajo, profundo y preciso, un sonido cristalino que reproduce fielmente todos los arm\u00f3nicos.<\/p>\n<p>El timbre reproduce sonidos claros de cualquier tipo de m\u00fasica, desde el jazz hasta el blues, pasando por el folk, y tambi\u00e9n se puede utilizar de manera no convencional para amplificar desde rhodes hasta sinth, \u00a1hasta una voz filtrada por los tubos!<\/p>\n<p>El otro timbre, m\u00e1s agresivo tiene un sonido rockero! Con un sonido claro y preciso que nunca se pierde, incluso en los escenarios m\u00e1s ruidosos y cuando hay distorsi\u00f3n la madera no se seca, el sonido es claro y no se pierde nada!<\/p>\n<p>La decisi\u00f3n es tuya\u2026<\/p>\n<p>\u00a1Aqu\u00ed est\u00e1 un gabinete que sorprender\u00e1 a todos los guitarristas y f\u00f3nicos que tendr\u00e1n la oportunidad de usarlo!<\/p>\n","protected":false},"excerpt":{"rendered":"<p>El gabinete de guitarra Lombardi LC4 es un gabinete innovador y de alta calidad fabricado en Italia por Lombardi Amplification con componentes de primera elecci\u00f3n. El gabinete est\u00e1 hecho con tres tipos de madera. El exterior est\u00e1 hecho de madera contrachapada de chopo, lo que lo hace muy ligero y con un sonido c\u00e1lido. El panel de fijaci\u00f3n de los parlantes est\u00e1 hecho de abeto, para que el tablero arm\u00f3nico pueda tener el mejor timbre. Los soportes son de Abedul que les da solidez.<\/p>\n<p>El GABINETE DE GUITARRA Lombardi LC4 tiene dos bic\u00f3nicos personalizados Lombardi hechos a mano de 12\u2033.<\/p>\n<p>Un estilo original con un poco de nuestra elegancia vintage.<\/p>\n<p>\u00a1Hay muchas otras caracter\u00edsticas que hacen de este amplificador un nuevo sue\u00f1o!<\/p>\n<p>Aqui est\u00e1 el nuevo Lombardi LC4 2\u00d712 \u201d GABINETE DE GUITARRA\u201d\u2026<\/p>\n","protected":false},"featured_media":10393,"template":"","meta":{"_acf_changed":false},"product_brand":[],"product_cat":[247,245],"product_tag":[],"class_list":{"0":"post-10597","1":"product","2":"type-product","3":"status-publish","4":"has-post-thumbnail","6":"product_cat-amplificadores-de-guitarra","7":"product_cat-amplificadores-de-instrumentos","9":"first","10":"instock","11":"sale","12":"taxable","13":"shipping-taxable","14":"purchasable","15":"product-type-simple"},"acf":[],"_links":{"self":[{"href":"https:\/\/www.amplificazionilombardi.it\/es\/wp-json\/wp\/v2\/product\/10597","targetHints":{"allow":["GET"]}}],"collection":[{"href":"https:\/\/www.amplificazionilombardi.it\/es\/wp-json\/wp\/v2\/product"}],"about":[{"href":"https:\/\/www.amplificazionilombardi.it\/es\/wp-json\/wp\/v2\/types\/product"}],"wp:featuredmedia":[{"embeddable":true,"href":"https:\/\/www.amplificazionilombardi.it\/es\/wp-json\/wp\/v2\/media\/10393"}],"wp:attachment":[{"href":"https:\/\/www.amplificazionilombardi.it\/es\/wp-json\/wp\/v2\/media?parent=10597"}],"wp:term":[{"taxonomy":"product_brand","embeddable":true,"href":"https:\/\/www.amplificazionilombardi.it\/es\/wp-json\/wp\/v2\/product_brand?post=10597"},{"taxonomy":"product_cat","embeddable":true,"href":"https:\/\/www.amplificazionilombardi.it\/es\/wp-json\/wp\/v2\/product_cat?post=10597"},{"taxonomy":"product_tag","embeddable":true,"href":"https:\/\/www.amplificazionilombardi.it\/es\/wp-json\/wp\/v2\/product_tag?post=10597"}],"curies":[{"name":"wp","href":"https:\/\/api.w.org\/{rel}","templated":true}]}}