{"id":10598,"date":"2017-05-19T00:00:00","date_gmt":"2017-05-18T22:00:00","guid":{"rendered":"http:\/\/www.amplificazionilombardi.it\/?post_type=product&#038;p=10598"},"modified":"2025-12-17T12:23:53","modified_gmt":"2025-12-17T11:23:53","slug":"10598","status":"publish","type":"product","link":"https:\/\/www.amplificazionilombardi.it\/es\/shop\/10598\/","title":{"rendered":"CABEZAL DE VALVULA GUITARRA LC4 25 \/ 80 W"},"content":{"rendered":"<p>Cabezal de guitarra de v\u00e1vulas, punto a punto hecho a mano en Italia.<\/p>\n<p>Un par de palabras sobre los tubos y la reverberaci\u00f3n:<\/p>\n<p>El preamplificador a v\u00e1lvulas es un EF86 NOS, un pentodo que tiene una alta ganancia, un sonido preciso y definido, un rango de frecuencia balanceado (y por eso est\u00e1 en el Hi-Fi de v\u00e1lvulas) y un timbre \u00fanico especialmente con Sonido claro y crujiente.<\/p>\n<p>El hammond est\u00e1 controlado por un tubo ECC83 Groove Tubes y por un ECL82 NOS.<\/p>\n<p>La v\u00e1lvula que lleva el sonido del Preamplificador al Amplificador es una ECC82 MULLARD NOS original (\u00a1esta v\u00e1lvula de alta calidad marca la diferencia!).<\/p>\n<p>Los dos tubos piloto son ECC82 Tungsol.<\/p>\n<p>Las v\u00e1lvulas de salida son dos Mullard EL34 nuevas, \u00a1que suenan realmente bien!<\/p>\n<p>Un par de palabras sobre los Transformadores:<\/p>\n<p>Usamos transformadores de entrada y salida hechos especialmente para nosotros, que son muy parecidos a los que us\u00e1bamos hace cincuenta a\u00f1os, grandes y pesados, \u00a1sobredimensionados, perfectos para un verdadero amplificador de v\u00e1lvula de guitarra!<\/p>\n<p>\u00a1Este es el motor del tubo, no comprometemos el alto rendimiento!<\/p>\n<p>Un par de palabras sobre el control de tono:<\/p>\n<p>El cabezal de guitarra de v\u00e1lvula LC4 tiene un control de tono innovador&#8230; \u00a1Alto, bajo y medio no fueron suficientes! Usamos dos secciones independientes del preamplificador y las unimos:<\/p>\n<p>BASS CHANNEL controladores de tono y volumen bajo y medio.<\/p>\n<p>El sonido se centra en el tono bajo y medio, el tono se controla simplemente pero de una manera muy efectiva puedes controlar un golpe clamoroso y una definici\u00f3n de Jazz.<\/p>\n<p>HIGH CHANNEL tiene una ecualizaci\u00f3n predeterminada y es posible controlar el volumen.<\/p>\n<p>El sonido claro y mordaz que falta en el primer canal se enfatiza con el control de volumen de un sonido, no con un simple tono\u2026<\/p>\n<p>Esa es la clave:<\/p>\n<p>Dos sonidos opuestos que se pueden mezclar, como desees. Tienes una combinaci\u00f3n de sonido casi infinita\u2026 Es lo mismo que tener dos amplificadores y mezclar el sonido que hacen\u2026 \u00a1\u00a1puedes probarlo!!<\/p>\n<p>Un volumen maestro que controla el sonido de los dos canales, la saturaci\u00f3n de las v\u00e1lvulas del amplificador y el volumen.<\/p>\n<p>Adem\u00e1s diversifica la combinaci\u00f3n de los dos canales y permite controlar la saturaci\u00f3n de las v\u00e1lvulas del preamplificador.<\/p>\n<p>En el panel trasero hay un interruptor que aumenta la potencia de 60 W a 25 W y reduce a la mitad la tensi\u00f3n de las v\u00e1lvulas del amplificador. La din\u00e1mica y la saturaci\u00f3n de los tubos es m\u00e1s r\u00e1pida y el compresor es m\u00e1s alto.<\/p>\n<p>El controlador de impedancia tiene dos posiciones y dos salidas XLR que permiten la conexi\u00f3n de uno o m\u00e1s altavoces con una impedancia total de 4-8-16 Ohm.<\/p>\n<p>Tom\u00f3 meses desarrollar este circuito y obtener su m\u00e1xima expresi\u00f3n\u2026. no hay necesidad de un bucle fx para muchos pedales:<\/p>\n<p>el sonido de cada m\u00fasico y sus pedales pasa por la entrada principal, llamada \u201cINPUT\u201d, 0 db o 10 db para se\u00f1al potente. \u00a1El amplificador hace el resto!<\/p>\n<p>Descripci\u00f3n t\u00e9cnica:<\/p>\n<p>Amplificador de v\u00e1lvulas con 1 entrada de guitarra que controla dos canales mezclables<\/p>\n<p>Controlador LOW CH: bajo, medio, volumen<\/p>\n<p>Controlador HIGH CH: volumen<\/p>\n<p>Volumen general<\/p>\n<p>Reverberaci\u00f3n de volumen<\/p>\n<p>Interruptor de tres posiciones para cambiar la impedancia 4-8-16 Ohm<\/p>\n<p>Interruptor que reduce a la mitad la corriente del \u00e1nodo de los tubos de 80W a 25W<\/p>\n<p>Preamplificador y amplificador con v\u00e1lvula clase A-B<\/p>\n<p>Potencia de salida 25W \/ 80W<\/p>\n<p>Amplificador de v\u00e1lvulas:<\/p>\n<p>\u2013 Salidas: 2x EL34<\/p>\n<p>\u2013 Piloto: 2x ECC82<\/p>\n<p>Preamplificador de v\u00e1lvulas:<\/p>\n<p>\u2013 Entradas: 1x EF86<\/p>\n<p>\u2013 Salidas: 1x ECC82<\/p>\n<p>\u2013 Reverberaci\u00f3n: 1xECC83 1x ECL82<\/p>\n<p>Alimentaci\u00f3n 110\/220-240 V 50 Hz<\/p>\n<p>Producto fabricado en madera recubierta de cuero negro artificial.<\/p>\n<p>1 mango de cuero<\/p>\n<p>Pies de goma de apoyo<\/p>\n<p>Fusible 2A<\/p>\n<p>Dimensiones cm [An. x Pr. x Al.] 55x29x35<\/p>\n<p>Peso kg 20,5<\/p>\n","protected":false},"excerpt":{"rendered":"<p>El cabezal de guitarra Lombardi LC4 es un amplificador de guitarra profesional a v\u00e1lvulas con clase A-B, dise\u00f1ado y construido en Italia por Lombardi Amplification con componentes de primera elecci\u00f3n. El producto est\u00e1 hecho de madera contrachapada de \u00e1lamo que lo hace muy ligero.<\/p>\n<p>Gracias a a\u00f1os de estudio e investigaci\u00f3n en la historia de Lombardi Amplificazioni fue posible crear el Lombardi LC4 HEAD, un circuito h\u00edbrido revolucionario que se perfeccion\u00f3 despu\u00e9s de 24 meses de prueba\u2026<\/p>\n<p>Si bien permanece en la lista superior de los amplificadores punto a punto hechos a mano que est\u00e1n fabricados con componentes de alta calidad, \u00a1este cabezal es algo completamente nuevo! Preamplificador preciso con un tono \u00fanico y flexible, que con solo 5 controladores tiene un repertorio de sonido infinito\u2026 \u00bfC\u00f3mo es eso posible? \u00a1Ponemos 2 preamplificadores de v\u00e1lvula diferentes juntos!<\/p>\n<p>\u00a1Un amplificador realmente bueno y potente! \u00a180W de din\u00e1mica!<\/p>\n<p>\u00a1Hay muchas otras caracter\u00edsticas que hacen de este amplificador un nuevo sue\u00f1o! Aqui est\u00e1 el nuevo LOMBARDI LC4 GUITAR HEAD\u2026<\/p>\n","protected":false},"featured_media":10392,"template":"","meta":{"_acf_changed":false},"product_brand":[],"product_cat":[247,245],"product_tag":[],"class_list":{"0":"post-10598","1":"product","2":"type-product","3":"status-publish","4":"has-post-thumbnail","6":"product_cat-amplificadores-de-guitarra","7":"product_cat-amplificadores-de-instrumentos","9":"first","10":"instock","11":"sale","12":"taxable","13":"shipping-taxable","14":"purchasable","15":"product-type-simple"},"acf":[],"_links":{"self":[{"href":"https:\/\/www.amplificazionilombardi.it\/es\/wp-json\/wp\/v2\/product\/10598","targetHints":{"allow":["GET"]}}],"collection":[{"href":"https:\/\/www.amplificazionilombardi.it\/es\/wp-json\/wp\/v2\/product"}],"about":[{"href":"https:\/\/www.amplificazionilombardi.it\/es\/wp-json\/wp\/v2\/types\/product"}],"wp:featuredmedia":[{"embeddable":true,"href":"https:\/\/www.amplificazionilombardi.it\/es\/wp-json\/wp\/v2\/media\/10392"}],"wp:attachment":[{"href":"https:\/\/www.amplificazionilombardi.it\/es\/wp-json\/wp\/v2\/media?parent=10598"}],"wp:term":[{"taxonomy":"product_brand","embeddable":true,"href":"https:\/\/www.amplificazionilombardi.it\/es\/wp-json\/wp\/v2\/product_brand?post=10598"},{"taxonomy":"product_cat","embeddable":true,"href":"https:\/\/www.amplificazionilombardi.it\/es\/wp-json\/wp\/v2\/product_cat?post=10598"},{"taxonomy":"product_tag","embeddable":true,"href":"https:\/\/www.amplificazionilombardi.it\/es\/wp-json\/wp\/v2\/product_tag?post=10598"}],"curies":[{"name":"wp","href":"https:\/\/api.w.org\/{rel}","templated":true}]}}