{"id":10603,"date":"2017-06-14T00:00:00","date_gmt":"2023-05-24T15:30:53","guid":{"rendered":"http:\/\/www.amplificazionilombardi.it\/?post_type=product&#038;p=10603"},"modified":"2023-05-24T17:30:53","modified_gmt":"2023-05-24T15:30:53","slug":"crossover-lcst6","status":"publish","type":"product","link":"https:\/\/www.amplificazionilombardi.it\/es\/shop\/crossover-lcst6\/","title":{"rendered":"CROSSOVER LCST6"},"content":{"rendered":"<pre class=\"western\" lang=\"es-ES\"><span style=\"color: #202124;\"><span style=\"font-family: Times New Roman, serif;\"><span style=\"font-size: medium;\">La regulaci\u00f3n de los rangos de frecuencia se puede seleccionar mediante dip switch, el volumen de cada rango de frecuencia se puede controlar gracias al divisor de audio de menos infinito a +3 dB, el modo de funcionamiento mono de 4 v\u00edas o est\u00e9reo de 3 v\u00edas, la divisi\u00f3n en sub -frecuencias bajas, bajas, altas y medias con un ancho de banda de 20 Hz a 20 KHz y la entrada de canales paralelos o filtros adicionales. Todos estos controladores est\u00e1n en el panel frontal.<\/span><\/span><\/span>\r\n\r\n<a name=\"tw-target-text2\"><\/a><span style=\"color: #202124;\"><span style=\"font-family: Times New Roman, serif;\"><span style=\"font-size: medium;\"><span lang=\"es-ES\">Los controladores de volumen de entrada\/salida y de umbral de compresi\u00f3n del limitador \u00f3ptico de audio est\u00e1n dentro del producto, para evitar cualquier alteraci\u00f3n de la calibraci\u00f3n. La entrada del limitador es opcional y est\u00e1 controlada por el interruptor en el panel frontal.<\/span><\/span><\/span><\/span>\r\n\r\n<a name=\"tw-target-text3\"><\/a><span style=\"color: #202124;\"><span style=\"font-family: Times New Roman, serif;\"><span style=\"font-size: medium;\"><span lang=\"es-ES\">Hay dos versiones diferentes del crossover. El LCST6 2lim cuenta con un limitador optoaislador est\u00e9reo, que hace que el crossover sea vers\u00e1til, con una limitaci\u00f3n suave, perfecto para la protecci\u00f3n de los sistemas y para los l\u00edmites legales en lugares p\u00fablicos. El LCST6 6lim tiene un limitador optoaislador est\u00e9reo por v\u00eda, por lo que la limitaci\u00f3n es eficiente y dividida para cada tono.<\/span><\/span><\/span><\/span>\r\n<span style=\"color: #202124;\"><span style=\"font-family: Times New Roman, serif;\"><span style=\"font-size: medium;\"><span lang=\"es-ES\">Versatilidad, practicidad, calidad, eficiencia.<\/span><\/span><\/span><\/span>\r\n\r\n<span style=\"color: #202124;\"><span style=\"font-family: Times New Roman, serif;\"><span style=\"font-size: medium;\"><span lang=\"es-ES\">LCST6                                   4 vias MONO                                      3 vias est\u00e9reo<\/span><\/span><\/span><\/span>\r\n<span style=\"color: #202124;\"><span style=\"font-family: Times New Roman, serif;\"><span style=\"font-size: medium;\"><span lang=\"es-ES\">Ocupa                                    1 unidad rack                                       1 unidad rack<\/span><\/span><\/span><\/span>\r\n<span style=\"color: #202124;\"><span style=\"font-family: Times New Roman, serif;\"><span style=\"font-size: medium;\"><span lang=\"es-ES\">Frecuencia cruzada                Ajustable con interruptor Dip             Ajustable con interruptor Dip <\/span><\/span><\/span><\/span>\r\n\r\n<a name=\"__DdeLink__95_499691996\"><\/a><span style=\"color: #202124;\"><span style=\"font-family: Times New Roman, serif;\"><span style=\"font-size: medium;\"><span lang=\"es-ES\">Frecuencia de intervencion    Alta, media y baja 145-1100 Hz         Alta, media y baja 145-1100 Hz<\/span><\/span><\/span><\/span>\r\n\r\n\r\n\r\n\r\n\r\n\r\n<\/pre>\n","protected":false},"excerpt":{"rendered":"<pre class=\"western\" lang=\"es-ES\"><span style=\"color: #202124;\"><span style=\"font-family: Times New Roman, serif;\"><span style=\"font-size: medium;\">El LCST6 es un crossover activo anal\u00f3gico est\u00e9reo, realizado con componentes de bajo ruido cuidadosamente seleccionados y ensamblados a mano. Esto hace que el compresor sea preciso y claro en todo el espectro de frecuencias, dos cualidades que son fundamentales para procesar perfectamente la se\u00f1al en un sistema multiv\u00eda.<\/span><\/span><\/span>\r\n<\/pre>\n","protected":false},"featured_media":10344,"template":"","meta":{"_acf_changed":false},"product_brand":[],"product_cat":[252],"product_tag":[],"class_list":{"0":"post-10603","1":"product","2":"type-product","3":"status-publish","4":"has-post-thumbnail","6":"product_cat-crossover-es","8":"first","9":"instock","10":"taxable","11":"shipping-taxable","12":"purchasable","13":"product-type-simple"},"acf":[],"_links":{"self":[{"href":"https:\/\/www.amplificazionilombardi.it\/es\/wp-json\/wp\/v2\/product\/10603","targetHints":{"allow":["GET"]}}],"collection":[{"href":"https:\/\/www.amplificazionilombardi.it\/es\/wp-json\/wp\/v2\/product"}],"about":[{"href":"https:\/\/www.amplificazionilombardi.it\/es\/wp-json\/wp\/v2\/types\/product"}],"wp:featuredmedia":[{"embeddable":true,"href":"https:\/\/www.amplificazionilombardi.it\/es\/wp-json\/wp\/v2\/media\/10344"}],"wp:attachment":[{"href":"https:\/\/www.amplificazionilombardi.it\/es\/wp-json\/wp\/v2\/media?parent=10603"}],"wp:term":[{"taxonomy":"product_brand","embeddable":true,"href":"https:\/\/www.amplificazionilombardi.it\/es\/wp-json\/wp\/v2\/product_brand?post=10603"},{"taxonomy":"product_cat","embeddable":true,"href":"https:\/\/www.amplificazionilombardi.it\/es\/wp-json\/wp\/v2\/product_cat?post=10603"},{"taxonomy":"product_tag","embeddable":true,"href":"https:\/\/www.amplificazionilombardi.it\/es\/wp-json\/wp\/v2\/product_tag?post=10603"}],"curies":[{"name":"wp","href":"https:\/\/api.w.org\/{rel}","templated":true}]}}