{"id":10605,"date":"2021-08-03T17:07:08","date_gmt":"2023-05-25T08:01:17","guid":{"rendered":"http:\/\/www.amplificazionilombardi.it\/?post_type=product&#038;p=10605"},"modified":"2023-05-25T10:01:17","modified_gmt":"2023-05-25T08:01:17","slug":"mezclador-lm2st-amplificador-analogico-2-canales-estereo","status":"publish","type":"product","link":"https:\/\/www.amplificazionilombardi.it\/es\/shop\/mezclador-lm2st-amplificador-analogico-2-canales-estereo\/","title":{"rendered":"MEZCLADOR LM2ST AMPLIFICADOR ANAL\u00d3GICO 2 CANALES EST\u00c9REO"},"content":{"rendered":"","protected":false},"excerpt":{"rendered":"<p>El mezclador anal\u00f3gico LOMBARDI mod. LM2ST AMPLIFICADO, la \u00faltima incorporaci\u00f3n de la empresa Lombardi, adopta calidad y prestaciones que lo hacen apto para todas las situaciones donde se requiere versatilidad de uso y definici\u00f3n de audio.<\/p>\n<p>El mezclador anal\u00f3gico tiene 2 canales amplificados independientes.<\/p>\n<p>El primero es un canal de micr\u00f3fono con un solo ajuste de volumen.<\/p>\n<p>El segundo canal es Est\u00e9reo con control sobre 3 bandas de ecualizaci\u00f3n con frecuencias optimizadas para el mejor ajuste, permite la entrada de 5 perif\u00e9ricos incluyendo Phono \u2013 Line y Bluetooth.<\/p>\n","protected":false},"featured_media":10370,"template":"","meta":{"_acf_changed":false},"product_brand":[],"product_cat":[256,260],"product_tag":[],"class_list":{"0":"post-10605","1":"product","2":"type-product","3":"status-publish","4":"has-post-thumbnail","6":"product_cat-mixer-es","7":"product_cat-sistemas-de-hi-fi","9":"first","10":"instock","11":"sale","12":"taxable","13":"shipping-taxable","14":"purchasable","15":"product-type-simple"},"acf":[],"_links":{"self":[{"href":"https:\/\/www.amplificazionilombardi.it\/es\/wp-json\/wp\/v2\/product\/10605","targetHints":{"allow":["GET"]}}],"collection":[{"href":"https:\/\/www.amplificazionilombardi.it\/es\/wp-json\/wp\/v2\/product"}],"about":[{"href":"https:\/\/www.amplificazionilombardi.it\/es\/wp-json\/wp\/v2\/types\/product"}],"wp:featuredmedia":[{"embeddable":true,"href":"https:\/\/www.amplificazionilombardi.it\/es\/wp-json\/wp\/v2\/media\/10370"}],"wp:attachment":[{"href":"https:\/\/www.amplificazionilombardi.it\/es\/wp-json\/wp\/v2\/media?parent=10605"}],"wp:term":[{"taxonomy":"product_brand","embeddable":true,"href":"https:\/\/www.amplificazionilombardi.it\/es\/wp-json\/wp\/v2\/product_brand?post=10605"},{"taxonomy":"product_cat","embeddable":true,"href":"https:\/\/www.amplificazionilombardi.it\/es\/wp-json\/wp\/v2\/product_cat?post=10605"},{"taxonomy":"product_tag","embeddable":true,"href":"https:\/\/www.amplificazionilombardi.it\/es\/wp-json\/wp\/v2\/product_tag?post=10605"}],"curies":[{"name":"wp","href":"https:\/\/api.w.org\/{rel}","templated":true}]}}