{"id":10612,"date":"2019-02-28T16:05:11","date_gmt":"2023-05-25T09:28:54","guid":{"rendered":"http:\/\/www.amplificazionilombardi.it\/?post_type=product&#038;p=10612"},"modified":"2023-05-25T11:28:54","modified_gmt":"2023-05-25T09:28:54","slug":"preamplificador-hi-fi-de-tubo-lpvst","status":"publish","type":"product","link":"https:\/\/www.amplificazionilombardi.it\/es\/shop\/preamplificador-hi-fi-de-tubo-lpvst\/","title":{"rendered":"PREAMPLIFICADOR HI-FI DE TUBO LPVST"},"content":{"rendered":"<pre class=\"western\" lang=\"es-ES\"><span style=\"color: #202124;\"><span style=\"font-family: Times New Roman, serif;\"><span style=\"font-size: medium;\">Lombardi Amplificazioni cuenta con d\u00e9cadas de experiencia en amplificaci\u00f3n de sonido mediante v\u00e1lvulas termoi\u00f3nicas.<\/span><\/span><\/span>\r\n<span style=\"color: #202124;\"><span style=\"font-family: Times New Roman, serif;\"><span style=\"font-size: medium;\"><span lang=\"es-ES\">La continua demanda del mercado de preamplificadores de v\u00e1lvulas de alta calidad es la base de este proyecto.<\/span><\/span><\/span><\/span>\r\n<span style=\"color: #202124;\"><span style=\"font-family: Times New Roman, serif;\"><span style=\"font-size: medium;\"><span lang=\"es-ES\">La principal dificultad era la de interconectar la etapa de preamplificador de v\u00e1lvulas con una impedancia de salida baja a una etapa de amplificador externo tanto con v\u00e1lvulas como sobre todo con transistores que tiene una impedancia de entrada igualmente baja.<\/span><\/span><\/span><\/span>\r\n<span style=\"color: #202124;\"><span style=\"font-family: Times New Roman, serif;\"><span style=\"font-size: medium;\"><span lang=\"es-ES\">Esta configuraci\u00f3n da como resultado la p\u00e9rdida de se\u00f1al y cambia radicalmente la respuesta del sonido de forma negativa.<\/span><\/span><\/span><\/span>\r\n<span style=\"color: #202124;\"><span style=\"font-family: Times New Roman, serif;\"><span style=\"font-size: medium;\"><span lang=\"es-ES\">Para superar este problema, se ha desarrollado una etapa de adaptaci\u00f3n de impedancia de v\u00e1lvula que act\u00faa como separador y adaptador de impedancia, lo que mantiene las caracter\u00edsticas del sonido sin cambios con cualquier tipo de amplificador conectado.<\/span><\/span><\/span><\/span>\r\n\r\n<span style=\"color: #202124;\"><span style=\"font-family: Times New Roman, serif;\"><span style=\"font-size: medium;\"><span lang=\"es-ES\">Para obtener una alta impedancia de salida de la etapa del adaptador, se decidi\u00f3 utilizar los dos triodos contenidos en una v\u00e1lvula tipo ECC82 en configuraci\u00f3n CASCODE donde el accionamiento de salida se obtiene controlando la tensi\u00f3n del \u00e1nodo del segundo triodo a trav\u00e9s del c\u00e1todo del primer triodo. por cambio de fase pilotando las redes.<\/span><\/span><\/span><\/span>\r\n<span style=\"color: #202124;\"><span style=\"font-family: Times New Roman, serif;\"><span style=\"font-size: medium;\"><span lang=\"es-ES\">De esta manera la impedancia de salida es alta y la se\u00f1al se duplica manteniendo las caracter\u00edsticas del sonido sin cambios.<\/span><\/span><\/span><\/span>\r\n<span style=\"color: #202124;\"><span style=\"font-family: Times New Roman, serif;\"><span style=\"font-size: medium;\"><span lang=\"es-ES\">La se\u00f1al as\u00ed obtenida tiene las caracter\u00edsticas \u00f3ptimas para excitar una etapa de entrada de cualquier tipo.<\/span><\/span><\/span><\/span>\r\n<span style=\"color: #202124;\"><span style=\"font-family: Times New Roman, serif;\"><span style=\"font-size: medium;\"><span lang=\"es-ES\">La respuesta de frecuencia proporcionada por un preamplificador de v\u00e1lvulas es muy alta y rica en arm\u00f3nicos, lo que lo hace ideal para manejar amplificadores de nueva generaci\u00f3n (clase DGH, etc.) que tienen respuestas de frecuencia reducidas debido a su configuraci\u00f3n, restaurando una calidez natural al sonido reproducido.<\/span><\/span><\/span><\/span>\r\n<\/pre>\n","protected":false},"excerpt":{"rendered":"<pre class=\"western\" lang=\"es-ES\"><span style=\"color: #202124;\"><span style=\"font-family: Times New Roman, serif;\"><span style=\"font-size: medium;\">R\u00e9plica del hist\u00f3rico circuito que hizo famosa a Lombardi Amplifications en los a\u00f1os 60 en el campo de la Hi-Fi profesional con circuiter\u00eda \u00edntegramente a v\u00e1lvulas.<\/span><\/span><\/span>\r\n<span style=\"color: #202124;\"><span style=\"font-family: Times New Roman, serif;\"><span style=\"font-size: medium;\"><span lang=\"es-ES\">La caracter\u00edstica de un sonido suave rico en arm\u00f3nicos, con bajos generosos y precisos y un rango medio-alto con un sonido aterciopelado que nunca cansa incluso con escuchas prolongadas.<\/span><\/span><\/span><\/span>\r\n\r\n<a name=\"tw-target-text1\"><\/a><span style=\"color: #202124;\"><span style=\"font-family: Times New Roman, serif;\"><span style=\"font-size: medium;\"><span lang=\"es-ES\">M\u00e1quina totalmente valvular muy vers\u00e1til para ser integrada en cualquier tipo de sistema Hi-Fi:<\/span><\/span><\/span><\/span>\r\n\r\n<span style=\"color: #202124;\"><span style=\"font-family: Times New Roman, serif;\"><span style=\"font-size: medium;\"><span lang=\"es-ES\">5 entradas: dos de las cuales son entradas de l\u00ednea para reproductores de CD, DVD y otros, dos entradas auxiliares para se\u00f1ales de computadoras, tel\u00e9fonos o tabletas y una RIAA (phono) completamente de v\u00e1lvulas para el tocadiscos.<\/span><\/span><\/span><\/span>\r\n<span style=\"color: #202124;\"><span style=\"font-family: Times New Roman, serif;\"><span style=\"font-size: medium;\"><span lang=\"es-ES\">3 salidas: dos de l\u00ednea est\u00e9reo separadas y una de grabaci\u00f3n para controlar incluso un sistema de escucha complejo.<\/span><\/span><\/span><\/span>\r\n\r\n<span style=\"color: #202124;\"><span style=\"font-family: Times New Roman, serif;\"><span style=\"font-size: medium;\"><span lang=\"es-ES\">Circuito Punto a Punto cableado en el aire: el resultado es un excelente silencio y una mejor refrigeraci\u00f3n de los componentes, lo que se traduce en durabilidad y fiabilidad prolongada, especialmente si est\u00e1 encendido durante muchas horas.<\/span><\/span><\/span><\/span>\r\n<span style=\"color: #202124;\"><span style=\"font-family: Times New Roman, serif;\"><span style=\"font-size: medium;\"><span lang=\"es-ES\">Uso de componentes de alta calidad, relaci\u00f3n se\u00f1al\/ruido \u00f3ptima y linealidad en todo el espectro de frecuencias.<\/span><\/span><\/span><\/span>\r\n<\/pre>\n","protected":false},"featured_media":10359,"template":"","meta":{"_acf_changed":false},"product_brand":[],"product_cat":[258,260],"product_tag":[],"class_list":{"0":"post-10612","1":"product","2":"type-product","3":"status-publish","4":"has-post-thumbnail","6":"product_cat-preamplificador-de-tubo-de-alta-fidelidad","7":"product_cat-sistemas-de-hi-fi","9":"first","10":"instock","11":"sale","12":"taxable","13":"shipping-taxable","14":"purchasable","15":"product-type-variable"},"acf":[],"_links":{"self":[{"href":"https:\/\/www.amplificazionilombardi.it\/es\/wp-json\/wp\/v2\/product\/10612","targetHints":{"allow":["GET"]}}],"collection":[{"href":"https:\/\/www.amplificazionilombardi.it\/es\/wp-json\/wp\/v2\/product"}],"about":[{"href":"https:\/\/www.amplificazionilombardi.it\/es\/wp-json\/wp\/v2\/types\/product"}],"wp:featuredmedia":[{"embeddable":true,"href":"https:\/\/www.amplificazionilombardi.it\/es\/wp-json\/wp\/v2\/media\/10359"}],"wp:attachment":[{"href":"https:\/\/www.amplificazionilombardi.it\/es\/wp-json\/wp\/v2\/media?parent=10612"}],"wp:term":[{"taxonomy":"product_brand","embeddable":true,"href":"https:\/\/www.amplificazionilombardi.it\/es\/wp-json\/wp\/v2\/product_brand?post=10612"},{"taxonomy":"product_cat","embeddable":true,"href":"https:\/\/www.amplificazionilombardi.it\/es\/wp-json\/wp\/v2\/product_cat?post=10612"},{"taxonomy":"product_tag","embeddable":true,"href":"https:\/\/www.amplificazionilombardi.it\/es\/wp-json\/wp\/v2\/product_tag?post=10612"}],"curies":[{"name":"wp","href":"https:\/\/api.w.org\/{rel}","templated":true}]}}