{"id":10619,"date":"2019-08-22T10:39:25","date_gmt":"2019-08-22T08:39:25","guid":{"rendered":"http:\/\/www.amplificazionilombardi.it\/?post_type=product&#038;p=10619"},"modified":"2026-04-12T20:16:41","modified_gmt":"2026-04-12T18:16:41","slug":"ls2500p-subwoofer-pasivo-3100-w-rms","status":"publish","type":"product","link":"https:\/\/www.amplificazionilombardi.it\/es\/shop\/ls2500p-subwoofer-pasivo-3100-w-rms\/","title":{"rendered":"LS2500P &#8211; SUBWOOFER PASIVO 3100 W RMS"},"content":{"rendered":"<p data-start=\"1286\" data-end=\"1446\">El <strong data-start=\"1289\" data-end=\"1300\">LS2500P<\/strong> representa la versi\u00f3n m\u00e1s compacta y manejable de la serie de subwoofers a tromba Lombardi, manteniendo el mismo ADN del modelo superior LS5000P.<\/p>\n<p data-start=\"1448\" data-end=\"1664\">A diferencia de los subwoofers bass reflex tradicionales, el LS2500P est\u00e1 dise\u00f1ado para ofrecer <strong data-start=\"1544\" data-end=\"1610\">mayor eficiencia, mayor alcance y una respuesta m\u00e1s controlada<\/strong>, con un recinto optimizado para el uso real en campo.<\/p>\n<p data-start=\"1666\" data-end=\"1714\">El sistema <strong data-start=\"1677\" data-end=\"1697\">cargado a tromba<\/strong> permite obtener:<\/p>\n<ul data-start=\"1716\" data-end=\"1870\">\n<li data-section-id=\"1eu376m\" data-start=\"1716\" data-end=\"1739\">alta presi\u00f3n sonora<\/li>\n<li data-section-id=\"1b2gjdk\" data-start=\"1740\" data-end=\"1758\">gran precisi\u00f3n<\/li>\n<li data-section-id=\"ilmijp\" data-start=\"1759\" data-end=\"1779\">respuesta r\u00e1pida<\/li>\n<li data-section-id=\"1hlm4uu\" data-start=\"1780\" data-end=\"1822\">excelente proyecci\u00f3n a larga distancia<\/li>\n<li data-section-id=\"r9cci7\" data-start=\"1823\" data-end=\"1870\">mayor eficiencia respecto a sistemas reflex<\/li>\n<\/ul>\n<hr data-start=\"1872\" data-end=\"1875\" \/>\n<h5 data-section-id=\"bac956\" data-start=\"1877\" data-end=\"1909\">Tecnolog\u00eda de tromba Lombardi<\/h5>\n<p data-start=\"1911\" data-end=\"2019\">La serie LS a tromba nace de un estudio detallado del dise\u00f1o ac\u00fastico y de la geometr\u00eda interna del recinto.<\/p>\n<p data-start=\"2021\" data-end=\"2039\">El LS2500P ofrece:<\/p>\n<ul data-start=\"2041\" data-end=\"2137\">\n<li data-section-id=\"1ivjj4d\" data-start=\"2041\" data-end=\"2072\">mayor eficiencia energ\u00e9tica<\/li>\n<li data-section-id=\"hqzg24\" data-start=\"2073\" data-end=\"2105\">mejor distribuci\u00f3n del grave<\/li>\n<li data-section-id=\"1g8e9kj\" data-start=\"2106\" data-end=\"2137\">mayor claridad y definici\u00f3n<\/li>\n<\/ul>\n<p data-start=\"2139\" data-end=\"2261\">El resultado es un subwoofer con un <strong data-start=\"2175\" data-end=\"2215\">sonido c\u00e1lido, profundo y controlado<\/strong>, ideal para sistemas profesionales compactos.<\/p>\n<hr data-start=\"2263\" data-end=\"2266\" \/>\n<h5 data-section-id=\"fnhdyp\" data-start=\"2268\" data-end=\"2299\">Potencia real y prestaciones<\/h5>\n<p data-start=\"2301\" data-end=\"2330\">El LS2500P est\u00e1 equipado con:<\/p>\n<p data-start=\"2332\" data-end=\"2427\">\u2022 <strong data-start=\"2334\" data-end=\"2366\">1 woofer de 15&#8243; con neodimio<\/strong><br data-start=\"2366\" data-end=\"2369\" \/>\u2022 bobina <strong data-start=\"2378\" data-end=\"2427\">116 mm (4.5&#8243;) split winding copper voice coil<\/strong><\/p>\n<p data-start=\"2429\" data-end=\"2446\">Capaz de manejar:<\/p>\n<p data-start=\"2448\" data-end=\"2464\">\u2022 <strong data-start=\"2450\" data-end=\"2464\">3100 W RMS<\/strong><\/p>\n<p data-start=\"2466\" data-end=\"2481\">Esto garantiza:<\/p>\n<ul data-start=\"2483\" data-end=\"2558\">\n<li data-section-id=\"1p2a4tw\" data-start=\"2483\" data-end=\"2500\">alta din\u00e1mica<\/li>\n<li data-section-id=\"uc73o3\" data-start=\"2501\" data-end=\"2520\">gran fiabilidad<\/li>\n<li data-section-id=\"1r27y6r\" data-start=\"2521\" data-end=\"2558\">funcionamiento estable bajo carga<\/li>\n<\/ul>\n<hr data-start=\"2560\" data-end=\"2563\" \/>\n<h5 data-section-id=\"1my0lvp\" data-start=\"2565\" data-end=\"2596\">Precisi\u00f3n y elecci\u00f3n del 15&#8243;<\/h5>\n<p data-start=\"2598\" data-end=\"2699\">Al igual que en el LS5000P, la elecci\u00f3n de un <strong data-start=\"2644\" data-end=\"2683\">woofer de 15&#8243; en lugar de 18&#8243; o 21&#8243;<\/strong> es fundamental.<\/p>\n<p data-start=\"2701\" data-end=\"2714\">Esto permite:<\/p>\n<ul data-start=\"2716\" data-end=\"2839\">\n<li data-section-id=\"1ykz2ag\" data-start=\"2716\" data-end=\"2748\">mayor velocidad de respuesta<\/li>\n<li data-section-id=\"1f54f45\" data-start=\"2749\" data-end=\"2779\">mejor precisi\u00f3n del ataque<\/li>\n<li data-section-id=\"7aatuc\" data-start=\"2780\" data-end=\"2810\">mayor definici\u00f3n del grave<\/li>\n<li data-section-id=\"1iw2xg6\" data-start=\"2811\" data-end=\"2839\">respuesta m\u00e1s controlada<\/li>\n<\/ul>\n<p data-start=\"2841\" data-end=\"2923\">El resultado es un subwoofer compacto con <strong data-start=\"2883\" data-end=\"2922\">gran precisi\u00f3n musical y definici\u00f3n<\/strong>.<\/p>\n<hr data-start=\"2925\" data-end=\"2928\" \/>\n<h5 data-section-id=\"14ql77m\" data-start=\"2930\" data-end=\"2970\">Sistema ligero y f\u00e1cil de transportar<\/h5>\n<p data-start=\"2972\" data-end=\"3084\">Uno de los principales puntos fuertes del LS2500P es su <strong data-start=\"3028\" data-end=\"3055\">facilidad de transporte<\/strong>, a pesar de sus dimensiones.<\/p>\n<p data-start=\"3086\" data-end=\"3154\">El sistema puede ser gestionado por <strong data-start=\"3122\" data-end=\"3142\">una sola persona<\/strong>, gracias a:<\/p>\n<p data-start=\"3156\" data-end=\"3255\">\u2022 <strong data-start=\"3158\" data-end=\"3183\">ruedas anti vibraci\u00f3n<\/strong><br data-start=\"3183\" data-end=\"3186\" \/>\u2022 dise\u00f1o equilibrado del recinto<br data-start=\"3218\" data-end=\"3221\" \/>\u2022 facilidad de manejo individual<\/p>\n<p data-start=\"3257\" data-end=\"3295\">Adem\u00e1s, en la parte trasera incorpora:<\/p>\n<p data-start=\"3297\" data-end=\"3330\">\u2022 <strong data-start=\"3299\" data-end=\"3330\">gu\u00edas deslizantes de tefl\u00f3n<\/strong><\/p>\n<p data-start=\"3332\" data-end=\"3439\">que permiten cargar el subwoofer en el cami\u00f3n de forma sencilla, facilitando las operaciones de transporte.<\/p>\n<hr data-start=\"3441\" data-end=\"3444\" \/>\n<h5 data-section-id=\"o58wtg\" data-start=\"3446\" data-end=\"3482\">Construcci\u00f3n del recinto Lombardi<\/h5>\n<p data-start=\"3484\" data-end=\"3566\">El recinto del LS2500P est\u00e1 construido con <strong data-start=\"3527\" data-end=\"3565\">tres tipos de madera seleccionados<\/strong>:<\/p>\n<p data-start=\"3568\" data-end=\"3772\">\u2022 <strong data-start=\"3570\" data-end=\"3596\">contrachapado de \u00e1lamo<\/strong> para la estructura externa (ligereza y sonido c\u00e1lido)<br data-start=\"3650\" data-end=\"3653\" \/>\u2022 <strong data-start=\"3655\" data-end=\"3665\">abedul<\/strong> para los refuerzos internos (resistencia)<br data-start=\"3707\" data-end=\"3710\" \/>\u2022 <strong data-start=\"3712\" data-end=\"3721\">abeto<\/strong> para el panel frontal (mejor respuesta ac\u00fastica)<\/p>\n<p data-start=\"3774\" data-end=\"3838\">Esta soluci\u00f3n garantiza <strong data-start=\"3798\" data-end=\"3837\">robustez, ligereza y calidad sonora<\/strong>.<\/p>\n<hr data-start=\"3840\" data-end=\"3843\" \/>\n<h5 data-section-id=\"8y6mjj\" data-start=\"3845\" data-end=\"3876\">Integraci\u00f3n con la serie LVR<\/h5>\n<p data-start=\"3878\" data-end=\"3918\">El LS2500P se integra perfectamente con:<\/p>\n<p data-start=\"3920\" data-end=\"3959\">\u2022 LVR1200BP<br data-start=\"3931\" data-end=\"3934\" \/>\u2022 LVR600BP<br data-start=\"3944\" data-end=\"3947\" \/>\u2022 LVR400HP<\/p>\n<p data-start=\"3961\" data-end=\"4011\">permitiendo crear sistemas completos y eficientes.<\/p>\n<hr data-start=\"4013\" data-end=\"4016\" \/>\n<h5 data-section-id=\"tqeap6\" data-start=\"4018\" data-end=\"4047\">Integraci\u00f3n con la gama LS<\/h5>\n<p data-start=\"4049\" data-end=\"4064\">Compatible con:<\/p>\n<p data-start=\"4066\" data-end=\"4160\">\u2022 LS5000P<br data-start=\"4075\" data-end=\"4078\" \/>\u2022 LS1000P<br data-start=\"4087\" data-end=\"4090\" \/>\u2022 LS700P<br data-start=\"4098\" data-end=\"4101\" \/>\u2022 LS950P<br data-start=\"4109\" data-end=\"4112\" \/>\u2022 LS950AHS<br data-start=\"4122\" data-end=\"4125\" \/>\u2022 LS450P<br data-start=\"4133\" data-end=\"4136\" \/>\u2022 LS450AHS<br data-start=\"4146\" data-end=\"4149\" \/>\u2022 LS450AS<\/p>\n<p data-start=\"4162\" data-end=\"4205\">Ideal para sistemas modulares y escalables.<\/p>\n<hr data-start=\"4207\" data-end=\"4210\" \/>\n<h5 data-section-id=\"1cu1wmz\" data-start=\"4212\" data-end=\"4240\">Amplificaci\u00f3n recomendada<\/h5>\n<p data-start=\"4242\" data-end=\"4321\">Para obtener el m\u00e1ximo rendimiento, el LS2500P est\u00e1 dise\u00f1ado para trabajar con:<\/p>\n<p data-start=\"4323\" data-end=\"4373\">\u2022 <strong data-start=\"4325\" data-end=\"4373\">amplificadores anal\u00f3gicos Lombardi clase A\/B<\/strong><\/p>\n<p data-start=\"4375\" data-end=\"4387\">Recomendado:<\/p>\n<p data-start=\"4389\" data-end=\"4405\">\u2022 <strong data-start=\"4391\" data-end=\"4405\">LAQUAD1200<\/strong><\/p>\n<p data-start=\"4407\" data-end=\"4437\"><strong data-start=\"4407\" data-end=\"4437\">Configuraci\u00f3n recomendada:<\/strong><\/p>\n<p data-start=\"4439\" data-end=\"4507\">\u2022 uso de <strong data-start=\"4448\" data-end=\"4476\">2 canales en modo BRIDGE<\/strong><br data-start=\"4476\" data-end=\"4479\" \/>\u2022 funcionamiento a <strong data-start=\"4498\" data-end=\"4507\">4 Ohm<\/strong><\/p>\n<p data-start=\"4509\" data-end=\"4555\">Esto garantiza control, din\u00e1mica y fiabilidad.<\/p>\n<hr data-start=\"4557\" data-end=\"4560\" \/>\n<h5 data-section-id=\"q121wt\" data-start=\"4562\" data-end=\"4583\">Filosof\u00eda Lombardi<\/h5>\n<p data-start=\"4585\" data-end=\"4624\">El LS2500P sigue la filosof\u00eda Lombardi:<\/p>\n<p data-start=\"4626\" data-end=\"4688\">\ud83d\udc49 <strong data-start=\"4629\" data-end=\"4688\">prestaciones reales por encima del compromiso comercial<\/strong><\/p>\n<p data-start=\"4690\" data-end=\"4701\">Ofreciendo:<\/p>\n<ul data-start=\"4703\" data-end=\"4803\">\n<li data-section-id=\"1371iii\" data-start=\"4703\" data-end=\"4726\">calidad sonora real<\/li>\n<li data-section-id=\"1bc15o0\" data-start=\"4727\" data-end=\"4746\">alta eficiencia<\/li>\n<li data-section-id=\"zz2o3q\" data-start=\"4747\" data-end=\"4775\">construcci\u00f3n profesional<\/li>\n<li data-section-id=\"18gyb6p\" data-start=\"4776\" data-end=\"4803\">fiabilidad en el tiempo<\/li>\n<\/ul>\n","protected":false},"excerpt":{"rendered":"<p data-start=\"259\" data-end=\"551\">El <strong data-start=\"262\" data-end=\"273\">LS2500P<\/strong> es un subwoofer pasivo profesional <strong data-start=\"309\" data-end=\"329\">cargado a tromba<\/strong>, dise\u00f1ado y fabricado \u00edntegramente en Italia por <strong data-start=\"379\" data-end=\"406\">Amplificazioni Lombardi<\/strong> para aplicaciones en directo donde se requieren <strong data-start=\"455\" data-end=\"550\">alta eficiencia, precisi\u00f3n, facilidad de transporte y control real de las bajas frecuencias<\/strong>.<\/p>\n<p data-start=\"553\" data-end=\"780\">El sistema utiliza un <strong data-start=\"575\" data-end=\"613\">woofer de 15&#8243; con im\u00e1n de neodimio<\/strong> con bobina de gran di\u00e1metro (<strong data-start=\"643\" data-end=\"692\">116 mm \/ 4.5&#8243; split winding copper voice coil<\/strong>) y alta capacidad de manejo de potencia, proporcionando aproximadamente <strong data-start=\"765\" data-end=\"779\">3100 W RMS<\/strong>.<\/p>\n<p data-start=\"782\" data-end=\"810\">Caracter\u00edsticas principales:<\/p>\n<p data-start=\"812\" data-end=\"1001\">\u2022 <strong data-start=\"814\" data-end=\"851\">subwoofer pasivo cargado a tromba<\/strong><br data-start=\"851\" data-end=\"854\" \/>\u2022 <strong data-start=\"856\" data-end=\"888\">1 woofer de 15&#8243; con neodimio<\/strong><br data-start=\"888\" data-end=\"891\" \/>\u2022 <strong data-start=\"893\" data-end=\"924\">alta eficiencia y precisi\u00f3n<\/strong><br data-start=\"924\" data-end=\"927\" \/>\u2022 <strong data-start=\"929\" data-end=\"960\">grave profundo y controlado<\/strong><br data-start=\"960\" data-end=\"963\" \/>\u2022 <strong data-start=\"965\" data-end=\"1001\">facilidad de transporte y manejo<\/strong><\/p>\n<p data-start=\"1003\" data-end=\"1240\">El LS2500P est\u00e1 dise\u00f1ado para ofrecer una respuesta en graves <strong data-start=\"1065\" data-end=\"1094\">r\u00e1pida, precisa y musical<\/strong>, con la firma sonora Lombardi: <strong data-start=\"1126\" data-end=\"1174\">sonido c\u00e1lido, definido y con gran presencia<\/strong>, ideal tanto para <strong data-start=\"1193\" data-end=\"1204\">directo<\/strong> como para <strong data-start=\"1215\" data-end=\"1239\">DJ set profesionales<\/strong>.<\/p>\n","protected":false},"featured_media":10385,"template":"","meta":{"_acf_changed":false},"product_brand":[],"product_cat":[259],"product_tag":[],"class_list":{"0":"post-10619","1":"product","2":"type-product","3":"status-publish","4":"has-post-thumbnail","6":"product_cat-subwoofer-es","8":"first","9":"instock","10":"sale","11":"featured","12":"taxable","13":"shipping-taxable","14":"purchasable","15":"product-type-simple"},"acf":[],"_links":{"self":[{"href":"https:\/\/www.amplificazionilombardi.it\/es\/wp-json\/wp\/v2\/product\/10619","targetHints":{"allow":["GET"]}}],"collection":[{"href":"https:\/\/www.amplificazionilombardi.it\/es\/wp-json\/wp\/v2\/product"}],"about":[{"href":"https:\/\/www.amplificazionilombardi.it\/es\/wp-json\/wp\/v2\/types\/product"}],"wp:featuredmedia":[{"embeddable":true,"href":"https:\/\/www.amplificazionilombardi.it\/es\/wp-json\/wp\/v2\/media\/10385"}],"wp:attachment":[{"href":"https:\/\/www.amplificazionilombardi.it\/es\/wp-json\/wp\/v2\/media?parent=10619"}],"wp:term":[{"taxonomy":"product_brand","embeddable":true,"href":"https:\/\/www.amplificazionilombardi.it\/es\/wp-json\/wp\/v2\/product_brand?post=10619"},{"taxonomy":"product_cat","embeddable":true,"href":"https:\/\/www.amplificazionilombardi.it\/es\/wp-json\/wp\/v2\/product_cat?post=10619"},{"taxonomy":"product_tag","embeddable":true,"href":"https:\/\/www.amplificazionilombardi.it\/es\/wp-json\/wp\/v2\/product_tag?post=10619"}],"curies":[{"name":"wp","href":"https:\/\/api.w.org\/{rel}","templated":true}]}}