{"id":10626,"date":"2023-03-13T14:31:51","date_gmt":"2023-05-25T12:18:38","guid":{"rendered":"http:\/\/www.amplificazionilombardi.it\/?post_type=product&#038;p=10626"},"modified":"2023-05-25T14:18:38","modified_gmt":"2023-05-25T12:18:38","slug":"altavoces-acusticos-pasivos-lv100p-lombardi-100-w-rms","status":"publish","type":"product","link":"https:\/\/www.amplificazionilombardi.it\/es\/shop\/altavoces-acusticos-pasivos-lv100p-lombardi-100-w-rms\/","title":{"rendered":"ALTAVOCES AC\u00daSTICOS PASIVOS LV100P LOMBARDI 100 W RMS"},"content":{"rendered":"<p>Los altavoces ac\u00fasticos LV100P Lombardi son un sistema de audio ideal en todas las situaciones en las que la calidad del sonido sea necesaria, adem\u00e1s un producto dise\u00f1ado como una obra de arte no duele.<\/p>\n<p>El altavoz est\u00e1 disponible en 3 colores (Nogal \u2013 Wengu\u00e9 \u2013 Blanco) para poder satisfacer hasta los pedidos m\u00e1s exigentes.<\/p>\n<p>Nuestro consejo es colocar cada altavoz con 5 metros de separaci\u00f3n entre ellos, para que el sonido sea c\u00e1lido, homog\u00e9neo y con la presi\u00f3n sonora perfecta en cada punto de la habitaci\u00f3n.<\/p>\n<p>Solemos ayudar a nuestros clientes a realizar el proyecto ideal basado en el tipo de sonido que est\u00e1n buscando.<\/p>\n<p>Los altavoces son perfectos para pub\/lugares p\u00fablicos o como Hi-Fi para el estudio de grabaci\u00f3n, sistema de sonido envolvente y como cine en casa.<\/p>\n<p>Los amplificadores de la clase AB son ideales para los altavoces y para mantener la calidad del sonido es recomendable usarlos con 100\/120 watt rms sat\u00e9lite en 8 ohm.<\/p>\n<p>Es un altavoz \u00fanico, calidad, est\u00e9tica y durabilidad. Estos son los est\u00e1ndares que han inspirado nuestro trabajo por m\u00e1s de 60 a\u00f1os.<\/p>\n<p>Altavoz ac\u00fastico ideal en combinaci\u00f3n con el sub LS500P, LS100P.<\/p>\n","protected":false},"excerpt":{"rendered":"<p>Los altavoces pasivos LV100P Lombardi son altavoces de 2 v\u00edas fabricados con un sistema bass reflex, son dos altavoces de 5\u2033 y un tweeter de c\u00fapula blanda de 1\u2033 con red de filtro pasivo.<\/p>\n<p>Los LV100P Lombardi son altavoces ac\u00fasticos compactos de gran calidad y con una buena potencia para sus dimensiones, nuestro consejo es utilizarlos con un amplificador de 100W RMS en 8 Ohm.<\/p>\n<p>El producto es una verdadera obra maestra, realizado con madera de abedul est\u00e1 disponible en 3 colores (Nogal \u2013 Wengu\u00e9 \u2013 Blanco) con revestimiento de poro abierto.<\/p>\n","protected":false},"featured_media":10378,"template":"","meta":{"_acf_changed":false},"product_brand":[],"product_cat":[253,260],"product_tag":[],"class_list":{"0":"post-10626","1":"product","2":"type-product","3":"status-publish","4":"has-post-thumbnail","6":"product_cat-altavoces-acusticos","7":"product_cat-sistemas-de-hi-fi","9":"first","10":"instock","11":"sale","12":"taxable","13":"shipping-taxable","14":"purchasable","15":"product-type-simple"},"acf":[],"_links":{"self":[{"href":"https:\/\/www.amplificazionilombardi.it\/es\/wp-json\/wp\/v2\/product\/10626","targetHints":{"allow":["GET"]}}],"collection":[{"href":"https:\/\/www.amplificazionilombardi.it\/es\/wp-json\/wp\/v2\/product"}],"about":[{"href":"https:\/\/www.amplificazionilombardi.it\/es\/wp-json\/wp\/v2\/types\/product"}],"wp:featuredmedia":[{"embeddable":true,"href":"https:\/\/www.amplificazionilombardi.it\/es\/wp-json\/wp\/v2\/media\/10378"}],"wp:attachment":[{"href":"https:\/\/www.amplificazionilombardi.it\/es\/wp-json\/wp\/v2\/media?parent=10626"}],"wp:term":[{"taxonomy":"product_brand","embeddable":true,"href":"https:\/\/www.amplificazionilombardi.it\/es\/wp-json\/wp\/v2\/product_brand?post=10626"},{"taxonomy":"product_cat","embeddable":true,"href":"https:\/\/www.amplificazionilombardi.it\/es\/wp-json\/wp\/v2\/product_cat?post=10626"},{"taxonomy":"product_tag","embeddable":true,"href":"https:\/\/www.amplificazionilombardi.it\/es\/wp-json\/wp\/v2\/product_tag?post=10626"}],"curies":[{"name":"wp","href":"https:\/\/api.w.org\/{rel}","templated":true}]}}