{"id":10631,"date":"2017-05-17T00:00:00","date_gmt":"2017-05-16T22:00:00","guid":{"rendered":"http:\/\/www.amplificazionilombardi.it\/?post_type=product&#038;p=10631"},"modified":"2026-03-16T13:10:45","modified_gmt":"2026-03-16T12:10:45","slug":"altavoces-acusticos-pasivos-lvr600bp-lombardi-900_1300w-rms","status":"publish","type":"product","link":"https:\/\/www.amplificazionilombardi.it\/es\/shop\/altavoces-acusticos-pasivos-lvr600bp-lombardi-900_1300w-rms\/","title":{"rendered":"LVR600BP \u2013 Altavoz pasivo profesional de 900\/1300 W RMS"},"content":{"rendered":"<p data-start=\"1642\" data-end=\"1826\">El <strong data-start=\"1645\" data-end=\"1657\">LVR600BP<\/strong> es un sistema de altavoces profesional dise\u00f1ado para ofrecer altas prestaciones manteniendo dimensiones compactas, peso muy reducido y gran flexibilidad de utilizaci\u00f3n.<\/p>\n<p data-start=\"1828\" data-end=\"2052\">El altavoz utiliza <strong data-start=\"1847\" data-end=\"1924\">un transductor coaxial de 10&#8243; con im\u00e1n de neodimio y driver de compresi\u00f3n<\/strong>, una configuraci\u00f3n que permite obtener una fuente sonora coherente y una respuesta uniforme en todo el espectro de frecuencias.<\/p>\n<p data-start=\"2054\" data-end=\"2084\">Esta soluci\u00f3n permite obtener:<\/p>\n<ul data-start=\"2086\" data-end=\"2212\">\n<li data-section-id=\"i2imju\" data-start=\"2086\" data-end=\"2126\">\n<p data-start=\"2088\" data-end=\"2126\">excelente inteligibilidad del sonido<\/p>\n<\/li>\n<li data-section-id=\"1mnctyp\" data-start=\"2127\" data-end=\"2157\">\n<p data-start=\"2129\" data-end=\"2157\">respuesta din\u00e1mica precisa<\/p>\n<\/li>\n<li data-section-id=\"1bc15o0\" data-start=\"2158\" data-end=\"2177\">\n<p data-start=\"2160\" data-end=\"2177\">alta eficiencia<\/p>\n<\/li>\n<li data-section-id=\"156c2h1\" data-start=\"2178\" data-end=\"2212\">\n<p data-start=\"2180\" data-end=\"2212\">distribuci\u00f3n uniforme del sonido<\/p>\n<\/li>\n<\/ul>\n<hr data-start=\"2214\" data-end=\"2217\" \/>\n<h5 data-section-id=\"2uhvxs\" data-start=\"2219\" data-end=\"2262\">Sistema extremadamente ligero y vers\u00e1til<\/h5>\n<p data-start=\"2264\" data-end=\"2404\">Una de las principales caracter\u00edsticas del LVR600BP es su <strong data-start=\"2322\" data-end=\"2349\">extraordinaria ligereza<\/strong>, que facilita enormemente su transporte e instalaci\u00f3n.<\/p>\n<p data-start=\"2406\" data-end=\"2451\">Esto lo convierte en una soluci\u00f3n ideal para:<\/p>\n<ul data-start=\"2453\" data-end=\"2588\">\n<li data-section-id=\"qqx8jz\" data-start=\"2453\" data-end=\"2484\">\n<p data-start=\"2455\" data-end=\"2484\">servicios de sonido m\u00f3viles<\/p>\n<\/li>\n<li data-section-id=\"1a3h8mr\" data-start=\"2485\" data-end=\"2513\">\n<p data-start=\"2487\" data-end=\"2513\">instalaciones temporales<\/p>\n<\/li>\n<li data-section-id=\"gho5bl\" data-start=\"2514\" data-end=\"2536\">\n<p data-start=\"2516\" data-end=\"2536\">eventos en directo<\/p>\n<\/li>\n<li data-section-id=\"5ycfgf\" data-start=\"2537\" data-end=\"2588\">\n<p data-start=\"2539\" data-end=\"2588\">aplicaciones donde se requiere rapidez de montaje<\/p>\n<\/li>\n<\/ul>\n<p data-start=\"2590\" data-end=\"2729\">El altavoz puede utilizarse individualmente o en configuraciones modulares, adapt\u00e1ndose f\u00e1cilmente a las necesidades del sistema de sonido.<\/p>\n<hr data-start=\"2731\" data-end=\"2734\" \/>\n<h5 data-section-id=\"tuv4m9\" data-start=\"2736\" data-end=\"2784\">Configuraci\u00f3n modular y montaje sobre tr\u00edpode<\/h5>\n<p data-start=\"2786\" data-end=\"2867\">El LVR600BP ha sido dise\u00f1ado para ofrecer <strong data-start=\"2828\" data-end=\"2866\">gran flexibilidad de configuraci\u00f3n<\/strong>.<\/p>\n<p data-start=\"2869\" data-end=\"3012\">Es posible <strong data-start=\"2880\" data-end=\"2928\">apilar hasta tres altavoces sobre un tr\u00edpode<\/strong>, orient\u00e1ndolos entre s\u00ed para ampliar el frente sonoro y cubrir una zona m\u00e1s amplia.<\/p>\n<p data-start=\"3014\" data-end=\"3105\">Esta configuraci\u00f3n permite utilizar un \u00fanico punto de difusi\u00f3n para cubrir simult\u00e1neamente:<\/p>\n<ul data-start=\"3107\" data-end=\"3172\">\n<li data-section-id=\"1d05ple\" data-start=\"3107\" data-end=\"3135\">\n<p data-start=\"3109\" data-end=\"3135\">zona frontal del p\u00fablico<\/p>\n<\/li>\n<li data-section-id=\"1jxc95m\" data-start=\"3136\" data-end=\"3154\">\n<p data-start=\"3138\" data-end=\"3154\">primeras filas<\/p>\n<\/li>\n<li data-section-id=\"33fahg\" data-start=\"3155\" data-end=\"3172\">\n<p data-start=\"3157\" data-end=\"3172\">zonas laterales<\/p>\n<\/li>\n<\/ul>\n<p data-start=\"3174\" data-end=\"3240\">obteniendo una distribuci\u00f3n sonora eficaz con un sistema compacto.<\/p>\n<p data-start=\"3242\" data-end=\"3444\">A pesar de su tama\u00f1o compacto, el altavoz ofrece <strong data-start=\"3291\" data-end=\"3359\">altas prestaciones y una excelente relaci\u00f3n potencia-dimensiones<\/strong>, lo que lo hace ideal tanto como sistema sobre tr\u00edpode como para sistemas modulares.<\/p>\n<p data-start=\"3446\" data-end=\"3712\">La estructura modular permite crear <strong data-start=\"3482\" data-end=\"3520\">clusters horizontales y verticales<\/strong> y, con las estructuras adecuadas, tambi\u00e9n <strong data-start=\"3563\" data-end=\"3610\">configuraciones poliedricas y semiesf\u00e9ricas<\/strong>, llegando a crear un <strong data-start=\"3632\" data-end=\"3660\">c\u00edrculo ac\u00fastico de 360\u00b0<\/strong> gracias al \u00e1ngulo de cobertura <strong data-start=\"3692\" data-end=\"3711\">vertical de 90\u00b0<\/strong>.<\/p>\n<p data-start=\"3714\" data-end=\"3823\">\u26a0 <strong data-start=\"3716\" data-end=\"3823\">Para las configuraciones suspendidas se deben utilizar siempre las estructuras de suspensi\u00f3n adecuadas.<\/strong><\/p>\n<hr data-start=\"3825\" data-end=\"3828\" \/>\n<h5 data-section-id=\"915btn\" data-start=\"3830\" data-end=\"3870\">Line Array con filosof\u00eda Point Source<\/h5>\n<p data-start=\"3872\" data-end=\"4007\">El LVR600BP tambi\u00e9n puede utilizarse en <strong data-start=\"3912\" data-end=\"3974\">configuraciones Line Array con comportamiento Point Source<\/strong>, hasta <strong data-start=\"3982\" data-end=\"4006\">8 m\u00f3dulos en cascada<\/strong>.<\/p>\n<p data-start=\"4009\" data-end=\"4045\">Esta configuraci\u00f3n permite aumentar:<\/p>\n<ul data-start=\"4047\" data-end=\"4138\">\n<li data-section-id=\"161xgie\" data-start=\"4047\" data-end=\"4077\">\n<p data-start=\"4049\" data-end=\"4077\">el nivel de presi\u00f3n sonora<\/p>\n<\/li>\n<li data-section-id=\"s77wpj\" data-start=\"4078\" data-end=\"4106\">\n<p data-start=\"4080\" data-end=\"4106\">la cobertura del sistema<\/p>\n<\/li>\n<li data-section-id=\"1vbkgnw\" data-start=\"4107\" data-end=\"4138\">\n<p data-start=\"4109\" data-end=\"4138\">la uniformidad de la difusi\u00f3n<\/p>\n<\/li>\n<\/ul>\n<p data-start=\"4140\" data-end=\"4229\">manteniendo al mismo tiempo la coherencia sonora caracter\u00edstica de los sistemas Lombardi.<\/p>\n<hr data-start=\"4231\" data-end=\"4234\" \/>\n<h5 data-section-id=\"8f9uck\" data-start=\"4236\" data-end=\"4280\">Funcionamiento en mono o bi-amplificaci\u00f3n<\/h5>\n<p data-start=\"4282\" data-end=\"4421\">El altavoz puede funcionar tanto en <strong data-start=\"4318\" data-end=\"4340\">mono-amplificaci\u00f3n<\/strong> como en <strong data-start=\"4349\" data-end=\"4369\">bi-amplificaci\u00f3n<\/strong>, ofreciendo dos caracter\u00edsticas sonoras diferentes.<\/p>\n<p data-start=\"4423\" data-end=\"4503\">En <strong data-start=\"4426\" data-end=\"4448\">mono-amplificaci\u00f3n<\/strong> el sistema presenta una respuesta m\u00e1s suave y musical.<\/p>\n<p data-start=\"4505\" data-end=\"4618\">En <strong data-start=\"4508\" data-end=\"4528\">bi-amplificaci\u00f3n<\/strong> el altavoz se vuelve m\u00e1s definido y eficiente, permitiendo mayor precisi\u00f3n y rendimiento.<\/p>\n<p data-start=\"4620\" data-end=\"4716\">El cambio entre los dos modos se realiza mediante un <strong data-start=\"4673\" data-end=\"4715\">selector situado en el panel posterior<\/strong>.<\/p>\n<p data-start=\"4718\" data-end=\"4746\">Configuraci\u00f3n de conexiones:<\/p>\n<p data-start=\"4748\" data-end=\"4770\"><strong data-start=\"4748\" data-end=\"4770\">Mono-amplificaci\u00f3n<\/strong><\/p>\n<p data-start=\"4772\" data-end=\"4794\">\u2022 conexi\u00f3n <strong data-start=\"4783\" data-end=\"4794\">1+ \/ 1-<\/strong><\/p>\n<p data-start=\"4796\" data-end=\"4816\"><strong data-start=\"4796\" data-end=\"4816\">Bi-amplificaci\u00f3n<\/strong><\/p>\n<p data-start=\"4818\" data-end=\"4850\">\u2022 conexi\u00f3n <strong data-start=\"4829\" data-end=\"4850\">1+ \/ 1- \/ 2+ \/ 2-<\/strong><\/p>\n<hr data-start=\"4852\" data-end=\"4855\" \/>\n<h5 data-section-id=\"4q7hu\" data-start=\"4857\" data-end=\"4899\">Integraci\u00f3n con otros sistemas Lombardi<\/h5>\n<p data-start=\"4901\" data-end=\"4978\">El LVR600BP se integra perfectamente con otros altavoces de la gama Lombardi.<\/p>\n<p data-start=\"4980\" data-end=\"5022\">En particular es ideal en combinaci\u00f3n con:<\/p>\n<p data-start=\"5024\" data-end=\"5141\">\u2022 <strong data-start=\"5026\" data-end=\"5039\">LVR1200BP<\/strong>, con el que comparte el mismo altavoz coaxial<br data-start=\"5085\" data-end=\"5088\" \/>\u2022 <strong data-start=\"5090\" data-end=\"5102\">LVR400HP<\/strong>, para sistemas modulares m\u00e1s compactos<\/p>\n<p data-start=\"5143\" data-end=\"5271\">Esta compatibilidad permite realizar sistemas de sonido flexibles y perfectamente equilibrados desde el punto de vista t\u00edmbrico.<\/p>\n<hr data-start=\"5273\" data-end=\"5276\" \/>\n<h5 data-section-id=\"9cdfvr\" data-start=\"5278\" data-end=\"5325\">Integraci\u00f3n con subwoofers y sistema LVS12BA<\/h5>\n<p data-start=\"5327\" data-end=\"5389\">El LVR600BP combina perfectamente con los subwoofers Lombardi:<\/p>\n<p data-start=\"5391\" data-end=\"5467\">\u2022 <strong data-start=\"5393\" data-end=\"5403\">LS700P<\/strong><br data-start=\"5403\" data-end=\"5406\" \/>\u2022 <strong data-start=\"5408\" data-end=\"5419\">LS1000P<\/strong><br data-start=\"5419\" data-end=\"5422\" \/>\u2022 <strong data-start=\"5424\" data-end=\"5434\">LS950P<\/strong><br data-start=\"5434\" data-end=\"5437\" \/>\u2022 <strong data-start=\"5439\" data-end=\"5451\">LS950AHS<\/strong><br data-start=\"5451\" data-end=\"5454\" \/>\u2022 <strong data-start=\"5456\" data-end=\"5467\">LS2500P<br \/>\n\u2022 LS5000P<br \/>\n<\/strong><\/p>\n<p data-start=\"5469\" data-end=\"5599\">En particular, combinado con el <strong data-start=\"5501\" data-end=\"5513\">LS950AHS<\/strong>, forma un sistema completo denominado <strong data-start=\"5552\" data-end=\"5563\">LVS12BA<\/strong>, apreciado por su equilibrio entre:<\/p>\n<ul data-start=\"5601\" data-end=\"5681\">\n<li data-section-id=\"1mx7f3a\" data-start=\"5601\" data-end=\"5618\">\n<p data-start=\"5603\" data-end=\"5618\">peso reducido<\/p>\n<\/li>\n<li data-section-id=\"1bc15o0\" data-start=\"5619\" data-end=\"5638\">\n<p data-start=\"5621\" data-end=\"5638\">alta eficiencia<\/p>\n<\/li>\n<li data-section-id=\"ofgf4w\" data-start=\"5639\" data-end=\"5657\">\n<p data-start=\"5641\" data-end=\"5657\">calidad sonora<\/p>\n<\/li>\n<li data-section-id=\"klwae3\" data-start=\"5658\" data-end=\"5681\">\n<p data-start=\"5660\" data-end=\"5681\">dimensiones compactas<\/p>\n<\/li>\n<\/ul>\n<hr data-start=\"5683\" data-end=\"5686\" \/>\n<h5 data-section-id=\"1ru1o72\" data-start=\"5688\" data-end=\"5718\">Amplificadores recomendados<\/h5>\n<p data-start=\"5720\" data-end=\"5925\">Para obtener el mejor rendimiento el sistema funciona idealmente con los <strong data-start=\"5793\" data-end=\"5844\">amplificadores anal\u00f3gicos Lombardi en clase A\/B<\/strong>, dise\u00f1ados para garantizar gran din\u00e1mica y fiabilidad en sistemas profesionales.<\/p>\n<p data-start=\"5927\" data-end=\"5955\">Amplificadores recomendados:<\/p>\n<p data-start=\"5957\" data-end=\"6011\">\u2022 <strong data-start=\"5959\" data-end=\"5973\">LAQUAD1200<\/strong><br data-start=\"5973\" data-end=\"5976\" \/>\u2022 <strong data-start=\"5978\" data-end=\"5992\">LADUAL1400<\/strong><br data-start=\"5992\" data-end=\"5995\" \/>\u2022 <strong data-start=\"5997\" data-end=\"6011\">LAQUAD1400<\/strong><\/p>\n","protected":false},"excerpt":{"rendered":"<p data-start=\"394\" data-end=\"657\">El <strong data-start=\"397\" data-end=\"409\">LVR600BP<\/strong> es un altavoz pasivo profesional dise\u00f1ado y fabricado \u00edntegramente en Italia por <strong data-start=\"491\" data-end=\"518\">Amplificazioni Lombardi<\/strong>, concebido para aplicaciones en directo e instalaciones de sonido donde se requieren <strong data-start=\"604\" data-end=\"656\">ligereza, modularidad y gran versatilidad de uso<\/strong>.<\/p>\n<p data-start=\"659\" data-end=\"898\">El sistema utiliza <strong data-start=\"678\" data-end=\"751\">un altavoz coaxial de 10&#8243; con im\u00e1n de neodimio y driver de compresi\u00f3n<\/strong>, el mismo componente utilizado en el modelo <strong data-start=\"796\" data-end=\"809\">LVR1200BP<\/strong>, garantizando una perfecta coherencia t\u00edmbrica cuando ambos sistemas se utilizan juntos.<\/p>\n<p data-start=\"900\" data-end=\"940\">Caracter\u00edsticas principales del sistema:<\/p>\n<p data-start=\"942\" data-end=\"1173\">\u2022 <strong data-start=\"944\" data-end=\"991\">altavoz coaxial de 10&#8243; con im\u00e1n de neodimio<\/strong><br data-start=\"991\" data-end=\"994\" \/>\u2022 <strong data-start=\"996\" data-end=\"1044\">driver de compresi\u00f3n con diafragma de Kapton<\/strong><br data-start=\"1044\" data-end=\"1047\" \/>\u2022 <strong data-start=\"1049\" data-end=\"1072\">cobertura 90\u00b0 \u00d7 90\u00b0<\/strong><br data-start=\"1072\" data-end=\"1075\" \/>\u2022 <strong data-start=\"1077\" data-end=\"1106\">recinto compacto y ligero<\/strong><br data-start=\"1106\" data-end=\"1109\" \/>\u2022 <strong data-start=\"1111\" data-end=\"1173\">sistema modular configurable en diferentes configuraciones<\/strong><\/p>\n<p data-start=\"1175\" data-end=\"1362\">La fuerza de este producto reside en su <strong data-start=\"1215\" data-end=\"1361\">versatilidad, modularidad, facilidad de uso, ligereza, eficiencia y en la calidad sonora que distingue a los productos Amplificazioni Lombardi<\/strong>.<\/p>\n<p data-start=\"1364\" data-end=\"1596\">A pesar de sus dimensiones compactas, el LVR600BP ofrece una excelente <strong data-start=\"1435\" data-end=\"1463\">relaci\u00f3n potencia-tama\u00f1o<\/strong> y puede utilizarse tanto como altavoz sobre tr\u00edpode como en configuraciones modulares para diferentes soluciones de difusi\u00f3n sonora.<\/p>\n","protected":false},"featured_media":10381,"template":"","meta":{"_acf_changed":false},"product_brand":[],"product_cat":[253],"product_tag":[],"class_list":{"0":"post-10631","1":"product","2":"type-product","3":"status-publish","4":"has-post-thumbnail","6":"product_cat-altavoces-acusticos","8":"first","9":"instock","10":"sale","11":"featured","12":"taxable","13":"shipping-taxable","14":"purchasable","15":"product-type-simple"},"acf":[],"_links":{"self":[{"href":"https:\/\/www.amplificazionilombardi.it\/es\/wp-json\/wp\/v2\/product\/10631","targetHints":{"allow":["GET"]}}],"collection":[{"href":"https:\/\/www.amplificazionilombardi.it\/es\/wp-json\/wp\/v2\/product"}],"about":[{"href":"https:\/\/www.amplificazionilombardi.it\/es\/wp-json\/wp\/v2\/types\/product"}],"wp:featuredmedia":[{"embeddable":true,"href":"https:\/\/www.amplificazionilombardi.it\/es\/wp-json\/wp\/v2\/media\/10381"}],"wp:attachment":[{"href":"https:\/\/www.amplificazionilombardi.it\/es\/wp-json\/wp\/v2\/media?parent=10631"}],"wp:term":[{"taxonomy":"product_brand","embeddable":true,"href":"https:\/\/www.amplificazionilombardi.it\/es\/wp-json\/wp\/v2\/product_brand?post=10631"},{"taxonomy":"product_cat","embeddable":true,"href":"https:\/\/www.amplificazionilombardi.it\/es\/wp-json\/wp\/v2\/product_cat?post=10631"},{"taxonomy":"product_tag","embeddable":true,"href":"https:\/\/www.amplificazionilombardi.it\/es\/wp-json\/wp\/v2\/product_tag?post=10631"}],"curies":[{"name":"wp","href":"https:\/\/api.w.org\/{rel}","templated":true}]}}