{"id":10632,"date":"2017-05-17T00:00:00","date_gmt":"2017-05-16T22:00:00","guid":{"rendered":"http:\/\/www.amplificazionilombardi.it\/?post_type=product&#038;p=10632"},"modified":"2026-03-16T12:04:13","modified_gmt":"2026-03-16T11:04:13","slug":"array-en-linea-pasivo-lvr1200bp-2000-w-rms","status":"publish","type":"product","link":"https:\/\/www.amplificazionilombardi.it\/es\/shop\/array-en-linea-pasivo-lvr1200bp-2000-w-rms\/","title":{"rendered":"LVR1200BP \u2013 Altavoz profesional de arreglo lineal pasivo de 2000 W"},"content":{"rendered":"<p data-start=\"1874\" data-end=\"2034\">El <strong data-start=\"1877\" data-end=\"1890\">LVR1200BP<\/strong> es un sistema de altavoces profesional dise\u00f1ado para ofrecer altas prestaciones manteniendo dimensiones compactas, bajo peso y gran eficiencia.<\/p>\n<p data-start=\"2036\" data-end=\"2315\">El altavoz est\u00e1 dise\u00f1ado como un <strong data-start=\"2069\" data-end=\"2102\">sistema bass reflex de 2 v\u00edas<\/strong> equipado con <strong data-start=\"2116\" data-end=\"2169\">dos woofers coaxiales de 10&#8243; con im\u00e1n de neodimio<\/strong> con <strong data-start=\"2174\" data-end=\"2259\">drivers de compresi\u00f3n montados en trompeta met\u00e1lica y diafragma de Kapton de 1,7&#8243;<\/strong>, combinados con una <strong data-start=\"2280\" data-end=\"2314\">red de filtro pasiva integrada<\/strong>.<\/p>\n<p data-start=\"2317\" data-end=\"2352\">Esta configuraci\u00f3n permite obtener:<\/p>\n<ul data-start=\"2354\" data-end=\"2495\">\n<li data-section-id=\"9zti4s\" data-start=\"2354\" data-end=\"2389\">\n<p data-start=\"2356\" data-end=\"2389\">altos niveles de presi\u00f3n sonora<\/p>\n<\/li>\n<li data-section-id=\"1vqkyxo\" data-start=\"2390\" data-end=\"2429\">\n<p data-start=\"2392\" data-end=\"2429\">excelente inteligibilidad del habla<\/p>\n<\/li>\n<li data-section-id=\"1mnctyp\" data-start=\"2430\" data-end=\"2460\">\n<p data-start=\"2432\" data-end=\"2460\">respuesta din\u00e1mica precisa<\/p>\n<\/li>\n<li data-section-id=\"156c2h1\" data-start=\"2461\" data-end=\"2495\">\n<p data-start=\"2463\" data-end=\"2495\">distribuci\u00f3n uniforme del sonido<\/p>\n<\/li>\n<\/ul>\n<p data-start=\"2497\" data-end=\"2695\">El sistema est\u00e1 declarado con <strong data-start=\"2527\" data-end=\"2553\">2000 W RMS por altavoz<\/strong>, con <strong data-start=\"2559\" data-end=\"2651\">1400 W RMS dedicados a las frecuencias medias-graves y 600 W RMS a las altas frecuencias<\/strong>, y debe utilizarse en <strong data-start=\"2674\" data-end=\"2694\">bi-amplificaci\u00f3n<\/strong>.<\/p>\n<hr data-start=\"2697\" data-end=\"2700\" \/>\n<h5 data-section-id=\"1mz1s30\" data-start=\"2702\" data-end=\"2750\">Sistema ligero, modular y f\u00e1cil de configurar<\/h5>\n<p data-start=\"2752\" data-end=\"2892\">Una de las caracter\u00edsticas m\u00e1s apreciadas del LVR1200BP es la combinaci\u00f3n de <strong data-start=\"2829\" data-end=\"2891\">peso reducido, dise\u00f1o modular y facilidad de configuraci\u00f3n<\/strong>.<\/p>\n<p data-start=\"2894\" data-end=\"3010\">Con un peso de solo <strong data-start=\"2914\" data-end=\"2925\">19,8 kg<\/strong>, el altavoz es f\u00e1cil de transportar e instalar incluso en configuraciones m\u00faltiples.<\/p>\n<p data-start=\"3012\" data-end=\"3197\">El sistema puede configurarse desde <strong data-start=\"3048\" data-end=\"3083\">1 hasta 12 altavoces en cascada<\/strong>, permitiendo adaptar f\u00e1cilmente el sistema de sonido al tama\u00f1o del evento y al nivel de presi\u00f3n sonora requerido.<\/p>\n<p data-start=\"3199\" data-end=\"3425\">Gracias a su dise\u00f1o ac\u00fastico y a la configuraci\u00f3n de los transductores coaxiales, el sistema resulta <strong data-start=\"3300\" data-end=\"3334\">f\u00e1cil de ajustar y de integrar<\/strong>, reduciendo los tiempos de instalaci\u00f3n y facilitando el trabajo de los t\u00e9cnicos de sonido.<\/p>\n<hr data-start=\"3427\" data-end=\"3430\" \/>\n<h5 data-section-id=\"91ipt2\" data-start=\"3432\" data-end=\"3478\">Filosof\u00eda de dise\u00f1o Amplificazioni Lombardi<\/h5>\n<p data-start=\"3480\" data-end=\"3627\">Amplificazioni Lombardi desarrolla sistemas de audio profesional siguiendo una filosof\u00eda clara: <strong data-start=\"3576\" data-end=\"3626\">calidad sonora, fiabilidad y construcci\u00f3n real<\/strong>.<\/p>\n<p data-start=\"3629\" data-end=\"3753\">A diferencia de muchos sistemas comerciales producidos en masa, los altavoces Lombardi se dise\u00f1an con el objetivo de lograr:<\/p>\n<ul data-start=\"3755\" data-end=\"3887\">\n<li data-section-id=\"15mdl48\" data-start=\"3755\" data-end=\"3786\">\n<p data-start=\"3757\" data-end=\"3786\">reproducci\u00f3n sonora natural<\/p>\n<\/li>\n<li data-section-id=\"tano0k\" data-start=\"3787\" data-end=\"3816\">\n<p data-start=\"3789\" data-end=\"3816\">alto rendimiento din\u00e1mico<\/p>\n<\/li>\n<li data-section-id=\"c70enr\" data-start=\"3817\" data-end=\"3845\">\n<p data-start=\"3819\" data-end=\"3845\">fiabilidad a largo plazo<\/p>\n<\/li>\n<li data-section-id=\"1jsnrtd\" data-start=\"3846\" data-end=\"3887\">\n<p data-start=\"3848\" data-end=\"3887\">componentes profesionales seleccionados<\/p>\n<\/li>\n<\/ul>\n<p data-start=\"3889\" data-end=\"4075\">Cada altavoz est\u00e1 <strong data-start=\"3907\" data-end=\"3941\">dise\u00f1ado y fabricado en Italia<\/strong>, utilizando materiales y t\u00e9cnicas de construcci\u00f3n desarrolladas a lo largo de a\u00f1os de experiencia en el sector del audio profesional.<\/p>\n<p data-start=\"4077\" data-end=\"4298\">Esta filosof\u00eda se refleja claramente en el <strong data-start=\"4120\" data-end=\"4133\">LVR1200BP<\/strong>, donde cada elemento \u2014desde la selecci\u00f3n de los transductores hasta la construcci\u00f3n del recinto\u2014 est\u00e1 pensado para ofrecer prestaciones profesionales de alto nivel.<\/p>\n<hr data-start=\"4300\" data-end=\"4303\" \/>\n<h5 data-section-id=\"ctjsz0\" data-start=\"4305\" data-end=\"4350\">Line Array con comportamiento Point Source<\/h5>\n<p data-start=\"4352\" data-end=\"4491\">El LVR1200BP est\u00e1 dise\u00f1ado para configuraciones <strong data-start=\"4400\" data-end=\"4426\">Line Array suspendidas<\/strong>, manteniendo al mismo tiempo un comportamiento <strong data-start=\"4474\" data-end=\"4490\">Point Source<\/strong>.<\/p>\n<p data-start=\"4493\" data-end=\"4679\">Cada altavoz ofrece una <strong data-start=\"4517\" data-end=\"4588\">amplia cobertura aproximada de 120\u00b0 en horizontal y 90\u00b0 en vertical<\/strong>, permitiendo una distribuci\u00f3n eficaz del sonido incluso con un n\u00famero reducido de m\u00f3dulos.<\/p>\n<p data-start=\"4681\" data-end=\"4895\">Cuando se utilizan varias unidades en cascada, la <strong data-start=\"4731\" data-end=\"4778\">alineaci\u00f3n de fase de los woofers coaxiales<\/strong> permite una suma coherente de la energ\u00eda ac\u00fastica, aumentando tanto la <strong data-start=\"4850\" data-end=\"4894\">eficiencia del sistema como su cobertura<\/strong>.<\/p>\n<p data-start=\"4897\" data-end=\"4930\">Este enfoque de dise\u00f1o garantiza:<\/p>\n<ul data-start=\"4932\" data-end=\"5036\">\n<li data-section-id=\"kgxhns\" data-start=\"4932\" data-end=\"4957\">\n<p data-start=\"4934\" data-end=\"4957\">gran presencia sonora<\/p>\n<\/li>\n<li data-section-id=\"jmi0wz\" data-start=\"4958\" data-end=\"4989\">\n<p data-start=\"4960\" data-end=\"4989\">cobertura amplia y uniforme<\/p>\n<\/li>\n<li data-section-id=\"1xiu4ku\" data-start=\"4990\" data-end=\"5036\">\n<p data-start=\"4992\" data-end=\"5036\">excelente inteligibilidad para voz y m\u00fasica.<\/p>\n<\/li>\n<\/ul>\n<hr data-start=\"5038\" data-end=\"5041\" \/>\n<h5 data-section-id=\"fa2w3k\" data-start=\"5043\" data-end=\"5062\">Cobertura sonora<\/h5>\n<p data-start=\"5064\" data-end=\"5168\">El LVR1200BP est\u00e1 dise\u00f1ado para proporcionar una cobertura amplia y uniforme incluso con un solo m\u00f3dulo.<\/p>\n<p data-start=\"5170\" data-end=\"5396\">La dispersi\u00f3n nominal de <strong data-start=\"5195\" data-end=\"5235\">120\u00b0 en horizontal y 90\u00b0 en vertical<\/strong> permite una distribuci\u00f3n eficaz de la energ\u00eda sonora, reduciendo zonas de sombra ac\u00fastica y manteniendo una buena inteligibilidad incluso en entornos complejos.<\/p>\n<p data-start=\"5398\" data-end=\"5583\">La configuraci\u00f3n de <strong data-start=\"5418\" data-end=\"5457\">transductores coaxiales de neodimio<\/strong> proporciona una fuente ac\u00fastica m\u00e1s coherente, mejorando la uniformidad de la respuesta y la percepci\u00f3n espacial del sistema.<\/p>\n<hr data-start=\"5585\" data-end=\"5588\" \/>\n<h5 data-section-id=\"1qcmx9y\" data-start=\"5590\" data-end=\"5617\">Construcci\u00f3n del recinto<\/h5>\n<p data-start=\"5619\" data-end=\"5758\">El recinto del LVR1200BP est\u00e1 construido utilizando <strong data-start=\"5671\" data-end=\"5706\">tres tipos diferentes de madera<\/strong>, cada uno seleccionado para una funci\u00f3n espec\u00edfica.<\/p>\n<p data-start=\"5760\" data-end=\"5888\"><strong data-start=\"5760\" data-end=\"5786\">Contrachapado de \u00e1lamo<\/strong><br data-start=\"5786\" data-end=\"5789\" \/>utilizado para la estructura exterior, garantizando ligereza y caracter\u00edsticas ac\u00fasticas naturales.<\/p>\n<p data-start=\"5890\" data-end=\"6004\"><strong data-start=\"5890\" data-end=\"5899\">Abeto<\/strong><br data-start=\"5899\" data-end=\"5902\" \/>utilizado para el panel de fijaci\u00f3n de los altavoces, contribuyendo a la calidad ac\u00fastica del sistema.<\/p>\n<p data-start=\"6006\" data-end=\"6113\"><strong data-start=\"6006\" data-end=\"6016\">Abedul<\/strong><br data-start=\"6016\" data-end=\"6019\" \/>utilizado para los refuerzos estructurales, proporcionando resistencia y estabilidad mec\u00e1nica.<\/p>\n<p data-start=\"6115\" data-end=\"6286\">Este enfoque de construcci\u00f3n es poco com\u00fan en los altavoces profesionales modernos y refleja la filosof\u00eda Lombardi centrada en la <strong data-start=\"6245\" data-end=\"6285\">calidad sonora real y la durabilidad<\/strong>.<\/p>\n<hr data-start=\"6288\" data-end=\"6291\" \/>\n<h5 data-section-id=\"7pjdrx\" data-start=\"6293\" data-end=\"6311\">Sistema modular<\/h5>\n<p data-start=\"6313\" data-end=\"6462\">El sistema puede configurarse desde <strong data-start=\"6349\" data-end=\"6384\">1 hasta 12 altavoces en cascada<\/strong>, permitiendo crear sistemas de sonido para eventos de diferentes dimensiones.<\/p>\n<p data-start=\"6464\" data-end=\"6686\">Gracias a la combinaci\u00f3n de <strong data-start=\"6492\" data-end=\"6568\">transductores coaxiales de neodimio, amplia dispersi\u00f3n y control de fase<\/strong>, el sistema mantiene una cobertura uniforme y altos niveles de presi\u00f3n sonora incluso en configuraciones m\u00e1s grandes.<\/p>\n<hr data-start=\"6688\" data-end=\"6691\" \/>\n<h5 data-section-id=\"ot083l\" data-start=\"6693\" data-end=\"6739\">Integraci\u00f3n con subwoofers y amplificadores<\/h5>\n<p data-start=\"6741\" data-end=\"6826\">El LVR1200BP est\u00e1 dise\u00f1ado para integrarse perfectamente con los subwoofers Lombardi.<\/p>\n<p data-start=\"6828\" data-end=\"6871\">Se recomienda su uso junto con los modelos:<\/p>\n<p data-start=\"6873\" data-end=\"6918\">\u2022 <strong data-start=\"6875\" data-end=\"6886\">LS1000P<\/strong><br data-start=\"6886\" data-end=\"6889\" \/>\u2022 <strong data-start=\"6891\" data-end=\"6902\">LS2500P<\/strong><br data-start=\"6902\" data-end=\"6905\" \/>\u2022 <strong data-start=\"6907\" data-end=\"6918\">LS5000P<\/strong><\/p>\n<p data-start=\"6920\" data-end=\"7064\">Estas combinaciones permiten crear sistemas de sonido completos con respuesta extendida en bajas frecuencias y alta capacidad de presi\u00f3n sonora.<\/p>\n<p data-start=\"7066\" data-end=\"7265\">Para obtener el m\u00e1ximo rendimiento, el sistema funciona idealmente con los <strong data-start=\"7141\" data-end=\"7192\">amplificadores anal\u00f3gicos Lombardi en clase A\/B<\/strong>, dise\u00f1ados para ofrecer din\u00e1mica y fiabilidad en sistemas profesionales.<\/p>\n<p data-start=\"7267\" data-end=\"7295\">Amplificadores recomendados:<\/p>\n<p data-start=\"7297\" data-end=\"7351\">\u2022 <strong data-start=\"7299\" data-end=\"7313\">LAQUAD1200<\/strong><br data-start=\"7313\" data-end=\"7316\" \/>\u2022 <strong data-start=\"7318\" data-end=\"7332\">LADUAL1400<\/strong><br data-start=\"7332\" data-end=\"7335\" \/>\u2022 <strong data-start=\"7337\" data-end=\"7351\">LAQUAD1400<\/strong><\/p>\n","protected":false},"excerpt":{"rendered":"<p data-start=\"398\" data-end=\"553\">El <strong data-start=\"401\" data-end=\"414\">LVR1200BP<\/strong> es un sistema de altavoces pasivo profesional de alta calidad dise\u00f1ado y fabricado \u00edntegramente en Italia por <strong data-start=\"525\" data-end=\"552\">Amplificazioni Lombardi<\/strong>.<\/p>\n<p data-start=\"555\" data-end=\"840\">El sistema est\u00e1 dise\u00f1ado para configuraciones <strong data-start=\"601\" data-end=\"627\">Line Array suspendidas<\/strong>, manteniendo al mismo tiempo una filosof\u00eda <strong data-start=\"671\" data-end=\"687\">Point Source<\/strong>, lo que permite obtener una cobertura muy amplia de cada m\u00f3dulo individual y una suma eficaz de presi\u00f3n sonora cuando varios altavoces trabajan en fase.<\/p>\n<p data-start=\"842\" data-end=\"882\">Caracter\u00edsticas principales del sistema:<\/p>\n<p data-start=\"884\" data-end=\"1151\">\u2022 <strong data-start=\"886\" data-end=\"939\">doble altavoz coaxial de 10&#8243; con im\u00e1n de neodimio<\/strong><br data-start=\"939\" data-end=\"942\" \/>\u2022 <strong data-start=\"944\" data-end=\"993\">drivers de compresi\u00f3n con diafragma de Kapton<\/strong><br data-start=\"993\" data-end=\"996\" \/>\u2022 <strong data-start=\"998\" data-end=\"1042\">amplia cobertura por m\u00f3dulo (120\u00b0 \u00d7 90\u00b0)<\/strong><br data-start=\"1042\" data-end=\"1045\" \/>\u2022 <strong data-start=\"1047\" data-end=\"1108\">recinto construido con tres tipos de madera seleccionados<\/strong><br data-start=\"1108\" data-end=\"1111\" \/>\u2022 <strong data-start=\"1113\" data-end=\"1151\">sistema modular hasta 12 altavoces<\/strong><\/p>\n<p data-start=\"1153\" data-end=\"1403\">Gracias a su peso reducido de <strong data-start=\"1183\" data-end=\"1205\">19,8 kg por m\u00f3dulo<\/strong>, a su estructura modular y a la facilidad de configuraci\u00f3n, el sistema es especialmente apreciado en entornos profesionales donde se requieren <strong data-start=\"1349\" data-end=\"1402\">rapidez de instalaci\u00f3n, flexibilidad y fiabilidad<\/strong>.<\/p>\n<p data-start=\"1405\" data-end=\"1660\">El recinto est\u00e1 construido con <strong data-start=\"1436\" data-end=\"1490\">contrachapado de \u00e1lamo para la estructura exterior<\/strong>, <strong data-start=\"1492\" data-end=\"1544\">abeto para el panel de fijaci\u00f3n de los altavoces<\/strong> y <strong data-start=\"1547\" data-end=\"1590\">abedul para los refuerzos estructurales<\/strong>, garantizando ligereza, resistencia y una respuesta ac\u00fastica natural.<\/p>\n<p data-start=\"1662\" data-end=\"1828\">El LVR1200BP es ideal para <strong data-start=\"1689\" data-end=\"1827\">servicios de sonido profesional, conciertos en directo, teatros, clubes, eventos al aire libre y sistemas modulares de refuerzo sonoro<\/strong>.<\/p>\n","protected":false},"featured_media":10382,"template":"","meta":{"_acf_changed":false},"product_brand":[],"product_cat":[253],"product_tag":[],"class_list":{"0":"post-10632","1":"product","2":"type-product","3":"status-publish","4":"has-post-thumbnail","6":"product_cat-altavoces-acusticos","8":"first","9":"instock","10":"sale","11":"taxable","12":"shipping-taxable","13":"purchasable","14":"product-type-simple"},"acf":[],"_links":{"self":[{"href":"https:\/\/www.amplificazionilombardi.it\/es\/wp-json\/wp\/v2\/product\/10632","targetHints":{"allow":["GET"]}}],"collection":[{"href":"https:\/\/www.amplificazionilombardi.it\/es\/wp-json\/wp\/v2\/product"}],"about":[{"href":"https:\/\/www.amplificazionilombardi.it\/es\/wp-json\/wp\/v2\/types\/product"}],"wp:featuredmedia":[{"embeddable":true,"href":"https:\/\/www.amplificazionilombardi.it\/es\/wp-json\/wp\/v2\/media\/10382"}],"wp:attachment":[{"href":"https:\/\/www.amplificazionilombardi.it\/es\/wp-json\/wp\/v2\/media?parent=10632"}],"wp:term":[{"taxonomy":"product_brand","embeddable":true,"href":"https:\/\/www.amplificazionilombardi.it\/es\/wp-json\/wp\/v2\/product_brand?post=10632"},{"taxonomy":"product_cat","embeddable":true,"href":"https:\/\/www.amplificazionilombardi.it\/es\/wp-json\/wp\/v2\/product_cat?post=10632"},{"taxonomy":"product_tag","embeddable":true,"href":"https:\/\/www.amplificazionilombardi.it\/es\/wp-json\/wp\/v2\/product_tag?post=10632"}],"curies":[{"name":"wp","href":"https:\/\/api.w.org\/{rel}","templated":true}]}}