{"id":10633,"date":"2017-06-06T00:00:00","date_gmt":"2017-06-05T22:00:00","guid":{"rendered":"http:\/\/www.amplificazionilombardi.it\/?post_type=product&#038;p=10633"},"modified":"2026-03-12T17:17:24","modified_gmt":"2026-03-12T16:17:24","slug":"stereo-audio-optical-limiter-ll2c","status":"publish","type":"product","link":"https:\/\/www.amplificazionilombardi.it\/es\/shop\/stereo-audio-optical-limiter-ll2c\/","title":{"rendered":"LIMITADOR DE AUDIO \u00d3PTICO EST\u00c9REO LL2C \u2013 LIMITADOR DE SONIDO PARA CLUBES"},"content":{"rendered":"<p data-start=\"1263\" data-end=\"1475\">El limitador de audio LL2C ha sido dise\u00f1ado para garantizar <strong data-start=\"1323\" data-end=\"1420\">alta calidad de sonido, seguridad operativa y estabilidad de las configuraciones en el tiempo<\/strong>, evitando manipulaciones posteriores a la calibraci\u00f3n.<\/p>\n<p data-start=\"1477\" data-end=\"1525\">Los principales ajustes del equipo, relativos a:<\/p>\n<ul data-start=\"1527\" data-end=\"1602\">\n<li data-section-id=\"1bi92rc\" data-start=\"1527\" data-end=\"1547\">\n<p data-start=\"1529\" data-end=\"1547\">nivel de entrada<\/p>\n<\/li>\n<li data-section-id=\"645nk3\" data-start=\"1548\" data-end=\"1567\">\n<p data-start=\"1550\" data-end=\"1567\">nivel de salida<\/p>\n<\/li>\n<li data-section-id=\"2sith5\" data-start=\"1568\" data-end=\"1602\">\n<p data-start=\"1570\" data-end=\"1602\">umbral de limitaci\u00f3n (threshold)<\/p>\n<\/li>\n<\/ul>\n<p data-start=\"1604\" data-end=\"1690\">est\u00e1n ubicados <strong data-start=\"1619\" data-end=\"1649\">en el interior del aparato<\/strong> y se regulan mediante trimmers internos.<\/p>\n<p data-start=\"1692\" data-end=\"1821\">Esta soluci\u00f3n se ha adoptado para evitar modificaciones accidentales o voluntarias de las regulaciones despu\u00e9s de la instalaci\u00f3n.<\/p>\n<p data-start=\"1823\" data-end=\"2011\">Tambi\u00e9n <strong data-start=\"1831\" data-end=\"1908\">las conexiones de audio mediante conectores se realizan dentro del equipo<\/strong>, aumentando la seguridad de la instalaci\u00f3n e impidiendo cualquier modificaci\u00f3n o bypass no autorizado.<\/p>\n<p data-start=\"2013\" data-end=\"2206\">En caso de apagado del equipo mediante el interruptor situado en el panel posterior, la se\u00f1al de audio se <strong data-start=\"2119\" data-end=\"2147\">interrumpe completamente<\/strong>, eliminando cualquier posibilidad de bypass del limitador.<\/p>\n<p data-start=\"2208\" data-end=\"2480\">El control del nivel se realiza mediante <strong data-start=\"2249\" data-end=\"2286\">fotoacoplador resistivo anal\u00f3gico<\/strong>, sin utilizar circuitos VCA.<br data-start=\"2315\" data-end=\"2318\" \/>Esta soluci\u00f3n t\u00e9cnica permite obtener una limitaci\u00f3n <strong data-start=\"2371\" data-end=\"2408\">m\u00e1s natural, progresiva y musical<\/strong>, reduciendo al m\u00ednimo los efectos perceptibles sobre la se\u00f1al de audio.<\/p>\n<p data-start=\"2482\" data-end=\"2663\">Instalado en formato <strong data-start=\"2503\" data-end=\"2538\">rack est\u00e1ndar de 19&#8243; \u2013 1 unidad<\/strong>, el limitador suele colocarse cerca de ecualizadores y amplificadores de potencia dentro de sistemas de audio profesionales.<\/p>\n<p data-start=\"2665\" data-end=\"2907\">Su respuesta de limitaci\u00f3n suave y progresiva lo hace ideal tanto para la <strong data-start=\"2739\" data-end=\"2774\">protecci\u00f3n de sistemas de audio<\/strong> como para la <strong data-start=\"2788\" data-end=\"2859\">limitaci\u00f3n del nivel sonoro en locales sujetos a normativa ac\u00fastica<\/strong>, manteniendo siempre una alta calidad de se\u00f1al.<\/p>\n<hr data-start=\"2909\" data-end=\"2912\" \/>\n<h1 data-section-id=\"1iq0v10\" data-start=\"2914\" data-end=\"2939\">VERSIONES DISPONIBLES<\/h1>\n<p data-start=\"2976\" data-end=\"3136\">El limitador \u00f3ptico de audio LL2C est\u00e1 disponible en diferentes configuraciones para adaptarse a diversas necesidades de instalaci\u00f3n y gesti\u00f3n del nivel sonoro.<\/p>\n<p data-start=\"3138\" data-end=\"3372\">Todas las versiones comparten la misma base electr\u00f3nica del modelo LL2C con limitaci\u00f3n \u00f3ptica anal\u00f3gica y mantienen la misma calidad de audio profesional, diferenci\u00e1ndose \u00fanicamente en la forma de gestionar los umbrales de limitaci\u00f3n.<\/p>\n<hr data-start=\"3374\" data-end=\"3377\" \/>\n<h2 data-section-id=\"11a957i\" data-start=\"3379\" data-end=\"3421\">Versi\u00f3n 1 \u2013 LL2C Est\u00e1ndar (modelo base)<\/h2>\n<p data-start=\"3423\" data-end=\"3479\">Esta es la versi\u00f3n est\u00e1ndar del limitador de audio LL2C.<\/p>\n<p data-start=\"3481\" data-end=\"3633\">El equipo dispone de <strong data-start=\"3502\" data-end=\"3545\">un \u00fanico umbral de limitaci\u00f3n por canal<\/strong>, ajustable mediante trimmers internos durante la instalaci\u00f3n y calibraci\u00f3n del sistema.<\/p>\n<p data-start=\"3635\" data-end=\"3759\">Los ajustes de nivel de entrada, salida y threshold est\u00e1n situados <strong data-start=\"3702\" data-end=\"3731\">en el interior del equipo<\/strong> para evitar manipulaciones.<\/p>\n<p data-start=\"3761\" data-end=\"3859\">Es la soluci\u00f3n ideal para instalaciones en las que se requiere un <strong data-start=\"3827\" data-end=\"3858\">nivel m\u00e1ximo de sonido fijo<\/strong>.<\/p>\n<hr data-start=\"3861\" data-end=\"3864\" \/>\n<h2 data-section-id=\"1tt0vg7\" data-start=\"3866\" data-end=\"3924\">Versi\u00f3n 2 \u2013 LL2C con selecci\u00f3n de umbral mediante llave<\/h2>\n<p data-start=\"3926\" data-end=\"4016\">Esta versi\u00f3n permite configurar <strong data-start=\"3958\" data-end=\"4015\">tres diferentes niveles de limitaci\u00f3n para cada canal<\/strong>.<\/p>\n<p data-start=\"4018\" data-end=\"4244\">Los niveles pueden seleccionarse mediante un <strong data-start=\"4063\" data-end=\"4125\">interruptor con llave mec\u00e1nica situado en el panel frontal<\/strong>, permitiendo al gestor del local elegir entre diferentes niveles de sonido previamente configurados por el instalador.<\/p>\n<p data-start=\"4246\" data-end=\"4311\">Esta soluci\u00f3n es especialmente \u00fatil cuando se necesita gestionar:<\/p>\n<ul data-start=\"4313\" data-end=\"4426\">\n<li data-section-id=\"y9wly3\" data-start=\"4313\" data-end=\"4338\">\n<p data-start=\"4315\" data-end=\"4338\"><strong data-start=\"4315\" data-end=\"4338\">nivel sonoro diurno<\/strong><\/p>\n<\/li>\n<li data-section-id=\"1fprhsw\" data-start=\"4339\" data-end=\"4366\">\n<p data-start=\"4341\" data-end=\"4366\"><strong data-start=\"4341\" data-end=\"4366\">nivel sonoro nocturno<\/strong><\/p>\n<\/li>\n<li data-section-id=\"toulta\" data-start=\"4367\" data-end=\"4426\">\n<p data-start=\"4369\" data-end=\"4426\"><strong data-start=\"4369\" data-end=\"4426\">nivel temporal superior para autorizaciones ac\u00fasticas<\/strong><\/p>\n<\/li>\n<\/ul>\n<p data-start=\"4428\" data-end=\"4551\">Los tres umbrales se configuran durante la instalaci\u00f3n y posteriormente se seleccionan mediante la llave del panel frontal.<\/p>\n<hr data-start=\"4553\" data-end=\"4556\" \/>\n<h2 data-section-id=\"7zkn5h\" data-start=\"4558\" data-end=\"4614\">Versi\u00f3n 3 \u2013 LL2C con gesti\u00f3n mediante controlador web<\/h2>\n<p data-start=\"4616\" data-end=\"4750\">Esta versi\u00f3n integra un <strong data-start=\"4640\" data-end=\"4688\">controlador web con acceso a trav\u00e9s de Wi-Fi<\/strong>, que permite gestionar y programar los niveles de limitaci\u00f3n.<\/p>\n<p data-start=\"4752\" data-end=\"4771\">El sistema permite:<\/p>\n<ul data-start=\"4773\" data-end=\"4992\">\n<li data-section-id=\"f9hx4r\" data-start=\"4773\" data-end=\"4840\">\n<p data-start=\"4775\" data-end=\"4840\">programar autom\u00e1ticamente <strong data-start=\"4801\" data-end=\"4840\">niveles sonoros diurnos y nocturnos<\/strong><\/p>\n<\/li>\n<li data-section-id=\"19nfium\" data-start=\"4841\" data-end=\"4882\">\n<p data-start=\"4843\" data-end=\"4882\">gestionar <strong data-start=\"4853\" data-end=\"4882\">autorizaciones temporales<\/strong><\/p>\n<\/li>\n<li data-section-id=\"17rinyw\" data-start=\"4883\" data-end=\"4939\">\n<p data-start=\"4885\" data-end=\"4939\">configurar horarios y d\u00edas mediante <strong data-start=\"4921\" data-end=\"4939\">calendario web<\/strong><\/p>\n<\/li>\n<li data-section-id=\"176qjch\" data-start=\"4940\" data-end=\"4992\">\n<p data-start=\"4942\" data-end=\"4992\">generar un <strong data-start=\"4953\" data-end=\"4992\">historial de cambios y activaciones<\/strong><\/p>\n<\/li>\n<\/ul>\n<p data-start=\"4994\" data-end=\"5039\">El sistema dispone de dos perfiles de acceso:<\/p>\n<p data-start=\"5041\" data-end=\"5152\"><strong data-start=\"5041\" data-end=\"5065\">Perfil administrador<\/strong><br data-start=\"5065\" data-end=\"5068\" \/>gestionado por el instalador, con acceso completo a la configuraci\u00f3n y programaci\u00f3n.<\/p>\n<p data-start=\"5154\" data-end=\"5274\"><strong data-start=\"5154\" data-end=\"5172\">Perfil usuario<\/strong><br data-start=\"5172\" data-end=\"5175\" \/>destinado al gestor del local, con acceso a la visualizaci\u00f3n de datos y a las funciones permitidas.<\/p>\n<p data-start=\"5276\" data-end=\"5424\">Esta soluci\u00f3n es especialmente adecuada para instalaciones que requieren <strong data-start=\"5349\" data-end=\"5423\">gesti\u00f3n autom\u00e1tica de niveles sonoros y registro de las modificaciones<\/strong>.<\/p>\n<hr data-start=\"5426\" data-end=\"5429\" \/>\n<h2 data-section-id=\"pndybg\" data-start=\"5431\" data-end=\"5487\">Versi\u00f3n 4 \u2013 LL2C con controlador web y llave mec\u00e1nica<\/h2>\n<p data-start=\"5489\" data-end=\"5644\">Esta versi\u00f3n combina la gesti\u00f3n mediante <strong data-start=\"5530\" data-end=\"5549\">controlador web<\/strong> con la posibilidad de selecci\u00f3n manual mediante <strong data-start=\"5598\" data-end=\"5643\">interruptor con llave en el panel frontal<\/strong>.<\/p>\n<p data-start=\"5646\" data-end=\"5691\">De este modo, el limitador puede gestionarse:<\/p>\n<ul data-start=\"5693\" data-end=\"5768\">\n<li data-section-id=\"1phphtt\" data-start=\"5693\" data-end=\"5724\">\n<p data-start=\"5695\" data-end=\"5724\">mediante <strong data-start=\"5704\" data-end=\"5724\">programaci\u00f3n web<\/strong><\/p>\n<\/li>\n<li data-section-id=\"b9j6d9\" data-start=\"5725\" data-end=\"5768\">\n<p data-start=\"5727\" data-end=\"5768\">o mediante <strong data-start=\"5738\" data-end=\"5768\">selecci\u00f3n manual con llave<\/strong><\/p>\n<\/li>\n<\/ul>\n<p data-start=\"5770\" data-end=\"5877\">ofreciendo la m\u00e1xima flexibilidad para instalaciones que requieren tanto control remoto como control local.<\/p>\n","protected":false},"excerpt":{"rendered":"<p data-start=\"254\" data-end=\"406\">LL2C es un <strong data-start=\"265\" data-end=\"314\">limitador de audio \u00f3ptico est\u00e9reo profesional<\/strong> dise\u00f1ado para controlar el nivel sonoro manteniendo la m\u00e1xima calidad de la se\u00f1al de audio.<\/p>\n<p data-start=\"408\" data-end=\"650\">Gracias a su circuiter\u00eda completamente anal\u00f3gica y al sistema de control mediante <strong data-start=\"490\" data-end=\"517\">fotoacoplador resistivo<\/strong>, el limitador realiza una limitaci\u00f3n <strong data-start=\"555\" data-end=\"595\">suave, progresiva y poco perceptible<\/strong>, preservando el car\u00e1cter natural del programa musical.<\/p>\n<p data-start=\"652\" data-end=\"919\">A diferencia de muchos limitadores tradicionales basados en VCA o en sistemas digitales, LL2C utiliza un sistema de control del volumen <strong data-start=\"788\" data-end=\"812\">totalmente anal\u00f3gico<\/strong>, que garantiza un comportamiento m\u00e1s musical y transparente incluso durante la intervenci\u00f3n del limitador.<\/p>\n<p data-start=\"921\" data-end=\"1191\">El moderno dise\u00f1o electr\u00f3nico, el uso de <strong data-start=\"962\" data-end=\"1005\">componentes seleccionados de bajo ruido<\/strong> y el cuidadoso control de calidad en el ensamblaje proporcionan al limitador LL2C <strong data-start=\"1088\" data-end=\"1137\">alta fiabilidad, estabilidad y calidad sonora<\/strong>, haci\u00e9ndolo adecuado para aplicaciones profesionales.<\/p>\n","protected":false},"featured_media":10476,"template":"","meta":{"_acf_changed":false},"product_brand":[],"product_cat":[254],"product_tag":[],"class_list":{"0":"post-10633","1":"product","2":"type-product","3":"status-publish","4":"has-post-thumbnail","6":"product_cat-limitadores","8":"first","9":"instock","10":"sale","11":"taxable","12":"shipping-taxable","13":"purchasable","14":"product-type-variable"},"acf":[],"_links":{"self":[{"href":"https:\/\/www.amplificazionilombardi.it\/es\/wp-json\/wp\/v2\/product\/10633","targetHints":{"allow":["GET"]}}],"collection":[{"href":"https:\/\/www.amplificazionilombardi.it\/es\/wp-json\/wp\/v2\/product"}],"about":[{"href":"https:\/\/www.amplificazionilombardi.it\/es\/wp-json\/wp\/v2\/types\/product"}],"wp:featuredmedia":[{"embeddable":true,"href":"https:\/\/www.amplificazionilombardi.it\/es\/wp-json\/wp\/v2\/media\/10476"}],"wp:attachment":[{"href":"https:\/\/www.amplificazionilombardi.it\/es\/wp-json\/wp\/v2\/media?parent=10633"}],"wp:term":[{"taxonomy":"product_brand","embeddable":true,"href":"https:\/\/www.amplificazionilombardi.it\/es\/wp-json\/wp\/v2\/product_brand?post=10633"},{"taxonomy":"product_cat","embeddable":true,"href":"https:\/\/www.amplificazionilombardi.it\/es\/wp-json\/wp\/v2\/product_cat?post=10633"},{"taxonomy":"product_tag","embeddable":true,"href":"https:\/\/www.amplificazionilombardi.it\/es\/wp-json\/wp\/v2\/product_tag?post=10633"}],"curies":[{"name":"wp","href":"https:\/\/api.w.org\/{rel}","templated":true}]}}