{"id":10665,"date":"2021-11-26T17:55:35","date_gmt":"2021-11-26T16:55:35","guid":{"rendered":"http:\/\/www.amplificazionilombardi.it\/?post_type=product&#038;p=10665"},"modified":"2026-04-12T18:23:55","modified_gmt":"2026-04-12T16:23:55","slug":"altavoces-acusticos-amplificados-lvr400hp-ip65-lombardi-400-w-rms","status":"publish","type":"product","link":"https:\/\/www.amplificazionilombardi.it\/es\/shop\/altavoces-acusticos-amplificados-lvr400hp-ip65-lombardi-400-w-rms\/","title":{"rendered":"LVR400HP ALTAVOCES AC\u00daSTICOS AMPLIFICADOS IP65 LOMBARDI 400 W RMS"},"content":{"rendered":"<p data-start=\"1563\" data-end=\"1758\">El <strong data-start=\"1566\" data-end=\"1595\">LVR400HP Amplificado IP65<\/strong> es un sistema de refuerzo sonoro profesional dise\u00f1ado para ofrecer altas prestaciones manteniendo dimensiones compactas, peso reducido y gran flexibilidad de uso.<\/p>\n<p data-start=\"1760\" data-end=\"1979\">El altavoz es un <strong data-start=\"1777\" data-end=\"1810\">sistema bass reflex de 2 v\u00edas<\/strong> equipado con un <strong data-start=\"1827\" data-end=\"1920\">altavoz coaxial de 8&#8243; con im\u00e1n de neodimio y driver de compresi\u00f3n con diafragma de Kapton<\/strong>, combinado con un <strong data-start=\"1939\" data-end=\"1978\">filtro crossover pasivo incorporado<\/strong>.<\/p>\n<p data-start=\"1981\" data-end=\"2016\">Esta configuraci\u00f3n permite obtener:<\/p>\n<ul data-start=\"2018\" data-end=\"2139\">\n<li data-section-id=\"i2imju\" data-start=\"2018\" data-end=\"2058\">excelente inteligibilidad del sonido<\/li>\n<li data-section-id=\"1mnctyp\" data-start=\"2059\" data-end=\"2089\">respuesta din\u00e1mica precisa<\/li>\n<li data-section-id=\"1bc15o0\" data-start=\"2090\" data-end=\"2109\">alta eficiencia<\/li>\n<li data-section-id=\"oeghyk\" data-start=\"2110\" data-end=\"2139\">cobertura sonora uniforme<\/li>\n<\/ul>\n<hr data-start=\"2141\" data-end=\"2144\" \/>\n<h5 data-section-id=\"b72vmw\" data-start=\"2146\" data-end=\"2173\">Versi\u00f3n amplificada IP65<\/h5>\n<p data-start=\"2175\" data-end=\"2316\">A diferencia de la versi\u00f3n pasiva, el LVR400HP incorpora un <strong data-start=\"2235\" data-end=\"2289\">amplificador integrado en clase A\/B a transistores<\/strong>, dise\u00f1ado para garantizar:<\/p>\n<ul data-start=\"2318\" data-end=\"2424\">\n<li data-section-id=\"1p2a4tw\" data-start=\"2318\" data-end=\"2335\">alta din\u00e1mica<\/li>\n<li data-section-id=\"c70enr\" data-start=\"2336\" data-end=\"2364\">fiabilidad a largo plazo<\/li>\n<li data-section-id=\"1ewsc8f\" data-start=\"2365\" data-end=\"2424\">comportamiento estable incluso en condiciones exigentes<\/li>\n<\/ul>\n<p data-start=\"2426\" data-end=\"2577\">El sistema cuenta con certificaci\u00f3n <strong data-start=\"2462\" data-end=\"2470\">IP65<\/strong>, garantizando un funcionamiento fiable incluso bajo la lluvia y permitiendo su uso continuo en exteriores.<\/p>\n<p data-start=\"2579\" data-end=\"2647\">El sistema funciona en <strong data-start=\"2602\" data-end=\"2646\">mono-amplificaci\u00f3n con 400 W RMS a 8 Ohm<\/strong>.<\/p>\n<hr data-start=\"2649\" data-end=\"2652\" \/>\n<h5 data-section-id=\"72pwre\" data-start=\"2654\" data-end=\"2694\">Sistema compacto, eficiente y modular<\/h5>\n<p data-start=\"2696\" data-end=\"2814\">Uno de los principales puntos fuertes del LVR400HP es la combinaci\u00f3n de <strong data-start=\"2768\" data-end=\"2813\">tama\u00f1o compacto, eficiencia y modularidad<\/strong>.<\/p>\n<p data-start=\"2816\" data-end=\"3035\">A pesar de sus dimensiones reducidas, el sistema ofrece prestaciones profesionales con una excelente <strong data-start=\"2917\" data-end=\"2950\">relaci\u00f3n potencia-dimensiones<\/strong>, siendo adecuado tanto para aplicaciones sobre tr\u00edpode como para sistemas modulares.<\/p>\n<p data-start=\"3037\" data-end=\"3061\">Esto lo hace ideal para:<\/p>\n<ul data-start=\"3063\" data-end=\"3233\">\n<li data-section-id=\"qqx8jz\" data-start=\"3063\" data-end=\"3094\">servicios de sonido m\u00f3viles<\/li>\n<li data-section-id=\"1a3h8mr\" data-start=\"3095\" data-end=\"3123\">instalaciones temporales<\/li>\n<li data-section-id=\"gho5bl\" data-start=\"3124\" data-end=\"3146\">eventos en directo<\/li>\n<li data-section-id=\"ono1g3\" data-start=\"3147\" data-end=\"3180\">aplicaciones indoor y outdoor<\/li>\n<li data-section-id=\"nf0tub\" data-start=\"3181\" data-end=\"3233\">situaciones donde se requiere rapidez de montaje<\/li>\n<\/ul>\n<hr data-start=\"3235\" data-end=\"3238\" \/>\n<h5 data-section-id=\"tdog5a\" data-start=\"3240\" data-end=\"3284\">Configuraci\u00f3n modular y uso sobre tr\u00edpode<\/h5>\n<p data-start=\"3286\" data-end=\"3314\">El sistema puede utilizarse:<\/p>\n<ul data-start=\"3316\" data-end=\"3487\">\n<li data-section-id=\"hg8xnu\" data-start=\"3316\" data-end=\"3349\">individualmente sobre tr\u00edpode<\/li>\n<li data-section-id=\"q0lhm\" data-start=\"3350\" data-end=\"3398\">apilado hasta <strong data-start=\"3366\" data-end=\"3396\">tres m\u00f3dulos sobre tr\u00edpode<\/strong><\/li>\n<li data-section-id=\"yspqug\" data-start=\"3399\" data-end=\"3431\">en configuraciones modulares<\/li>\n<li data-section-id=\"1rqwlpu\" data-start=\"3432\" data-end=\"3460\">en clusters horizontales<\/li>\n<li data-section-id=\"p0z6c3\" data-start=\"3461\" data-end=\"3487\">en sistemas Line Array<\/li>\n<\/ul>\n<p data-start=\"3489\" data-end=\"3640\">El apilado sobre tr\u00edpode permite aumentar la cobertura sonora manteniendo un \u00fanico punto de emisi\u00f3n, ideal para configuraciones compactas y eficientes.<\/p>\n<hr data-start=\"3642\" data-end=\"3645\" \/>\n<h5 data-section-id=\"9hkue7\" data-start=\"3647\" data-end=\"3675\">Expansi\u00f3n activo + pasivo<\/h5>\n<p data-start=\"3677\" data-end=\"3826\">Cada m\u00f3dulo <strong data-start=\"3689\" data-end=\"3713\">LVR400HP Amplificado<\/strong> puede alimentar un segundo altavoz pasivo de <strong data-start=\"3759\" data-end=\"3768\">8 Ohm<\/strong>, permitiendo la creaci\u00f3n de sistemas modulares compactos.<\/p>\n<p data-start=\"3828\" data-end=\"3850\">Altavoces compatibles:<\/p>\n<p data-start=\"3852\" data-end=\"3916\">\u2022 <strong data-start=\"3854\" data-end=\"3889\">LVR400HP pasivo (Medios\/Agudos)<\/strong><br data-start=\"3889\" data-end=\"3892\" \/>\u2022 <strong data-start=\"3894\" data-end=\"3914\">LVR400BP (Bajos)<\/strong><\/p>\n<p data-start=\"3918\" data-end=\"4027\">Esto permite configurar sistemas combinando m\u00f3dulos de Medios\/Agudos y Bajos seg\u00fan las necesidades ac\u00fasticas.<\/p>\n<hr data-start=\"4029\" data-end=\"4032\" \/>\n<h5 data-section-id=\"yl7fg0\" data-start=\"4034\" data-end=\"4073\">Configuraciones Line Array y cluster<\/h5>\n<p data-start=\"4075\" data-end=\"4120\">El sistema est\u00e1 dise\u00f1ado para funcionar como:<\/p>\n<ul data-start=\"4122\" data-end=\"4252\">\n<li data-section-id=\"g4eyje\" data-start=\"4122\" data-end=\"4144\">altavoz individual<\/li>\n<li data-section-id=\"fcgygg\" data-start=\"4145\" data-end=\"4164\">sistema modular<\/li>\n<li data-section-id=\"jm0ngm\" data-start=\"4165\" data-end=\"4206\">configuraciones en cluster horizontal<\/li>\n<li data-section-id=\"1nhru75\" data-start=\"4207\" data-end=\"4252\">sistemas Line Array con hardware dedicado<\/li>\n<\/ul>\n<p data-start=\"4254\" data-end=\"4360\">El dise\u00f1o modular del recinto permite una gran flexibilidad en la configuraci\u00f3n e instalaci\u00f3n del sistema.<\/p>\n<p data-start=\"4362\" data-end=\"4372\">Cobertura:<\/p>\n<p data-start=\"4374\" data-end=\"4409\">\u2022 <strong data-start=\"4376\" data-end=\"4409\">70\u00b0 horizontal \/ 70\u00b0 vertical<\/strong><\/p>\n<hr data-start=\"4411\" data-end=\"4414\" \/>\n<h5 data-section-id=\"so3rhf\" data-start=\"4416\" data-end=\"4445\">Integraci\u00f3n con subwoofers<\/h5>\n<p data-start=\"4447\" data-end=\"4519\">El LVR400HP Amplificado es ideal en combinaci\u00f3n con subwoofers Lombardi:<\/p>\n<p data-start=\"4521\" data-end=\"4613\">\u2022 <strong data-start=\"4523\" data-end=\"4533\">LS450P<\/strong><br data-start=\"4533\" data-end=\"4536\" \/>\u2022 <strong data-start=\"4538\" data-end=\"4550\">LS450AHS<\/strong><br data-start=\"4550\" data-end=\"4553\" \/>\u2022 <strong data-start=\"4555\" data-end=\"4565\">LS700P<\/strong><br data-start=\"4565\" data-end=\"4568\" \/>\u2022 <strong data-start=\"4570\" data-end=\"4581\">LS1000P<\/strong><br data-start=\"4581\" data-end=\"4584\" \/>\u2022 <strong data-start=\"4586\" data-end=\"4596\">LS950P<\/strong><br data-start=\"4596\" data-end=\"4599\" \/>\u2022 <strong data-start=\"4601\" data-end=\"4613\">LS950AHS<\/strong><\/p>\n<p data-start=\"4615\" data-end=\"4728\">Estas combinaciones permiten crear sistemas completos, compactos y eficientes con extensi\u00f3n en bajas frecuencias.<\/p>\n<hr data-start=\"4730\" data-end=\"4733\" \/>\n<h5 data-section-id=\"91ipt2\" data-start=\"4735\" data-end=\"4781\">Filosof\u00eda de dise\u00f1o Amplificazioni Lombardi<\/h5>\n<p data-start=\"4783\" data-end=\"4930\">Amplificazioni Lombardi desarrolla sistemas de audio profesional siguiendo una filosof\u00eda clara: <strong data-start=\"4879\" data-end=\"4929\">calidad sonora, fiabilidad y construcci\u00f3n real<\/strong>.<\/p>\n<p data-start=\"4932\" data-end=\"4993\">Cada producto est\u00e1 dise\u00f1ado y fabricado en Italia utilizando:<\/p>\n<ul data-start=\"4995\" data-end=\"5144\">\n<li data-section-id=\"ujthg1\" data-start=\"4995\" data-end=\"5038\">componentes profesionales seleccionados<\/li>\n<li data-section-id=\"t3h8qh\" data-start=\"5039\" data-end=\"5087\">soluciones ac\u00fasticas y mec\u00e1nicas optimizadas<\/li>\n<li data-section-id=\"1cozu5s\" data-start=\"5088\" data-end=\"5144\">materiales elegidos por su rendimiento y durabilidad<\/li>\n<\/ul>\n<p data-start=\"5146\" data-end=\"5247\">El resultado es un sistema dise\u00f1ado para uso real, con prestaciones constantes a lo largo del tiempo.<\/p>\n","protected":false},"excerpt":{"rendered":"<p data-start=\"342\" data-end=\"660\">El <strong data-start=\"345\" data-end=\"374\">LVR400HP Amplificado IP65<\/strong> es un altavoz activo profesional dise\u00f1ado y fabricado \u00edntegramente en Italia por <strong data-start=\"456\" data-end=\"483\">Amplificazioni Lombardi<\/strong>, desarrollado para aplicaciones en directo e instalaciones de sonido donde se requieren <strong data-start=\"572\" data-end=\"659\">calidad sonora, modularidad, tama\u00f1o compacto y fiabilidad en condiciones exteriores<\/strong>.<\/p>\n<p data-start=\"662\" data-end=\"872\">El sistema se basa en el m\u00f3dulo <strong data-start=\"694\" data-end=\"720\">LVR400HP Medios\/Agudos<\/strong>, aqu\u00ed en versi\u00f3n <strong data-start=\"738\" data-end=\"790\">amplificada con etapa de potencia integrada IP65<\/strong>, lo que permite su uso incluso en presencia de lluvia y en condiciones exigentes.<\/p>\n<p data-start=\"874\" data-end=\"902\">Caracter\u00edsticas principales:<\/p>\n<p data-start=\"904\" data-end=\"1137\">\u2022 <strong data-start=\"906\" data-end=\"952\">altavoz coaxial de 8&#8243; con im\u00e1n de neodimio<\/strong><br data-start=\"952\" data-end=\"955\" \/>\u2022 <strong data-start=\"957\" data-end=\"1005\">driver de compresi\u00f3n con diafragma de Kapton<\/strong><br data-start=\"1005\" data-end=\"1008\" \/>\u2022 <strong data-start=\"1010\" data-end=\"1049\">amplificador integrado en clase A\/B<\/strong><br data-start=\"1049\" data-end=\"1052\" \/>\u2022 <strong data-start=\"1054\" data-end=\"1102\">electr\u00f3nica y conexiones con protecci\u00f3n IP65<\/strong><br data-start=\"1102\" data-end=\"1105\" \/>\u2022 <strong data-start=\"1107\" data-end=\"1137\">recinto compacto y modular<\/strong><\/p>\n<p data-start=\"1139\" data-end=\"1334\">La fuerza del producto reside en su <strong data-start=\"1175\" data-end=\"1245\">versatilidad, modularidad, facilidad de uso, ligereza y eficiencia<\/strong>, junto con la calidad sonora que caracteriza a los sistemas <strong data-start=\"1306\" data-end=\"1333\">Amplificazioni Lombardi<\/strong>.<\/p>\n<p data-start=\"1336\" data-end=\"1517\">A pesar de sus dimensiones compactas, el sistema ofrece una excelente <strong data-start=\"1406\" data-end=\"1439\">relaci\u00f3n potencia-dimensiones<\/strong>, siendo ideal tanto para uso sobre tr\u00edpode como en configuraciones modulares.<\/p>\n","protected":false},"featured_media":10440,"template":"","meta":{"_acf_changed":false},"product_brand":[],"product_cat":[253],"product_tag":[],"class_list":{"0":"post-10665","1":"product","2":"type-product","3":"status-publish","4":"has-post-thumbnail","6":"product_cat-altavoces-acusticos","8":"first","9":"instock","10":"sale","11":"taxable","12":"shipping-taxable","13":"purchasable","14":"product-type-simple"},"acf":[],"_links":{"self":[{"href":"https:\/\/www.amplificazionilombardi.it\/es\/wp-json\/wp\/v2\/product\/10665","targetHints":{"allow":["GET"]}}],"collection":[{"href":"https:\/\/www.amplificazionilombardi.it\/es\/wp-json\/wp\/v2\/product"}],"about":[{"href":"https:\/\/www.amplificazionilombardi.it\/es\/wp-json\/wp\/v2\/types\/product"}],"wp:featuredmedia":[{"embeddable":true,"href":"https:\/\/www.amplificazionilombardi.it\/es\/wp-json\/wp\/v2\/media\/10440"}],"wp:attachment":[{"href":"https:\/\/www.amplificazionilombardi.it\/es\/wp-json\/wp\/v2\/media?parent=10665"}],"wp:term":[{"taxonomy":"product_brand","embeddable":true,"href":"https:\/\/www.amplificazionilombardi.it\/es\/wp-json\/wp\/v2\/product_brand?post=10665"},{"taxonomy":"product_cat","embeddable":true,"href":"https:\/\/www.amplificazionilombardi.it\/es\/wp-json\/wp\/v2\/product_cat?post=10665"},{"taxonomy":"product_tag","embeddable":true,"href":"https:\/\/www.amplificazionilombardi.it\/es\/wp-json\/wp\/v2\/product_tag?post=10665"}],"curies":[{"name":"wp","href":"https:\/\/api.w.org\/{rel}","templated":true}]}}