{"id":10822,"date":"2023-09-07T16:29:30","date_gmt":"2023-09-07T14:29:30","guid":{"rendered":"http:\/\/www.amplificazionilombardi.it\/?post_type=product&#038;p=10822"},"modified":"2026-04-19T21:46:11","modified_gmt":"2026-04-19T19:46:11","slug":"subwoofer-amplificado-ls450as-de-450-w-rms","status":"publish","type":"product","link":"https:\/\/www.amplificazionilombardi.it\/es\/shop\/subwoofer-amplificado-ls450as-de-450-w-rms\/","title":{"rendered":"LS450AS &#8211; 450 W RMS AMPLIFIED SUBWOOFER"},"content":{"rendered":"<p data-start=\"1278\" data-end=\"1507\">El <strong data-start=\"1281\" data-end=\"1292\">LS450AS<\/strong> es la versi\u00f3n amplificada del modelo <strong data-start=\"1330\" data-end=\"1340\">LS450P<\/strong>, manteniendo la filosof\u00eda de dise\u00f1o Lombardi: ofrecer <strong data-start=\"1395\" data-end=\"1458\">rendimiento real, alta eficiencia y calidad sonora superior<\/strong> frente a los sistemas bass reflex tradicionales.<\/p>\n<p data-start=\"1509\" data-end=\"1746\">A diferencia del modelo <strong data-start=\"1533\" data-end=\"1545\">LS450AHS<\/strong>, el LS450AS es un sistema m\u00e1s simple y directo, equipado con un \u00fanico amplificador dedicado al subwoofer, pensado para aplicaciones donde se requiere <strong data-start=\"1696\" data-end=\"1745\">rapidez de uso y m\u00e1xima practicidad operativa<\/strong>.<\/p>\n<hr data-start=\"1748\" data-end=\"1751\" \/>\n<h5 data-section-id=\"13ik4nv\" data-start=\"1753\" data-end=\"1795\">Tecnolog\u00eda de tromba y rendimiento real<\/h5>\n<p data-start=\"1797\" data-end=\"1855\">El dise\u00f1o <strong data-start=\"1807\" data-end=\"1827\">cargado a tromba<\/strong> permite al LS450AS obtener:<\/p>\n<ul data-start=\"1857\" data-end=\"1981\">\n<li data-section-id=\"1bc15o0\" data-start=\"1857\" data-end=\"1876\">alta eficiencia<\/li>\n<li data-section-id=\"12lo0rc\" data-start=\"1877\" data-end=\"1903\">elevada presi\u00f3n sonora<\/li>\n<li data-section-id=\"vx2976\" data-start=\"1904\" data-end=\"1950\">excelente control de las bajas frecuencias<\/li>\n<li data-section-id=\"1mrfejn\" data-start=\"1951\" data-end=\"1981\">respuesta r\u00e1pida y precisa<\/li>\n<\/ul>\n<p data-start=\"1983\" data-end=\"2085\">A pesar del woofer de <strong data-start=\"2005\" data-end=\"2011\">8&#8243;<\/strong>, el sistema ofrece prestaciones comparables a subwoofers de mayor tama\u00f1o.<\/p>\n<p data-start=\"2087\" data-end=\"2271\">El sistema mantiene una <strong data-start=\"2111\" data-end=\"2145\">respuesta en frecuencia lineal<\/strong>, lo que lo hace extremadamente vers\u00e1til para cualquier g\u00e9nero musical y adecuado tanto para aplicaciones indoor como outdoor.<\/p>\n<hr data-start=\"2273\" data-end=\"2276\" \/>\n<h5 data-section-id=\"1ezv5ep\" data-start=\"2278\" data-end=\"2304\">Amplificaci\u00f3n integrada<\/h5>\n<p data-start=\"2306\" data-end=\"2380\">El LS450AS est\u00e1 equipado con un amplificador interno capaz de suministrar:<\/p>\n<p data-start=\"2382\" data-end=\"2408\">\u2022 <strong data-start=\"2384\" data-end=\"2408\">450 W RMS a 8 ohmios<\/strong><\/p>\n<p data-start=\"2410\" data-end=\"2457\">La amplificaci\u00f3n est\u00e1 dise\u00f1ada para garantizar:<\/p>\n<ul data-start=\"2459\" data-end=\"2520\">\n<li data-section-id=\"1apa7o6\" data-start=\"2459\" data-end=\"2476\">gran din\u00e1mica<\/li>\n<li data-section-id=\"1obypnt\" data-start=\"2477\" data-end=\"2491\">fiabilidad<\/li>\n<li data-section-id=\"ylc6mb\" data-start=\"2492\" data-end=\"2520\">control real del altavoz<\/li>\n<\/ul>\n<p data-start=\"2522\" data-end=\"2653\">El sistema est\u00e1 optimizado para trabajar perfectamente con su propio transductor, asegurando un rendimiento coherente y controlado.<\/p>\n<hr data-start=\"2655\" data-end=\"2658\" \/>\n<h5 data-section-id=\"guu0rb\" data-start=\"2660\" data-end=\"2713\">Sistema flexible e integraci\u00f3n con otros altavoces<\/h5>\n<p data-start=\"2715\" data-end=\"2849\">El <strong data-start=\"2718\" data-end=\"2729\">LS450AS<\/strong> puede utilizarse como base de sistemas de audio compactos y est\u00e1 dise\u00f1ado para funcionar en diferentes configuraciones:<\/p>\n<p data-start=\"2851\" data-end=\"2976\">\u2022 combinaci\u00f3n con <strong data-start=\"2869\" data-end=\"2900\">tops activos (amplificados)<\/strong><br data-start=\"2900\" data-end=\"2903\" \/>\u2022 uso en sistemas con <strong data-start=\"2925\" data-end=\"2974\">altavoces pasivos sin amplificaci\u00f3n integrada<\/strong><\/p>\n<p data-start=\"2978\" data-end=\"3071\">Esta flexibilidad lo convierte en una soluci\u00f3n muy vers\u00e1til para distintos tipos de sistemas.<\/p>\n<hr data-start=\"3073\" data-end=\"3076\" \/>\n<h5 data-section-id=\"1ox6ysy\" data-start=\"3078\" data-end=\"3117\">Posibilidad de expansi\u00f3n del sistema<\/h5>\n<p data-start=\"3119\" data-end=\"3280\">El LS450AS permite conectar un segundo subwoofer pasivo <strong data-start=\"3175\" data-end=\"3185\">LS450P<\/strong>, reduciendo la impedancia del sistema y aumentando el rendimiento global en bajas frecuencias.<\/p>\n<p data-start=\"3282\" data-end=\"3309\">Esta configuraci\u00f3n permite:<\/p>\n<ul data-start=\"3311\" data-end=\"3402\">\n<li data-section-id=\"6d2om6\" data-start=\"3311\" data-end=\"3341\">aumentar la presi\u00f3n sonora<\/li>\n<li data-section-id=\"1d386xw\" data-start=\"3342\" data-end=\"3366\">ampliar la cobertura<\/li>\n<li data-section-id=\"yyvf7\" data-start=\"3367\" data-end=\"3402\">mantener la coherencia t\u00edmbrica<\/li>\n<\/ul>\n<p data-start=\"3404\" data-end=\"3470\">haciendo el sistema m\u00e1s eficiente en aplicaciones de mayor tama\u00f1o.<\/p>\n<hr data-start=\"3472\" data-end=\"3475\" \/>\n<h5 data-section-id=\"j2ibce\" data-start=\"3477\" data-end=\"3518\">Precisi\u00f3n, velocidad y elecci\u00f3n del 8&#8243;<\/h5>\n<p data-start=\"3520\" data-end=\"3556\">El woofer de <strong data-start=\"3533\" data-end=\"3539\">8&#8243;<\/strong> permite obtener:<\/p>\n<ul data-start=\"3558\" data-end=\"3645\">\n<li data-section-id=\"1m31al7\" data-start=\"3558\" data-end=\"3577\">mayor velocidad<\/li>\n<li data-section-id=\"r18k8a\" data-start=\"3578\" data-end=\"3597\">mayor precisi\u00f3n<\/li>\n<li data-section-id=\"1ckyidl\" data-start=\"3598\" data-end=\"3618\">mejor definici\u00f3n<\/li>\n<li data-section-id=\"uo9i65\" data-start=\"3619\" data-end=\"3645\">graves m\u00e1s controlados<\/li>\n<\/ul>\n<p data-start=\"3647\" data-end=\"3753\">El resultado es un bajo <strong data-start=\"3671\" data-end=\"3698\">r\u00e1pido, claro y musical<\/strong>, manteniendo el caracter\u00edstico sonido c\u00e1lido Lombardi.<\/p>\n<hr data-start=\"3755\" data-end=\"3758\" \/>\n<h5 data-section-id=\"re2hje\" data-start=\"3760\" data-end=\"3801\">Recinto ligero y construcci\u00f3n Lombardi<\/h5>\n<p data-start=\"3803\" data-end=\"3854\">El recinto est\u00e1 fabricado con tres tipos de madera:<\/p>\n<p data-start=\"3856\" data-end=\"3993\">\u2022 <strong data-start=\"3858\" data-end=\"3884\">contrachapado de \u00e1lamo<\/strong> (ligereza y sonido c\u00e1lido)<br data-start=\"3911\" data-end=\"3914\" \/>\u2022 <strong data-start=\"3916\" data-end=\"3926\">abedul<\/strong> (resistencia estructural)<br data-start=\"3952\" data-end=\"3955\" \/>\u2022 <strong data-start=\"3957\" data-end=\"3966\">abeto<\/strong> (mejor respuesta ac\u00fastica)<\/p>\n<p data-start=\"3995\" data-end=\"4078\">Esta combinaci\u00f3n permite obtener un recinto <strong data-start=\"4039\" data-end=\"4077\">ligero pero extremadamente robusto<\/strong>.<\/p>\n<hr data-start=\"4080\" data-end=\"4083\" \/>\n<h5 data-section-id=\"1l45auo\" data-start=\"4085\" data-end=\"4113\">Compacidad y portabilidad<\/h5>\n<p data-start=\"4115\" data-end=\"4153\">El <strong data-start=\"4118\" data-end=\"4129\">LS450AS<\/strong> est\u00e1 dise\u00f1ado para ser:<\/p>\n<ul data-start=\"4155\" data-end=\"4203\">\n<li data-section-id=\"1ebe8fs\" data-start=\"4155\" data-end=\"4179\">f\u00e1cil de transportar<\/li>\n<li data-section-id=\"1rehcnm\" data-start=\"4180\" data-end=\"4190\">ligero<\/li>\n<li data-section-id=\"qz09c0\" data-start=\"4191\" data-end=\"4203\">compacto<\/li>\n<\/ul>\n<p data-start=\"4205\" data-end=\"4283\">Puede utilizarse incluso en condiciones log\u00edsticas simples, siendo ideal para:<\/p>\n<ul data-start=\"4285\" data-end=\"4348\">\n<li data-section-id=\"1hyp18k\" data-start=\"4285\" data-end=\"4295\">DJ set<\/li>\n<li data-section-id=\"1g5q869\" data-start=\"4296\" data-end=\"4316\">peque\u00f1os eventos<\/li>\n<li data-section-id=\"qqx8jz\" data-start=\"4317\" data-end=\"4348\">servicios de sonido m\u00f3viles<\/li>\n<\/ul>\n<hr data-start=\"4350\" data-end=\"4353\" \/>\n<h5 data-section-id=\"1ns6cxz\" data-start=\"4355\" data-end=\"4391\">Integraci\u00f3n con sistemas Lombardi<\/h5>\n<p data-start=\"4393\" data-end=\"4433\">El LS450AS se integra perfectamente con:<\/p>\n<p data-start=\"4435\" data-end=\"4449\">\u2022 <strong data-start=\"4437\" data-end=\"4449\">LVR400HP<\/strong><\/p>\n<p data-start=\"4451\" data-end=\"4518\">y es ideal para crear sistemas sub-sat\u00e9lite compactos y eficientes.<\/p>\n<hr data-start=\"4520\" data-end=\"4523\" \/>\n<h5 data-section-id=\"q121wt\" data-start=\"4525\" data-end=\"4546\">Filosof\u00eda Lombardi<\/h5>\n<p data-start=\"4548\" data-end=\"4587\">El LS450AS sigue la filosof\u00eda Lombardi:<\/p>\n<p data-start=\"4589\" data-end=\"4648\">\ud83d\udc49 <strong data-start=\"4592\" data-end=\"4648\">rendimiento real por encima del compromiso comercial<\/strong><\/p>\n<p data-start=\"4650\" data-end=\"4661\">ofreciendo:<\/p>\n<ul data-start=\"4663\" data-end=\"4776\">\n<li data-section-id=\"1bc15o0\" data-start=\"4663\" data-end=\"4682\">alta eficiencia<\/li>\n<li data-section-id=\"zz2o3q\" data-start=\"4683\" data-end=\"4711\">construcci\u00f3n profesional<\/li>\n<li data-section-id=\"rjh281\" data-start=\"4712\" data-end=\"4748\">sonido c\u00e1lido, preciso y natural<\/li>\n<li data-section-id=\"18gyb6p\" data-start=\"4749\" data-end=\"4776\">fiabilidad en el tiempo<\/li>\n<\/ul>\n","protected":false},"excerpt":{"rendered":"<p data-start=\"304\" data-end=\"581\">El <strong data-start=\"307\" data-end=\"318\">LS450AS<\/strong> es un subwoofer profesional <strong data-start=\"347\" data-end=\"379\">amplificado cargado a tromba<\/strong>, dise\u00f1ado y fabricado \u00edntegramente en Italia por <strong data-start=\"429\" data-end=\"456\">Amplificazioni Lombardi<\/strong>, desarrollado para ofrecer <strong data-start=\"484\" data-end=\"580\">alta eficiencia, precisi\u00f3n y rendimiento real en un formato extremadamente compacto y ligero<\/strong>.<\/p>\n<p data-start=\"583\" data-end=\"854\">El sistema incorpora un <strong data-start=\"607\" data-end=\"644\">woofer de 8&#8243; con im\u00e1n de neodimio<\/strong> con bobina de <strong data-start=\"659\" data-end=\"707\">64 mm \/ 2,5&#8243; split winding copper voice coil<\/strong>, alimentado por un amplificador interno de <strong data-start=\"751\" data-end=\"775\">450 W RMS a 8 ohmios<\/strong>, garantizando una respuesta en bajas frecuencias potente, r\u00e1pida y controlada.<\/p>\n<p data-start=\"856\" data-end=\"884\">Caracter\u00edsticas principales:<\/p>\n<p data-start=\"886\" data-end=\"1102\">\u2022 <strong data-start=\"888\" data-end=\"930\">subwoofer amplificado cargado a tromba<\/strong><br data-start=\"930\" data-end=\"933\" \/>\u2022 <strong data-start=\"935\" data-end=\"985\">1 woofer de 8&#8243; de alta eficiencia con neodimio<\/strong><br data-start=\"985\" data-end=\"988\" \/>\u2022 <strong data-start=\"990\" data-end=\"1029\">amplificador integrado de 450 W RMS<\/strong><br data-start=\"1029\" data-end=\"1032\" \/>\u2022 <strong data-start=\"1034\" data-end=\"1064\">gesti\u00f3n de se\u00f1al anal\u00f3gica<\/strong><br data-start=\"1064\" data-end=\"1067\" \/>\u2022 <strong data-start=\"1069\" data-end=\"1102\">dise\u00f1o ultracompacto y ligero<\/strong><\/p>\n<p data-start=\"1104\" data-end=\"1232\">El <strong data-start=\"1107\" data-end=\"1118\">LS450AS<\/strong> es la soluci\u00f3n ideal para sistemas compactos donde se requiere <strong data-start=\"1182\" data-end=\"1231\">calidad sonora profesional y facilidad de uso<\/strong>.<\/p>\n","protected":false},"featured_media":10479,"template":"","meta":{"_acf_changed":false},"product_brand":[],"product_cat":[259],"product_tag":[],"class_list":{"0":"post-10822","1":"product","2":"type-product","3":"status-publish","4":"has-post-thumbnail","6":"product_cat-subwoofer-es","8":"first","9":"instock","10":"sale","11":"featured","12":"taxable","13":"shipping-taxable","14":"purchasable","15":"product-type-simple"},"acf":[],"_links":{"self":[{"href":"https:\/\/www.amplificazionilombardi.it\/es\/wp-json\/wp\/v2\/product\/10822","targetHints":{"allow":["GET"]}}],"collection":[{"href":"https:\/\/www.amplificazionilombardi.it\/es\/wp-json\/wp\/v2\/product"}],"about":[{"href":"https:\/\/www.amplificazionilombardi.it\/es\/wp-json\/wp\/v2\/types\/product"}],"wp:featuredmedia":[{"embeddable":true,"href":"https:\/\/www.amplificazionilombardi.it\/es\/wp-json\/wp\/v2\/media\/10479"}],"wp:attachment":[{"href":"https:\/\/www.amplificazionilombardi.it\/es\/wp-json\/wp\/v2\/media?parent=10822"}],"wp:term":[{"taxonomy":"product_brand","embeddable":true,"href":"https:\/\/www.amplificazionilombardi.it\/es\/wp-json\/wp\/v2\/product_brand?post=10822"},{"taxonomy":"product_cat","embeddable":true,"href":"https:\/\/www.amplificazionilombardi.it\/es\/wp-json\/wp\/v2\/product_cat?post=10822"},{"taxonomy":"product_tag","embeddable":true,"href":"https:\/\/www.amplificazionilombardi.it\/es\/wp-json\/wp\/v2\/product_tag?post=10822"}],"curies":[{"name":"wp","href":"https:\/\/api.w.org\/{rel}","templated":true}]}}