{"id":10855,"date":"2023-09-08T11:07:06","date_gmt":"2023-09-08T09:07:06","guid":{"rendered":"http:\/\/www.amplificazionilombardi.it\/?post_type=product&#038;p=10855"},"modified":"2026-04-19T21:22:32","modified_gmt":"2026-04-19T19:22:32","slug":"subwoofer-biamplificado-lombardi-ls450ahs-850-w-rms-de-alta-potencia","status":"publish","type":"product","link":"https:\/\/www.amplificazionilombardi.it\/es\/shop\/subwoofer-biamplificado-lombardi-ls450ahs-850-w-rms-de-alta-potencia\/","title":{"rendered":"LS450AHS &#8211; Subwoofer bi-amplificado con alta potencia de salida de 850 W RMS"},"content":{"rendered":"<p data-start=\"1459\" data-end=\"1685\">El <strong data-start=\"1462\" data-end=\"1474\">LS450AHS<\/strong> forma parte de la familia de sistemas activos Lombardi, compartiendo la misma filosof\u00eda de dise\u00f1o que el modelo superior <strong data-start=\"1596\" data-end=\"1608\">LS950AHS<\/strong>: ofrecer <strong data-start=\"1618\" data-end=\"1684\">rendimiento real, control anal\u00f3gico y flexibilidad del sistema<\/strong>.<\/p>\n<p data-start=\"1687\" data-end=\"1903\">En comparaci\u00f3n con el LS950AHS, el LS450AHS mantiene la misma arquitectura en un formato m\u00e1s compacto, ligero y f\u00e1cil de transportar, siendo ideal para aplicaciones donde el espacio y la log\u00edstica son factores clave.<\/p>\n<hr data-start=\"1905\" data-end=\"1908\" \/>\n<h5 data-section-id=\"1v91kr5\" data-start=\"1910\" data-end=\"1955\">Tecnolog\u00eda de tromba y prestaciones reales<\/h5>\n<p data-start=\"1957\" data-end=\"2016\">El dise\u00f1o <strong data-start=\"1967\" data-end=\"1987\">cargado a tromba<\/strong> permite al LS450AHS obtener:<\/p>\n<ul data-start=\"2018\" data-end=\"2142\">\n<li data-section-id=\"1bc15o0\" data-start=\"2018\" data-end=\"2037\">alta eficiencia<\/li>\n<li data-section-id=\"12lo0rc\" data-start=\"2038\" data-end=\"2064\">elevada presi\u00f3n sonora<\/li>\n<li data-section-id=\"vx2976\" data-start=\"2065\" data-end=\"2111\">excelente control de las bajas frecuencias<\/li>\n<li data-section-id=\"1mrfejn\" data-start=\"2112\" data-end=\"2142\">respuesta r\u00e1pida y precisa<\/li>\n<\/ul>\n<p data-start=\"2144\" data-end=\"2246\">A pesar del woofer de <strong data-start=\"2166\" data-end=\"2172\">8&#8243;<\/strong>, el sistema ofrece prestaciones comparables a subwoofers de mayor tama\u00f1o.<\/p>\n<p data-start=\"2248\" data-end=\"2420\">El sistema mantiene una <strong data-start=\"2272\" data-end=\"2306\">respuesta en frecuencia lineal<\/strong>, lo que lo hace extremadamente vers\u00e1til para cualquier g\u00e9nero musical, tanto en aplicaciones indoor como outdoor.<\/p>\n<hr data-start=\"2422\" data-end=\"2425\" \/>\n<h5 data-section-id=\"wku4gc\" data-start=\"2427\" data-end=\"2461\">Sistema biamplificado integrado<\/h5>\n<p data-start=\"2463\" data-end=\"2545\">El LS450AHS incorpora un sistema de amplificaci\u00f3n interna dise\u00f1ado para gestionar:<\/p>\n<p data-start=\"2547\" data-end=\"2596\">\u2022 el subwoofer<br data-start=\"2561\" data-end=\"2564\" \/>\u2022 un segundo canal de potencia<\/p>\n<p data-start=\"2598\" data-end=\"2626\">Configuraciones principales:<\/p>\n<p data-start=\"2628\" data-end=\"2685\">\u2022 <strong data-start=\"2630\" data-end=\"2654\">Modo Top (pasa-alto)<\/strong><br data-start=\"2654\" data-end=\"2657\" \/>control de:<br data-start=\"2668\" data-end=\"2671\" \/>\u2013 <strong data-start=\"2673\" data-end=\"2685\">LVR400HP<\/strong><\/p>\n<p data-start=\"2687\" data-end=\"2767\">\u2022 <strong data-start=\"2689\" data-end=\"2713\">Modo Sub (pasa-bajo)<\/strong><br data-start=\"2713\" data-end=\"2716\" \/>control de un subwoofer pasivo adicional <strong data-start=\"2757\" data-end=\"2767\">LS450P<\/strong><\/p>\n<p data-start=\"2769\" data-end=\"2846\">Esta configuraci\u00f3n permite crear sistemas completos extremadamente compactos.<\/p>\n<hr data-start=\"2848\" data-end=\"2851\" \/>\n<h5 data-section-id=\"15vwuoe\" data-start=\"2853\" data-end=\"2904\">Tecnolog\u00eda anal\u00f3gica Lombardi \u2013 control de se\u00f1al<\/h5>\n<p data-start=\"2906\" data-end=\"3069\">El <strong data-start=\"2909\" data-end=\"2921\">LS450AHS<\/strong> integra un sistema de gesti\u00f3n de se\u00f1al completamente anal\u00f3gico, dise\u00f1ado para garantizar <strong data-start=\"3011\" data-end=\"3068\">calidad sonora, protecci\u00f3n y control real del sistema<\/strong>.<\/p>\n<h6 data-section-id=\"szltey\" data-start=\"3071\" data-end=\"3107\">Doble limitador \u00f3ptico anal\u00f3gico<\/h6>\n<p data-start=\"3109\" data-end=\"3175\">\u2022 <strong data-start=\"3111\" data-end=\"3135\">Limitador de entrada<\/strong><br data-start=\"3135\" data-end=\"3138\" \/>nivela la se\u00f1al evitando distorsi\u00f3n<\/p>\n<p data-start=\"3177\" data-end=\"3270\">\u2022 <strong data-start=\"3179\" data-end=\"3202\">Limitador de salida<\/strong><br data-start=\"3202\" data-end=\"3205\" \/>mantiene el nivel m\u00e1ximo sin distorsi\u00f3n, protegiendo el sistema<\/p>\n<p data-start=\"3272\" data-end=\"3476\"><strong data-start=\"3272\" data-end=\"3476\">Este enfoque permite un control real de la se\u00f1al y una protecci\u00f3n eficaz sin degradar la calidad sonora, manteniendo la din\u00e1mica, naturalidad y musicalidad t\u00edpicas de los sistemas anal\u00f3gicos Lombardi.<\/strong><\/p>\n<hr data-start=\"3478\" data-end=\"3481\" \/>\n<h5 data-section-id=\"7400ve\" data-start=\"3483\" data-end=\"3511\">Gesti\u00f3n flexible de se\u00f1al<\/h5>\n<p data-start=\"3513\" data-end=\"3622\">\u2022 funcionamiento <strong data-start=\"3530\" data-end=\"3550\">mono (entrada A)<\/strong><br data-start=\"3550\" data-end=\"3553\" \/>\u2022 o <strong data-start=\"3557\" data-end=\"3585\">est\u00e9reo (entradas A + B)<\/strong><br data-start=\"3585\" data-end=\"3588\" \/>\u2022 selecci\u00f3n mediante interruptor<\/p>\n<hr data-start=\"3624\" data-end=\"3627\" \/>\n<h5 data-section-id=\"55356k\" data-start=\"3629\" data-end=\"3673\">Configuraci\u00f3n doble de salida amplificada<\/h5>\n<p data-start=\"3675\" data-end=\"3752\">\u2022 modo <strong data-start=\"3682\" data-end=\"3701\">Top (pasa-alto)<\/strong> \u2192 LVR400HP<br data-start=\"3712\" data-end=\"3715\" \/>\u2022 modo <strong data-start=\"3722\" data-end=\"3741\">Sub (pasa-bajo)<\/strong> \u2192 LS450P<\/p>\n<p data-start=\"3754\" data-end=\"3773\">con funcionamiento:<\/p>\n<p data-start=\"3775\" data-end=\"3795\">\u2022 mono<br data-start=\"3781\" data-end=\"3784\" \/>\u2022 est\u00e9reo<\/p>\n<hr data-start=\"3797\" data-end=\"3800\" \/>\n<h5 data-section-id=\"fw2pmr\" data-start=\"3802\" data-end=\"3827\">Ecualizaci\u00f3n anal\u00f3gica<\/h5>\n<p data-start=\"3829\" data-end=\"3907\">El sistema incorpora una <strong data-start=\"3854\" data-end=\"3894\">ecualizaci\u00f3n completamente anal\u00f3gica<\/strong> que permite:<\/p>\n<p data-start=\"3909\" data-end=\"4028\">\u2022 mejorar la respuesta en bajas frecuencias<br data-start=\"3952\" data-end=\"3955\" \/>\u2022 aumentar la presencia del sub<br data-start=\"3986\" data-end=\"3989\" \/>\u2022 mantener un sonido c\u00e1lido y natural<\/p>\n<hr data-start=\"4030\" data-end=\"4033\" \/>\n<h5 data-section-id=\"14x8hyw\" data-start=\"4035\" data-end=\"4073\">Dise\u00f1o ultracompacto y portabilidad<\/h5>\n<p data-start=\"4075\" data-end=\"4150\">El <strong data-start=\"4078\" data-end=\"4090\">LS450AHS<\/strong> es una de las soluciones m\u00e1s compactas de la gama Lombardi.<\/p>\n<p data-start=\"4152\" data-end=\"4162\">Gracias a:<\/p>\n<ul data-start=\"4164\" data-end=\"4228\">\n<li data-section-id=\"1abe31w\" data-start=\"4164\" data-end=\"4189\">dimensiones reducidas<\/li>\n<li data-section-id=\"1e12g8u\" data-start=\"4190\" data-end=\"4208\">peso contenido<\/li>\n<li data-section-id=\"1bc15o0\" data-start=\"4209\" data-end=\"4228\">alta eficiencia<\/li>\n<\/ul>\n<p data-start=\"4230\" data-end=\"4359\">puede transportarse f\u00e1cilmente incluso en situaciones log\u00edsticas simples, siendo ideal para servicios m\u00f3viles y montajes r\u00e1pidos.<\/p>\n<hr data-start=\"4361\" data-end=\"4364\" \/>\n<h5 data-section-id=\"1ns6cxz\" data-start=\"4366\" data-end=\"4402\">Integraci\u00f3n con sistemas Lombardi<\/h5>\n<p data-start=\"4404\" data-end=\"4445\">El LS450AHS se integra perfectamente con:<\/p>\n<p data-start=\"4447\" data-end=\"4461\">\u2022 <strong data-start=\"4449\" data-end=\"4461\">LVR400HP<\/strong><\/p>\n<p data-start=\"4463\" data-end=\"4528\">permitiendo crear sistemas sub-sat\u00e9lite extremadamente compactos.<\/p>\n<hr data-start=\"4530\" data-end=\"4533\" \/>\n<h5 data-section-id=\"q121wt\" data-start=\"4535\" data-end=\"4556\">Filosof\u00eda Lombardi<\/h5>\n<p data-start=\"4558\" data-end=\"4598\">El LS450AHS sigue la filosof\u00eda Lombardi:<\/p>\n<p data-start=\"4600\" data-end=\"4659\">\ud83d\udc49 <strong data-start=\"4603\" data-end=\"4659\">rendimiento real por encima del compromiso comercial<\/strong><\/p>\n<p data-start=\"4661\" data-end=\"4672\">ofreciendo:<\/p>\n<ul data-start=\"4674\" data-end=\"4793\">\n<li data-section-id=\"xayanu\" data-start=\"4674\" data-end=\"4707\">control anal\u00f3gico de la se\u00f1al<\/li>\n<li data-section-id=\"1bc15o0\" data-start=\"4708\" data-end=\"4727\">alta eficiencia<\/li>\n<li data-section-id=\"zz2o3q\" data-start=\"4728\" data-end=\"4756\">construcci\u00f3n profesional<\/li>\n<li data-section-id=\"1p65dzw\" data-start=\"4757\" data-end=\"4793\">sonido c\u00e1lido, preciso y musical<\/li>\n<\/ul>\n<p data-start=\"4795\" data-end=\"4915\">El LS450AHS no es solo un subwoofer activo, sino un sistema completo dise\u00f1ado para aplicaciones profesionales compactas.<\/p>\n","protected":false},"excerpt":{"rendered":"<p data-start=\"310\" data-end=\"610\">El <strong data-start=\"313\" data-end=\"325\">LS450AHS<\/strong> es un subwoofer profesional <strong data-start=\"354\" data-end=\"388\">biamplificado cargado a tromba<\/strong>, dise\u00f1ado y fabricado \u00edntegramente en Italia por <strong data-start=\"438\" data-end=\"465\">Amplificazioni Lombardi<\/strong>, desarrollado para ofrecer <strong data-start=\"493\" data-end=\"609\">alta eficiencia, control del sistema y prestaciones profesionales en un formato extremadamente compacto y ligero<\/strong>.<\/p>\n<p data-start=\"612\" data-end=\"924\">El sistema incorpora un <strong data-start=\"636\" data-end=\"673\">woofer de 8&#8243; con im\u00e1n de neodimio<\/strong> con bobina de <strong data-start=\"688\" data-end=\"736\">64 mm \/ 2,5&#8243; split winding copper voice coil<\/strong>, combinado con un sistema de amplificaci\u00f3n interna capaz de suministrar <strong data-start=\"809\" data-end=\"822\">850 W RMS<\/strong>, garantizando una respuesta en bajas frecuencias potente y controlada en relaci\u00f3n a su tama\u00f1o y peso.<\/p>\n<p data-start=\"926\" data-end=\"954\">Caracter\u00edsticas principales:<\/p>\n<p data-start=\"956\" data-end=\"1223\">\u2022 <strong data-start=\"958\" data-end=\"1002\">subwoofer biamplificado cargado a tromba<\/strong><br data-start=\"1002\" data-end=\"1005\" \/>\u2022 <strong data-start=\"1007\" data-end=\"1057\">1 woofer de 8&#8243; de alta eficiencia con neodimio<\/strong><br data-start=\"1057\" data-end=\"1060\" \/>\u2022 <strong data-start=\"1062\" data-end=\"1136\">amplificaci\u00f3n integrada con salida para sat\u00e9lite o subwoofer adicional<\/strong><br data-start=\"1136\" data-end=\"1139\" \/>\u2022 <strong data-start=\"1141\" data-end=\"1185\">gesti\u00f3n de se\u00f1al completamente anal\u00f3gica<\/strong><br data-start=\"1185\" data-end=\"1188\" \/>\u2022 <strong data-start=\"1190\" data-end=\"1223\">dise\u00f1o ultracompacto y ligero<\/strong><\/p>\n<p data-start=\"1225\" data-end=\"1413\">El <strong data-start=\"1228\" data-end=\"1240\">LS450AHS<\/strong> no es solo un subwoofer activo, sino un verdadero <strong data-start=\"1291\" data-end=\"1333\">sistema completo de gesti\u00f3n del sonido<\/strong>, ideal para configuraciones profesionales compactas en DJ set y m\u00fasica en vivo.<\/p>\n","protected":false},"featured_media":10479,"template":"","meta":{"_acf_changed":false},"product_brand":[],"product_cat":[259],"product_tag":[],"class_list":{"0":"post-10855","1":"product","2":"type-product","3":"status-publish","4":"has-post-thumbnail","6":"product_cat-subwoofer-es","8":"first","9":"instock","10":"sale","11":"featured","12":"taxable","13":"shipping-taxable","14":"purchasable","15":"product-type-simple"},"acf":[],"_links":{"self":[{"href":"https:\/\/www.amplificazionilombardi.it\/es\/wp-json\/wp\/v2\/product\/10855","targetHints":{"allow":["GET"]}}],"collection":[{"href":"https:\/\/www.amplificazionilombardi.it\/es\/wp-json\/wp\/v2\/product"}],"about":[{"href":"https:\/\/www.amplificazionilombardi.it\/es\/wp-json\/wp\/v2\/types\/product"}],"wp:featuredmedia":[{"embeddable":true,"href":"https:\/\/www.amplificazionilombardi.it\/es\/wp-json\/wp\/v2\/media\/10479"}],"wp:attachment":[{"href":"https:\/\/www.amplificazionilombardi.it\/es\/wp-json\/wp\/v2\/media?parent=10855"}],"wp:term":[{"taxonomy":"product_brand","embeddable":true,"href":"https:\/\/www.amplificazionilombardi.it\/es\/wp-json\/wp\/v2\/product_brand?post=10855"},{"taxonomy":"product_cat","embeddable":true,"href":"https:\/\/www.amplificazionilombardi.it\/es\/wp-json\/wp\/v2\/product_cat?post=10855"},{"taxonomy":"product_tag","embeddable":true,"href":"https:\/\/www.amplificazionilombardi.it\/es\/wp-json\/wp\/v2\/product_tag?post=10855"}],"curies":[{"name":"wp","href":"https:\/\/api.w.org\/{rel}","templated":true}]}}