{"id":12076,"date":"2024-04-30T19:51:09","date_gmt":"2024-04-30T17:51:09","guid":{"rendered":"http:\/\/www.amplificazionilombardi.it\/?post_type=product&#038;p=12076"},"modified":"2026-04-19T20:37:39","modified_gmt":"2026-04-19T18:37:39","slug":"subwoofer-biamplificado-lombardi-ls950ahs-con-alta-potencia-rms-de-1900w","status":"publish","type":"product","link":"https:\/\/www.amplificazionilombardi.it\/es\/shop\/subwoofer-biamplificado-lombardi-ls950ahs-con-alta-potencia-rms-de-1900w\/","title":{"rendered":"LS950AHS &#8211; SUBWOOFER BIAMPLIFICADO CON ALTA POTENCIA RMS DE 1900 W"},"content":{"rendered":"<p data-start=\"354\" data-end=\"628\">El <strong data-start=\"357\" data-end=\"369\">LS950AHS<\/strong> es un subwoofer profesional <strong data-start=\"398\" data-end=\"432\">biamplificado cargado a tromba<\/strong>, dise\u00f1ado y fabricado \u00edntegramente en Italia por <strong data-start=\"482\" data-end=\"509\">Amplificazioni Lombardi<\/strong>, concebido como un sistema completo capaz de gestionar tanto las bajas como las altas frecuencias en una \u00fanica unidad.<\/p>\n<p data-start=\"630\" data-end=\"826\">Pertenece a la misma familia de subwoofers a tromba que <strong data-start=\"686\" data-end=\"715\">LS950P, LS2500P y LS5000P<\/strong>, compartiendo la misma filosof\u00eda de dise\u00f1o: lograr <strong data-start=\"767\" data-end=\"825\">alta eficiencia, precisi\u00f3n y rendimiento ac\u00fastico real<\/strong>.<\/p>\n<p data-start=\"828\" data-end=\"1107\">A diferencia de un subwoofer activo tradicional, el LS950AHS est\u00e1 dise\u00f1ado como un <strong data-start=\"911\" data-end=\"965\">centro de control para sistemas de audio compactos<\/strong>, capaz de alimentar tanto el subwoofer como los sat\u00e9lites, permitiendo la creaci\u00f3n de sistemas completos y modulares con un solo dispositivo.<\/p>\n<hr data-start=\"1109\" data-end=\"1112\" \/>\n<h5 data-section-id=\"13ik4nv\" data-start=\"1114\" data-end=\"1156\">Tecnolog\u00eda de tromba y rendimiento real<\/h5>\n<p data-start=\"1158\" data-end=\"1205\">El dise\u00f1o a tromba permite al LS950AHS ofrecer:<\/p>\n<ul data-start=\"1207\" data-end=\"1310\">\n<li data-section-id=\"1bc15o0\" data-start=\"1207\" data-end=\"1226\">alta eficiencia<\/li>\n<li data-section-id=\"1xdhdvg\" data-start=\"1227\" data-end=\"1250\">gran presi\u00f3n sonora<\/li>\n<li data-section-id=\"1d3r37k\" data-start=\"1251\" data-end=\"1275\">excelente proyecci\u00f3n<\/li>\n<li data-section-id=\"1xl1qbz\" data-start=\"1276\" data-end=\"1310\">respuesta precisa y controlada<\/li>\n<\/ul>\n<p data-start=\"1312\" data-end=\"1429\">Incluso con dimensiones compactas, el sistema proporciona un rendimiento comparable al de subwoofers de mayor tama\u00f1o.<\/p>\n<p data-start=\"1431\" data-end=\"1653\">Se mantiene <strong data-start=\"1443\" data-end=\"1481\">lineal toda la gama de frecuencias<\/strong>, lo que hace que el sistema sea extremadamente vers\u00e1til para cualquier g\u00e9nero musical, ideal tanto para interiores como exteriores.<\/p>\n<hr data-start=\"1655\" data-end=\"1658\" \/>\n<h5 data-section-id=\"wku4gc\" data-start=\"1660\" data-end=\"1694\">Sistema biamplificado integrado<\/h5>\n<p data-start=\"1696\" data-end=\"1771\">El LS950AHS integra un sistema de amplificaci\u00f3n interna capaz de gestionar:<\/p>\n<p data-start=\"1773\" data-end=\"1852\">\u2022 el subwoofer<br data-start=\"1787\" data-end=\"1790\" \/>\u2022 una salida adicional para sat\u00e9lites o un segundo subwoofer<\/p>\n<p data-start=\"1854\" data-end=\"1899\">Esto permite dos configuraciones principales:<\/p>\n<p data-start=\"1901\" data-end=\"2012\">\u2022 <strong data-start=\"1903\" data-end=\"1943\">Configuraci\u00f3n Top (salida pasa-alto)<\/strong><br data-start=\"1943\" data-end=\"1946\" \/>para alimentar un sat\u00e9lite como:<br data-start=\"1978\" data-end=\"1981\" \/>\u2013 LVR600BP<br data-start=\"1991\" data-end=\"1994\" \/>\u2013 o 2 \u00d7 LVR400HP<\/p>\n<p data-start=\"2014\" data-end=\"2114\">\u2022 <strong data-start=\"2016\" data-end=\"2056\">Configuraci\u00f3n Sub (salida pasa-bajo)<\/strong><br data-start=\"2056\" data-end=\"2059\" \/>para alimentar un subwoofer pasivo adicional <strong data-start=\"2104\" data-end=\"2114\">LS950P<\/strong><\/p>\n<p data-start=\"2116\" data-end=\"2190\">Esta flexibilidad permite crear sistemas compactos y altamente eficientes.<\/p>\n<hr data-start=\"2192\" data-end=\"2195\" \/>\n<h5 data-section-id=\"1yl07pq\" data-start=\"2197\" data-end=\"2240\">Tecnolog\u00eda anal\u00f3gica de control de se\u00f1al<\/h5>\n<p data-start=\"2242\" data-end=\"2412\">El <strong data-start=\"2245\" data-end=\"2257\">LS950AHS<\/strong> integra un sistema de gesti\u00f3n de se\u00f1al completamente anal\u00f3gico, dise\u00f1ado para garantizar <strong data-start=\"2347\" data-end=\"2411\">m\u00e1xima calidad sonora, protecci\u00f3n y control real del sistema<\/strong>.<\/p>\n<h6 data-section-id=\"szltey\" data-start=\"2414\" data-end=\"2450\">Doble limitador \u00f3ptico anal\u00f3gico<\/h6>\n<p data-start=\"2452\" data-end=\"2516\">El sistema incorpora <strong data-start=\"2473\" data-end=\"2515\">dos limitadores \u00f3pticos independientes<\/strong>:<\/p>\n<p data-start=\"2518\" data-end=\"2671\">\u2022 <strong data-start=\"2520\" data-end=\"2544\">Limitador de entrada<\/strong><br data-start=\"2544\" data-end=\"2547\" \/>act\u00faa directamente sobre la se\u00f1al entrante, evitando distorsiones en caso de niveles elevados y mejorando la calidad sonora.<\/p>\n<p data-start=\"2673\" data-end=\"2913\">\u2022 <strong data-start=\"2675\" data-end=\"2718\">Limitador de salida (etapa de potencia)<\/strong><br data-start=\"2718\" data-end=\"2721\" \/>mantiene el sistema al m\u00e1ximo nivel operativo sin distorsi\u00f3n.<br data-start=\"2782\" data-end=\"2785\" \/>Gracias a un <strong data-start=\"2798\" data-end=\"2822\">fotoacoplador \u00f3ptico<\/strong>, el nivel permanece estable incluso al aumentar el volumen, reduciendo el riesgo de da\u00f1os.<\/p>\n<p data-start=\"2915\" data-end=\"3111\"><strong data-start=\"2915\" data-end=\"3111\">Este enfoque permite un control real de la se\u00f1al y una protecci\u00f3n eficaz sin degradar el sonido, manteniendo la din\u00e1mica, naturalidad y musicalidad t\u00edpicas de los sistemas anal\u00f3gicos Lombardi.<\/strong><\/p>\n<hr data-start=\"3113\" data-end=\"3116\" \/>\n<h5 data-section-id=\"7400ve\" data-start=\"3118\" data-end=\"3146\">Gesti\u00f3n flexible de se\u00f1al<\/h5>\n<p data-start=\"3148\" data-end=\"3172\">El amplificador permite:<\/p>\n<p data-start=\"3174\" data-end=\"3289\">\u2022 funcionamiento en <strong data-start=\"3194\" data-end=\"3214\">mono (entrada A)<\/strong><br data-start=\"3214\" data-end=\"3217\" \/>\u2022 o en <strong data-start=\"3224\" data-end=\"3252\">est\u00e9reo (entradas A + B)<\/strong><br data-start=\"3252\" data-end=\"3255\" \/>\u2022 selecci\u00f3n mediante interruptor<\/p>\n<hr data-start=\"3291\" data-end=\"3294\" \/>\n<h5 data-section-id=\"18fasak\" data-start=\"3296\" data-end=\"3340\">Doble configuraci\u00f3n de salida amplificada<\/h5>\n<p data-start=\"3342\" data-end=\"3381\">El segundo canal puede configurarse en:<\/p>\n<p data-start=\"3383\" data-end=\"3491\">\u2022 <strong data-start=\"3385\" data-end=\"3409\">modo Top (pasa-alto)<\/strong> \u2192 para sat\u00e9lites<br data-start=\"3426\" data-end=\"3429\" \/>\u2022 <strong data-start=\"3431\" data-end=\"3455\">modo Sub (pasa-bajo)<\/strong> \u2192 para subwoofer adicional LS950P<\/p>\n<p data-start=\"3493\" data-end=\"3527\">Con posibilidad de funcionamiento:<\/p>\n<p data-start=\"3529\" data-end=\"3551\">\u2022 mono<br data-start=\"3535\" data-end=\"3538\" \/>\u2022 o est\u00e9reo<\/p>\n<hr data-start=\"3553\" data-end=\"3556\" \/>\n<h5 data-section-id=\"fw2pmr\" data-start=\"3558\" data-end=\"3583\">Ecualizaci\u00f3n anal\u00f3gica<\/h5>\n<p data-start=\"3585\" data-end=\"3666\">El preamplificador incluye una <strong data-start=\"3616\" data-end=\"3653\">ecualizaci\u00f3n totalmente anal\u00f3gica<\/strong> que permite:<\/p>\n<p data-start=\"3668\" data-end=\"3797\">\u2022 mejorar la extensi\u00f3n de las bajas frecuencias<br data-start=\"3715\" data-end=\"3718\" \/>\u2022 aumentar la presencia del subwoofer<br data-start=\"3755\" data-end=\"3758\" \/>\u2022 mantener un sonido c\u00e1lido y natural<\/p>\n<hr data-start=\"3799\" data-end=\"3802\" \/>\n<h5 data-section-id=\"1ns6cxz\" data-start=\"3804\" data-end=\"3840\">Integraci\u00f3n con sistemas Lombardi<\/h5>\n<p data-start=\"3842\" data-end=\"3883\">El LS950AHS se integra perfectamente con:<\/p>\n<p data-start=\"3885\" data-end=\"3916\">\u2022 <strong data-start=\"3887\" data-end=\"3899\">LVR600BP<\/strong><br data-start=\"3899\" data-end=\"3902\" \/>\u2022 <strong data-start=\"3904\" data-end=\"3916\">LVR400HP<\/strong><\/p>\n<p data-start=\"3918\" data-end=\"4074\">Permitiendo crear sistemas completos como <strong data-start=\"3960\" data-end=\"3971\">LVS12BA<\/strong>, combinando tama\u00f1o compacto, eficiencia y calidad profesional.<\/p>\n<hr data-start=\"4076\" data-end=\"4079\" \/>\n<h5 data-section-id=\"q121wt\" data-start=\"4081\" data-end=\"4102\">Filosof\u00eda Lombardi<\/h5>\n<p data-start=\"4104\" data-end=\"4144\">El LS950AHS sigue la filosof\u00eda Lombardi:<\/p>\n<p data-start=\"4146\" data-end=\"4205\">\ud83d\udc49 <strong data-start=\"4149\" data-end=\"4205\">rendimiento real por encima del compromiso comercial<\/strong><\/p>\n<p data-start=\"4207\" data-end=\"4218\">Ofreciendo:<\/p>\n<ul data-start=\"4220\" data-end=\"4360\">\n<li data-section-id=\"9lbao8\" data-start=\"4220\" data-end=\"4249\">rendimiento ac\u00fastico real<\/li>\n<li data-section-id=\"1bc15o0\" data-start=\"4250\" data-end=\"4269\">alta eficiencia<\/li>\n<li data-section-id=\"wiktah\" data-start=\"4270\" data-end=\"4294\">se\u00f1al anal\u00f3gica pura<\/li>\n<li data-section-id=\"zz2o3q\" data-start=\"4295\" data-end=\"4323\">construcci\u00f3n profesional<\/li>\n<li data-section-id=\"1p65dzw\" data-start=\"4324\" data-end=\"4360\">sonido c\u00e1lido, preciso y musical<\/li>\n<\/ul>\n","protected":false},"excerpt":{"rendered":"<p data-start=\"5852\" data-end=\"6009\">El <strong data-start=\"5855\" data-end=\"5867\">LS950AHS<\/strong> est\u00e1 dise\u00f1ado para aplicaciones profesionales donde se requieren <strong data-start=\"5933\" data-end=\"6008\">eficiencia, calidad sonora, control del sistema y dimensiones compactas<\/strong>.<\/p>\n<p data-start=\"6011\" data-end=\"6036\">Aplicaciones principales:<\/p>\n<p data-start=\"6038\" data-end=\"6247\">\u2022 sistemas compactos profesionales<br data-start=\"6072\" data-end=\"6075\" \/>\u2022 sistemas sub-sat\u00e9lite activos<br data-start=\"6106\" data-end=\"6109\" \/>\u2022 eventos en vivo<br data-start=\"6126\" data-end=\"6129\" \/>\u2022 DJ set<br data-start=\"6137\" data-end=\"6140\" \/>\u2022 instalaciones indoor<br data-start=\"6162\" data-end=\"6165\" \/>\u2022 peque\u00f1os y medianos eventos outdoor<br data-start=\"6202\" data-end=\"6205\" \/>\u2022 sistemas con <strong data-start=\"6220\" data-end=\"6232\">LVR600BP<\/strong> y <strong data-start=\"6235\" data-end=\"6247\">LVR400HP<\/strong><\/p>\n<p data-start=\"6249\" data-end=\"6421\">Gracias a su dise\u00f1o a tromba, amplificaci\u00f3n integrada y control anal\u00f3gico avanzado, el LS950AHS ofrece <strong data-start=\"6352\" data-end=\"6420\">graves c\u00e1lidos, precisi\u00f3n, control y gran flexibilidad operativa<\/strong>.<\/p>\n","protected":false},"featured_media":12117,"template":"","meta":{"_acf_changed":false},"product_brand":[],"product_cat":[259],"product_tag":[],"class_list":{"0":"post-12076","1":"product","2":"type-product","3":"status-publish","4":"has-post-thumbnail","6":"product_cat-subwoofer-es","8":"first","9":"instock","10":"sale","11":"featured","12":"taxable","13":"shipping-taxable","14":"purchasable","15":"product-type-simple"},"acf":[],"_links":{"self":[{"href":"https:\/\/www.amplificazionilombardi.it\/es\/wp-json\/wp\/v2\/product\/12076","targetHints":{"allow":["GET"]}}],"collection":[{"href":"https:\/\/www.amplificazionilombardi.it\/es\/wp-json\/wp\/v2\/product"}],"about":[{"href":"https:\/\/www.amplificazionilombardi.it\/es\/wp-json\/wp\/v2\/types\/product"}],"wp:featuredmedia":[{"embeddable":true,"href":"https:\/\/www.amplificazionilombardi.it\/es\/wp-json\/wp\/v2\/media\/12117"}],"wp:attachment":[{"href":"https:\/\/www.amplificazionilombardi.it\/es\/wp-json\/wp\/v2\/media?parent=12076"}],"wp:term":[{"taxonomy":"product_brand","embeddable":true,"href":"https:\/\/www.amplificazionilombardi.it\/es\/wp-json\/wp\/v2\/product_brand?post=12076"},{"taxonomy":"product_cat","embeddable":true,"href":"https:\/\/www.amplificazionilombardi.it\/es\/wp-json\/wp\/v2\/product_cat?post=12076"},{"taxonomy":"product_tag","embeddable":true,"href":"https:\/\/www.amplificazionilombardi.it\/es\/wp-json\/wp\/v2\/product_tag?post=12076"}],"curies":[{"name":"wp","href":"https:\/\/api.w.org\/{rel}","templated":true}]}}