{"id":12092,"date":"2024-04-30T20:13:50","date_gmt":"2024-04-30T18:13:50","guid":{"rendered":"http:\/\/www.amplificazionilombardi.it\/?post_type=product&#038;p=12092"},"modified":"2026-04-12T21:12:56","modified_gmt":"2026-04-12T19:12:56","slug":"subwoofer-pasivo-ls950p-lombardi-950-w-rms","status":"publish","type":"product","link":"https:\/\/www.amplificazionilombardi.it\/es\/shop\/subwoofer-pasivo-ls950p-lombardi-950-w-rms\/","title":{"rendered":"LS950P &#8211; SUBWOOFER PASIVO 950 W RMS"},"content":{"rendered":"<p data-start=\"1464\" data-end=\"1743\">El <strong data-start=\"1467\" data-end=\"1477\">LS950P<\/strong> pertenece a la misma familia profesional de subwoofers a tromba que <strong data-start=\"1546\" data-end=\"1557\">LS2500P<\/strong> y <strong data-start=\"1560\" data-end=\"1571\">LS5000P<\/strong>, compartiendo la misma filosof\u00eda de dise\u00f1o: lograr <strong data-start=\"1623\" data-end=\"1684\">mayor eficiencia, mayor precisi\u00f3n y mejor proyecci\u00f3n real<\/strong> en comparaci\u00f3n con los sistemas bass reflex tradicionales.<\/p>\n<p data-start=\"1745\" data-end=\"1947\">Esta familia incluye tambi\u00e9n el modelo <strong data-start=\"1784\" data-end=\"1794\">LS450P<\/strong>, que sigue la misma l\u00f3gica de <strong data-start=\"1825\" data-end=\"1869\">alta eficiencia en dimensiones compactas<\/strong>, confirmando la filosof\u00eda Lombardi en subwoofers a tromba de tama\u00f1o reducido.<\/p>\n<p data-start=\"1949\" data-end=\"2233\">La diferencia del <strong data-start=\"1967\" data-end=\"1977\">LS950P<\/strong> est\u00e1 en la escala del proyecto: concentra esta filosof\u00eda en un recinto mucho m\u00e1s compacto, dise\u00f1ado para ofrecer un sistema extremadamente pr\u00e1ctico, ligero y f\u00e1cil de transportar, sin renunciar a la calidad sonora ni a la profundidad en bajas frecuencias.<\/p>\n<p data-start=\"2235\" data-end=\"2282\">El dise\u00f1o <strong data-start=\"2245\" data-end=\"2265\">cargado a tromba<\/strong> permite obtener:<\/p>\n<ul data-start=\"2284\" data-end=\"2486\">\n<li data-section-id=\"e1ngu7\" data-start=\"2284\" data-end=\"2312\">alta eficiencia mec\u00e1nica<\/li>\n<li data-section-id=\"glg5lg\" data-start=\"2313\" data-end=\"2361\">elevada presi\u00f3n sonora en relaci\u00f3n al tama\u00f1o<\/li>\n<li data-section-id=\"10ahlvz\" data-start=\"2362\" data-end=\"2398\">excelente proyecci\u00f3n a distancia<\/li>\n<li data-section-id=\"1twgubd\" data-start=\"2399\" data-end=\"2432\">graves controlados y precisos<\/li>\n<li data-section-id=\"1ahgmwq\" data-start=\"2433\" data-end=\"2486\">gran soporte para sistemas medios-agudos Lombardi<\/li>\n<\/ul>\n<hr data-start=\"2488\" data-end=\"2491\" \/>\n<h5 data-section-id=\"pa6vz9\" data-start=\"2493\" data-end=\"2545\">Tecnolog\u00eda de tromba Lombardi en formato compacto<\/h5>\n<p data-start=\"2547\" data-end=\"2651\">La principal ventaja del <strong data-start=\"2572\" data-end=\"2582\">LS950P<\/strong> es el equilibrio entre <strong data-start=\"2606\" data-end=\"2650\">tama\u00f1o reducido y eficiencia excepcional<\/strong>.<\/p>\n<p data-start=\"2653\" data-end=\"2829\">A pesar de su formato compacto, el sistema se comporta como un subwoofer profesional real, con una respuesta en bajas y sub-bajas frecuencias sorprendente para un solo <strong data-start=\"2821\" data-end=\"2828\">12&#8243;<\/strong>.<\/p>\n<p data-start=\"2831\" data-end=\"2989\">El sistema de tromba permite aprovechar al m\u00e1ximo la energ\u00eda disponible, haciendo que el LS950P sea mucho m\u00e1s eficiente y potente de lo que su tama\u00f1o sugiere.<\/p>\n<p data-start=\"2991\" data-end=\"3209\"><strong data-start=\"2991\" data-end=\"3041\">Se mantiene lineal toda la gama de frecuencias<\/strong>, lo que convierte al sistema en una soluci\u00f3n extremadamente vers\u00e1til para cualquier g\u00e9nero musical y adecuada tanto para aplicaciones en interiores como en exteriores.<\/p>\n<hr data-start=\"3211\" data-end=\"3214\" \/>\n<h5 data-section-id=\"1cxk5oq\" data-start=\"3216\" data-end=\"3264\">Eficiencia real y altavoz de alto rendimiento<\/h5>\n<p data-start=\"3266\" data-end=\"3415\">El coraz\u00f3n del sistema es un <strong data-start=\"3295\" data-end=\"3325\">woofer de 12&#8243; con neodimio<\/strong> con bobina <strong data-start=\"3337\" data-end=\"3383\">75 mm \/ 3&#8243; split winding copper voice coil<\/strong>, dise\u00f1ado para alta eficiencia.<\/p>\n<p data-start=\"3417\" data-end=\"3597\">Con una potencia nominal de <strong data-start=\"3445\" data-end=\"3458\">950 W RMS<\/strong>, el LS950P ofrece un rendimiento comparable a subwoofers con altavoces de <strong data-start=\"3533\" data-end=\"3546\">15&#8243; o 18&#8243;<\/strong>, incluso con potencias declaradas mucho m\u00e1s altas.<\/p>\n<p data-start=\"3599\" data-end=\"3705\">Esto refleja la filosof\u00eda Lombardi: no buscar cifras elevadas, sino obtener <strong data-start=\"3675\" data-end=\"3704\">rendimiento ac\u00fastico real<\/strong>.<\/p>\n<hr data-start=\"3707\" data-end=\"3710\" \/>\n<h5 data-section-id=\"1p1vrf9\" data-start=\"3712\" data-end=\"3754\">Precisi\u00f3n, velocidad y elecci\u00f3n del 12&#8243;<\/h5>\n<p data-start=\"3756\" data-end=\"3847\">Una de las caracter\u00edsticas m\u00e1s destacadas del <strong data-start=\"3802\" data-end=\"3812\">LS950P<\/strong> es el uso de un <strong data-start=\"3829\" data-end=\"3846\">woofer de 12&#8243;<\/strong>.<\/p>\n<p data-start=\"3849\" data-end=\"3862\">Esto permite:<\/p>\n<ul data-start=\"3864\" data-end=\"3977\">\n<li data-section-id=\"1ykz2ag\" data-start=\"3864\" data-end=\"3896\">mayor velocidad de respuesta<\/li>\n<li data-section-id=\"pvd1yi\" data-start=\"3897\" data-end=\"3929\">mejor precisi\u00f3n en el ataque<\/li>\n<li data-section-id=\"9yc4la\" data-start=\"3930\" data-end=\"3950\">mayor definici\u00f3n<\/li>\n<li data-section-id=\"uo9i65\" data-start=\"3951\" data-end=\"3977\">graves m\u00e1s controlados<\/li>\n<\/ul>\n<p data-start=\"3979\" data-end=\"4100\">El resultado es un subwoofer que mantiene el sonido c\u00e1lido Lombardi, pero con una <strong data-start=\"4061\" data-end=\"4099\">velocidad y claridad excepcionales<\/strong>.<\/p>\n<hr data-start=\"4102\" data-end=\"4105\" \/>\n<h5 data-section-id=\"re2hje\" data-start=\"4107\" data-end=\"4148\">Recinto ligero y construcci\u00f3n Lombardi<\/h5>\n<p data-start=\"4150\" data-end=\"4231\">El recinto del LS950P est\u00e1 construido con <strong data-start=\"4192\" data-end=\"4230\">tres tipos de madera seleccionados<\/strong>:<\/p>\n<p data-start=\"4233\" data-end=\"4430\">\u2022 <strong data-start=\"4235\" data-end=\"4261\">contrachapado de \u00e1lamo<\/strong> para la estructura externa (ligereza y sonido c\u00e1lido)<br data-start=\"4315\" data-end=\"4318\" \/>\u2022 <strong data-start=\"4320\" data-end=\"4330\">abedul<\/strong> para los refuerzos internos (robustez)<br data-start=\"4369\" data-end=\"4372\" \/>\u2022 <strong data-start=\"4374\" data-end=\"4383\">abeto<\/strong> en el panel frontal (mejor respuesta ac\u00fastica)<\/p>\n<p data-start=\"4432\" data-end=\"4539\">Esta soluci\u00f3n permite obtener un recinto <strong data-start=\"4473\" data-end=\"4499\">ligero pero resistente<\/strong>, alineado con el concepto del producto.<\/p>\n<hr data-start=\"4541\" data-end=\"4544\" \/>\n<h5 data-section-id=\"uhoez7\" data-start=\"4546\" data-end=\"4579\">Ligereza extrema y practicidad<\/h5>\n<p data-start=\"4581\" data-end=\"4756\">Uno de los principales puntos fuertes del <strong data-start=\"4623\" data-end=\"4633\">LS950P<\/strong> es su <strong data-start=\"4640\" data-end=\"4672\">peso extremadamente reducido<\/strong>, lo que lo hace mucho m\u00e1s manejable que otros subwoofers de prestaciones similares.<\/p>\n<p data-start=\"4758\" data-end=\"4771\">Esto permite:<\/p>\n<ul data-start=\"4773\" data-end=\"4908\">\n<li data-section-id=\"zj9c34\" data-start=\"4773\" data-end=\"4797\">transporte m\u00e1s f\u00e1cil<\/li>\n<li data-section-id=\"1607qbk\" data-start=\"4798\" data-end=\"4820\">montaje m\u00e1s r\u00e1pido<\/li>\n<li data-section-id=\"18vc3fm\" data-start=\"4821\" data-end=\"4865\">mayor practicidad para servicios m\u00f3viles<\/li>\n<li data-section-id=\"49qj3z\" data-start=\"4866\" data-end=\"4908\">sistemas potentes con menor peso total<\/li>\n<\/ul>\n<p data-start=\"4910\" data-end=\"5038\">Esta combinaci\u00f3n de <strong data-start=\"4930\" data-end=\"4971\">ligereza, eficiencia y calidad sonora<\/strong> lo convierte en una soluci\u00f3n muy inteligente dentro de la gama LS.<\/p>\n<hr data-start=\"5040\" data-end=\"5043\" \/>\n<h5 data-section-id=\"fv1o63\" data-start=\"5045\" data-end=\"5094\">Integraci\u00f3n con la serie LVR y sistema LVS12BA<\/h5>\n<p data-start=\"5096\" data-end=\"5139\">El <strong data-start=\"5099\" data-end=\"5109\">LS950P<\/strong> se integra perfectamente con:<\/p>\n<p data-start=\"5141\" data-end=\"5172\">\u2022 <strong data-start=\"5143\" data-end=\"5155\">LVR600BP<\/strong><br data-start=\"5155\" data-end=\"5158\" \/>\u2022 <strong data-start=\"5160\" data-end=\"5172\">LVR400HP<\/strong><\/p>\n<p data-start=\"5174\" data-end=\"5277\">Adem\u00e1s, de esta misma plataforma nace el modelo <strong data-start=\"5222\" data-end=\"5234\">LS950AHS<\/strong>, versi\u00f3n biamplificada capaz de alimentar:<\/p>\n<p data-start=\"5279\" data-end=\"5314\">\u2022 1 \u00d7 LVR600BP<br data-start=\"5293\" data-end=\"5296\" \/>\u2022 o 2 \u00d7 LVR400HP<\/p>\n<p data-start=\"5316\" data-end=\"5356\">creando el sistema completo <strong data-start=\"5344\" data-end=\"5355\">LVS12BA<\/strong>.<\/p>\n<hr data-start=\"5358\" data-end=\"5361\" \/>\n<h5 data-section-id=\"tqeap6\" data-start=\"5363\" data-end=\"5392\">Integraci\u00f3n con la gama LS<\/h5>\n<p data-start=\"5394\" data-end=\"5422\">El LS950P es compatible con:<\/p>\n<p data-start=\"5424\" data-end=\"5519\">\u2022 LS5000P<br data-start=\"5433\" data-end=\"5436\" \/>\u2022 LS2500P<br data-start=\"5445\" data-end=\"5448\" \/>\u2022 LS1000P<br data-start=\"5457\" data-end=\"5460\" \/>\u2022 LS700P<br data-start=\"5468\" data-end=\"5471\" \/>\u2022 LS950AHS<br data-start=\"5481\" data-end=\"5484\" \/>\u2022 LS450P<br data-start=\"5492\" data-end=\"5495\" \/>\u2022 LS450AHS<br data-start=\"5505\" data-end=\"5508\" \/>\u2022 LS450AS<\/p>\n<p data-start=\"5521\" data-end=\"5565\">Permitiendo sistemas modulares y escalables.<\/p>\n<hr data-start=\"5567\" data-end=\"5570\" \/>\n<h5 data-section-id=\"q121wt\" data-start=\"5572\" data-end=\"5593\">Filosof\u00eda Lombardi<\/h5>\n<p data-start=\"5595\" data-end=\"5633\">El LS950P sigue la filosof\u00eda Lombardi:<\/p>\n<p data-start=\"5635\" data-end=\"5697\">\ud83d\udc49 <strong data-start=\"5638\" data-end=\"5697\">prestaciones reales por encima del compromiso comercial<\/strong><\/p>\n<p data-start=\"5699\" data-end=\"5714\">Esto significa:<\/p>\n<ul data-start=\"5716\" data-end=\"5896\">\n<li data-section-id=\"nuytqa\" data-start=\"5716\" data-end=\"5763\">dise\u00f1o ac\u00fastico orientado al resultado real<\/li>\n<li data-section-id=\"1r0bt1y\" data-start=\"5764\" data-end=\"5800\">atenci\u00f3n a la calidad del sonido<\/li>\n<li data-section-id=\"zz2o3q\" data-start=\"5801\" data-end=\"5829\">construcci\u00f3n profesional<\/li>\n<li data-section-id=\"1itxj4v\" data-start=\"5830\" data-end=\"5859\">componentes seleccionados<\/li>\n<li data-section-id=\"1p65dzw\" data-start=\"5860\" data-end=\"5896\">sonido c\u00e1lido, preciso y musical<\/li>\n<\/ul>\n","protected":false},"excerpt":{"rendered":"<p data-start=\"287\" data-end=\"592\">El <strong data-start=\"290\" data-end=\"300\">LS950P<\/strong> es un subwoofer pasivo profesional <strong data-start=\"336\" data-end=\"356\">cargado a tromba<\/strong>, dise\u00f1ado y fabricado \u00edntegramente en Italia por <strong data-start=\"406\" data-end=\"433\">Amplificazioni Lombardi<\/strong> para aplicaciones en directo e instalaciones donde se requieren <strong data-start=\"498\" data-end=\"591\">alta eficiencia, ligereza, precisi\u00f3n y un rendimiento excepcional en relaci\u00f3n a su tama\u00f1o<\/strong>.<\/p>\n<p data-start=\"594\" data-end=\"885\">El sistema utiliza un <strong data-start=\"616\" data-end=\"654\">woofer de 12&#8243; con im\u00e1n de neodimio<\/strong> con bobina <strong data-start=\"666\" data-end=\"712\">75 mm \/ 3&#8243; split winding copper voice coil<\/strong>, ofreciendo un rendimiento sorprendente con tan solo <strong data-start=\"766\" data-end=\"779\">950 W RMS<\/strong>, alcanzando prestaciones comparables a subwoofers mucho m\u00e1s grandes y con potencias nominales superiores.<\/p>\n<p data-start=\"887\" data-end=\"915\">Caracter\u00edsticas principales:<\/p>\n<p data-start=\"917\" data-end=\"1156\">\u2022 <strong data-start=\"919\" data-end=\"956\">subwoofer pasivo cargado a tromba<\/strong><br data-start=\"956\" data-end=\"959\" \/>\u2022 <strong data-start=\"961\" data-end=\"1012\">1 woofer de 12&#8243; con neodimio de alta eficiencia<\/strong><br data-start=\"1012\" data-end=\"1015\" \/>\u2022 <strong data-start=\"1017\" data-end=\"1063\">dimensiones compactas con alto rendimiento<\/strong><br data-start=\"1063\" data-end=\"1066\" \/>\u2022 <strong data-start=\"1068\" data-end=\"1105\">sonido c\u00e1lido, preciso y profundo<\/strong><br data-start=\"1105\" data-end=\"1108\" \/>\u2022 <strong data-start=\"1110\" data-end=\"1156\">extrema ligereza y facilidad de transporte<\/strong><\/p>\n<p data-start=\"1158\" data-end=\"1418\">El <strong data-start=\"1161\" data-end=\"1171\">LS950P<\/strong> est\u00e1 dise\u00f1ado para ofrecer una respuesta en graves <strong data-start=\"1223\" data-end=\"1255\">r\u00e1pida, musical y controlada<\/strong>, manteniendo el caracter\u00edstico sonido Lombardi: <strong data-start=\"1304\" data-end=\"1345\">c\u00e1lido, definido y con gran presencia<\/strong>, ideal tanto para <strong data-start=\"1364\" data-end=\"1382\">m\u00fasica en vivo<\/strong> como para <strong data-start=\"1393\" data-end=\"1417\">DJ set profesionales<\/strong>.<\/p>\n","protected":false},"featured_media":12117,"template":"","meta":{"_acf_changed":false},"product_brand":[],"product_cat":[259],"product_tag":[],"class_list":{"0":"post-12092","1":"product","2":"type-product","3":"status-publish","4":"has-post-thumbnail","6":"product_cat-subwoofer-es","8":"first","9":"instock","10":"sale","11":"featured","12":"taxable","13":"shipping-taxable","14":"purchasable","15":"product-type-simple"},"acf":[],"_links":{"self":[{"href":"https:\/\/www.amplificazionilombardi.it\/es\/wp-json\/wp\/v2\/product\/12092","targetHints":{"allow":["GET"]}}],"collection":[{"href":"https:\/\/www.amplificazionilombardi.it\/es\/wp-json\/wp\/v2\/product"}],"about":[{"href":"https:\/\/www.amplificazionilombardi.it\/es\/wp-json\/wp\/v2\/types\/product"}],"wp:featuredmedia":[{"embeddable":true,"href":"https:\/\/www.amplificazionilombardi.it\/es\/wp-json\/wp\/v2\/media\/12117"}],"wp:attachment":[{"href":"https:\/\/www.amplificazionilombardi.it\/es\/wp-json\/wp\/v2\/media?parent=12092"}],"wp:term":[{"taxonomy":"product_brand","embeddable":true,"href":"https:\/\/www.amplificazionilombardi.it\/es\/wp-json\/wp\/v2\/product_brand?post=12092"},{"taxonomy":"product_cat","embeddable":true,"href":"https:\/\/www.amplificazionilombardi.it\/es\/wp-json\/wp\/v2\/product_cat?post=12092"},{"taxonomy":"product_tag","embeddable":true,"href":"https:\/\/www.amplificazionilombardi.it\/es\/wp-json\/wp\/v2\/product_tag?post=12092"}],"curies":[{"name":"wp","href":"https:\/\/api.w.org\/{rel}","templated":true}]}}