{"id":14814,"date":"2026-03-12T17:23:19","date_gmt":"2026-03-12T16:23:19","guid":{"rendered":"https:\/\/www.amplificazionilombardi.it\/?post_type=product&#038;p=14814"},"modified":"2026-03-12T17:54:06","modified_gmt":"2026-03-12T16:54:06","slug":"limitador-de-audio-optico-4ch-ll2c-4-limitador-de-sonido-para-clubes","status":"publish","type":"product","link":"https:\/\/www.amplificazionilombardi.it\/es\/shop\/limitador-de-audio-optico-4ch-ll2c-4-limitador-de-sonido-para-clubes\/","title":{"rendered":"LIMITADOR DE AUDIO \u00d3PTICO DE 4 CANALES LL2C-4 \u2013 LIMITADOR DE SONIDO PARA LOCALES"},"content":{"rendered":"<p data-start=\"1558\" data-end=\"1769\">El limitador de audio LL2C-4 ha sido dise\u00f1ado para garantizar <strong data-start=\"1620\" data-end=\"1714\">alta calidad sonora, seguridad operativa y estabilidad de las configuraciones en el tiempo<\/strong>, evitando manipulaciones posteriores a la calibraci\u00f3n.<\/p>\n<p data-start=\"1771\" data-end=\"1880\">El dispositivo dispone de <strong data-start=\"1797\" data-end=\"1839\">cuatro canales de audio independientes<\/strong>, cada uno con regulaciones dedicadas de:<\/p>\n<ul data-start=\"1882\" data-end=\"1957\">\n<li data-section-id=\"1bi92rc\" data-start=\"1882\" data-end=\"1902\">\n<p data-start=\"1884\" data-end=\"1902\">nivel de entrada<\/p>\n<\/li>\n<li data-section-id=\"645nk3\" data-start=\"1903\" data-end=\"1922\">\n<p data-start=\"1905\" data-end=\"1922\">nivel de salida<\/p>\n<\/li>\n<li data-section-id=\"2sith5\" data-start=\"1923\" data-end=\"1957\">\n<p data-start=\"1925\" data-end=\"1957\">umbral de limitaci\u00f3n (threshold)<\/p>\n<\/li>\n<\/ul>\n<p data-start=\"1959\" data-end=\"2139\">Las regulaciones est\u00e1n situadas <strong data-start=\"1991\" data-end=\"2020\">en el interior del equipo<\/strong> y se ajustan mediante trimmers internos, evitando modificaciones accidentales o voluntarias despu\u00e9s de la instalaci\u00f3n.<\/p>\n<p data-start=\"2141\" data-end=\"2329\">Tambi\u00e9n <strong data-start=\"2149\" data-end=\"2226\">las conexiones de audio mediante conectores se realizan dentro del equipo<\/strong>, aumentando la seguridad de la instalaci\u00f3n e impidiendo cualquier modificaci\u00f3n o bypass no autorizado.<\/p>\n<p data-start=\"2331\" data-end=\"2524\">En caso de apagado del equipo mediante el interruptor situado en el panel posterior, la se\u00f1al de audio se <strong data-start=\"2437\" data-end=\"2465\">interrumpe completamente<\/strong>, eliminando cualquier posibilidad de bypass del limitador.<\/p>\n<p data-start=\"2526\" data-end=\"2798\">El control del nivel se realiza mediante <strong data-start=\"2567\" data-end=\"2604\">fotoacoplador resistivo anal\u00f3gico<\/strong>, sin utilizar circuitos VCA.<br data-start=\"2633\" data-end=\"2636\" \/>Esta soluci\u00f3n t\u00e9cnica permite obtener una limitaci\u00f3n <strong data-start=\"2689\" data-end=\"2726\">m\u00e1s natural, progresiva y musical<\/strong>, reduciendo al m\u00ednimo los efectos perceptibles sobre la se\u00f1al de audio.<\/p>\n<p data-start=\"2800\" data-end=\"3047\">Instalado en formato <strong data-start=\"2821\" data-end=\"2845\">rack est\u00e1ndar de 19&#8243;<\/strong>, el limitador LL2C-4 es especialmente adecuado para sistemas de audio donde es necesario controlar <strong data-start=\"2945\" data-end=\"2994\">varias l\u00edneas o zonas de audio independientes<\/strong> manteniendo siempre una excelente calidad de sonido.<\/p>\n<p data-start=\"3049\" data-end=\"3244\">Su respuesta de limitaci\u00f3n suave y progresiva lo hace ideal tanto para la <strong data-start=\"3123\" data-end=\"3158\">protecci\u00f3n de sistemas de audio<\/strong> como para la <strong data-start=\"3172\" data-end=\"3243\">limitaci\u00f3n del nivel sonoro en locales sujetos a normativa ac\u00fastica<\/strong>.<\/p>\n<hr data-start=\"3246\" data-end=\"3249\" \/>\n<h1 data-section-id=\"1iq0v10\" data-start=\"3251\" data-end=\"3276\">VERSIONES DISPONIBLES<\/h1>\n<p data-start=\"3277\" data-end=\"3311\"><em data-start=\"3277\" data-end=\"3311\">(tercera parte de la p\u00e1gina web)<\/em><\/p>\n<p data-start=\"3313\" data-end=\"3475\">El limitador \u00f3ptico de audio LL2C-4 est\u00e1 disponible en diferentes configuraciones para adaptarse a diversas necesidades de instalaci\u00f3n y gesti\u00f3n del nivel sonoro.<\/p>\n<p data-start=\"3477\" data-end=\"3713\">Todas las versiones comparten la misma base electr\u00f3nica del modelo LL2C-4 con limitaci\u00f3n \u00f3ptica anal\u00f3gica y mantienen la misma calidad de audio profesional, diferenci\u00e1ndose \u00fanicamente en la forma de gestionar los umbrales de limitaci\u00f3n.<\/p>\n<hr data-start=\"3715\" data-end=\"3718\" \/>\n<h2 data-section-id=\"lwzhmv\" data-start=\"3720\" data-end=\"3764\">Versi\u00f3n 1 \u2013 LL2C-4 Est\u00e1ndar (modelo base)<\/h2>\n<p data-start=\"3766\" data-end=\"3824\">Esta es la versi\u00f3n est\u00e1ndar del limitador de audio LL2C-4.<\/p>\n<p data-start=\"3826\" data-end=\"3978\">El equipo dispone de <strong data-start=\"3847\" data-end=\"3890\">un \u00fanico umbral de limitaci\u00f3n por canal<\/strong>, ajustable mediante trimmers internos durante la instalaci\u00f3n y calibraci\u00f3n del sistema.<\/p>\n<p data-start=\"3980\" data-end=\"4104\">Los ajustes de nivel de entrada, salida y threshold est\u00e1n situados <strong data-start=\"4047\" data-end=\"4076\">en el interior del equipo<\/strong> para evitar manipulaciones.<\/p>\n<p data-start=\"4106\" data-end=\"4237\">Es la soluci\u00f3n ideal para instalaciones en las que se requiere un <strong data-start=\"4172\" data-end=\"4236\">nivel m\u00e1ximo de sonido fijo en cuatro canales independientes<\/strong>.<\/p>\n<hr data-start=\"4239\" data-end=\"4242\" \/>\n<h2 data-section-id=\"5ohvu6\" data-start=\"4244\" data-end=\"4304\">Versi\u00f3n 2 \u2013 LL2C-4 con selecci\u00f3n de umbral mediante llave<\/h2>\n<p data-start=\"4306\" data-end=\"4396\">Esta versi\u00f3n permite configurar <strong data-start=\"4338\" data-end=\"4395\">tres diferentes niveles de limitaci\u00f3n para cada canal<\/strong>.<\/p>\n<p data-start=\"4398\" data-end=\"4623\">Los niveles pueden seleccionarse mediante un <strong data-start=\"4443\" data-end=\"4505\">interruptor con llave mec\u00e1nica situado en el panel frontal<\/strong>, permitiendo al gestor del local elegir entre distintos niveles de sonido previamente configurados por el instalador.<\/p>\n<p data-start=\"4625\" data-end=\"4676\">Esta soluci\u00f3n es especialmente \u00fatil para gestionar:<\/p>\n<ul data-start=\"4678\" data-end=\"4791\">\n<li data-section-id=\"y9wly3\" data-start=\"4678\" data-end=\"4703\">\n<p data-start=\"4680\" data-end=\"4703\"><strong data-start=\"4680\" data-end=\"4703\">nivel sonoro diurno<\/strong><\/p>\n<\/li>\n<li data-section-id=\"1fprhsw\" data-start=\"4704\" data-end=\"4731\">\n<p data-start=\"4706\" data-end=\"4731\"><strong data-start=\"4706\" data-end=\"4731\">nivel sonoro nocturno<\/strong><\/p>\n<\/li>\n<li data-section-id=\"toulta\" data-start=\"4732\" data-end=\"4791\">\n<p data-start=\"4734\" data-end=\"4791\"><strong data-start=\"4734\" data-end=\"4791\">nivel temporal superior para autorizaciones ac\u00fasticas<\/strong><\/p>\n<\/li>\n<\/ul>\n<p data-start=\"4793\" data-end=\"4916\">Los tres umbrales se configuran durante la instalaci\u00f3n y posteriormente se seleccionan mediante la llave del panel frontal.<\/p>\n<hr data-start=\"4918\" data-end=\"4921\" \/>\n<h2 data-section-id=\"1epn4h8\" data-start=\"4923\" data-end=\"4981\">Versi\u00f3n 3 \u2013 LL2C-4 con gesti\u00f3n mediante controlador web<\/h2>\n<p data-start=\"4983\" data-end=\"5117\">Esta versi\u00f3n integra un <strong data-start=\"5007\" data-end=\"5055\">controlador web con acceso a trav\u00e9s de Wi-Fi<\/strong>, que permite gestionar y programar los niveles de limitaci\u00f3n.<\/p>\n<p data-start=\"5119\" data-end=\"5138\">El sistema permite:<\/p>\n<ul data-start=\"5140\" data-end=\"5359\">\n<li data-section-id=\"f9hx4r\" data-start=\"5140\" data-end=\"5207\">\n<p data-start=\"5142\" data-end=\"5207\">programar autom\u00e1ticamente <strong data-start=\"5168\" data-end=\"5207\">niveles sonoros diurnos y nocturnos<\/strong><\/p>\n<\/li>\n<li data-section-id=\"19nfium\" data-start=\"5208\" data-end=\"5249\">\n<p data-start=\"5210\" data-end=\"5249\">gestionar <strong data-start=\"5220\" data-end=\"5249\">autorizaciones temporales<\/strong><\/p>\n<\/li>\n<li data-section-id=\"1r03hzs\" data-start=\"5250\" data-end=\"5306\">\n<p data-start=\"5252\" data-end=\"5306\">configurar d\u00edas y horarios mediante <strong data-start=\"5288\" data-end=\"5306\">calendario web<\/strong><\/p>\n<\/li>\n<li data-section-id=\"176qjch\" data-start=\"5307\" data-end=\"5359\">\n<p data-start=\"5309\" data-end=\"5359\">generar un <strong data-start=\"5320\" data-end=\"5359\">historial de cambios y activaciones<\/strong><\/p>\n<\/li>\n<\/ul>\n<p data-start=\"5361\" data-end=\"5406\">El sistema dispone de dos perfiles de acceso:<\/p>\n<p data-start=\"5408\" data-end=\"5519\"><strong data-start=\"5408\" data-end=\"5432\">Perfil administrador<\/strong><br data-start=\"5432\" data-end=\"5435\" \/>gestionado por el instalador, con acceso completo a la configuraci\u00f3n y programaci\u00f3n.<\/p>\n<p data-start=\"5521\" data-end=\"5641\"><strong data-start=\"5521\" data-end=\"5539\">Perfil usuario<\/strong><br data-start=\"5539\" data-end=\"5542\" \/>destinado al gestor del local, con acceso a la visualizaci\u00f3n de datos y a las funciones permitidas.<\/p>\n<p data-start=\"5643\" data-end=\"5791\">Esta soluci\u00f3n es especialmente adecuada para instalaciones que requieren <strong data-start=\"5716\" data-end=\"5790\">gesti\u00f3n autom\u00e1tica de niveles sonoros y registro de las modificaciones<\/strong>.<\/p>\n<hr data-start=\"5793\" data-end=\"5796\" \/>\n<h2 data-section-id=\"1lk163p\" data-start=\"5798\" data-end=\"5856\">Versi\u00f3n 4 \u2013 LL2C-4 con controlador web y llave mec\u00e1nica<\/h2>\n<p data-start=\"5858\" data-end=\"6013\">Esta versi\u00f3n combina la gesti\u00f3n mediante <strong data-start=\"5899\" data-end=\"5918\">controlador web<\/strong> con la posibilidad de selecci\u00f3n manual mediante <strong data-start=\"5967\" data-end=\"6012\">interruptor con llave en el panel frontal<\/strong>.<\/p>\n<p data-start=\"6015\" data-end=\"6060\">De este modo, el limitador puede gestionarse:<\/p>\n<ul data-start=\"6062\" data-end=\"6137\">\n<li data-section-id=\"1phphtt\" data-start=\"6062\" data-end=\"6093\">\n<p data-start=\"6064\" data-end=\"6093\">mediante <strong data-start=\"6073\" data-end=\"6093\">programaci\u00f3n web<\/strong><\/p>\n<\/li>\n<li data-section-id=\"b9j6d9\" data-start=\"6094\" data-end=\"6137\">\n<p data-start=\"6096\" data-end=\"6137\">o mediante <strong data-start=\"6107\" data-end=\"6137\">selecci\u00f3n manual con llave<\/strong><\/p>\n<\/li>\n<\/ul>\n<p data-start=\"6139\" data-end=\"6246\">ofreciendo la m\u00e1xima flexibilidad para instalaciones que requieren tanto control remoto como control local.<\/p>\n","protected":false},"excerpt":{"rendered":"<p data-start=\"456\" data-end=\"615\">LL2C-4 es un <strong data-start=\"469\" data-end=\"523\">limitador de audio \u00f3ptico profesional de 4 canales<\/strong> dise\u00f1ado para controlar el nivel sonoro manteniendo la m\u00e1xima calidad de la se\u00f1al de audio.<\/p>\n<p data-start=\"617\" data-end=\"859\">Gracias a su circuiter\u00eda completamente anal\u00f3gica y al sistema de control mediante <strong data-start=\"699\" data-end=\"726\">fotoacoplador resistivo<\/strong>, el limitador realiza una limitaci\u00f3n <strong data-start=\"764\" data-end=\"804\">suave, progresiva y poco perceptible<\/strong>, preservando el car\u00e1cter natural del programa musical.<\/p>\n<p data-start=\"861\" data-end=\"1126\">A diferencia de muchos limitadores tradicionales basados en VCA o sistemas digitales, LL2C-4 utiliza un sistema de control del volumen <strong data-start=\"996\" data-end=\"1020\">totalmente anal\u00f3gico<\/strong>, garantizando un comportamiento m\u00e1s musical y transparente incluso durante la intervenci\u00f3n del limitador.<\/p>\n<p data-start=\"1128\" data-end=\"1486\">El moderno dise\u00f1o electr\u00f3nico, el uso de <strong data-start=\"1169\" data-end=\"1212\">componentes seleccionados de bajo ruido<\/strong> y el cuidadoso control de calidad en el ensamblaje proporcionan al limitador LL2C-4 <strong data-start=\"1297\" data-end=\"1356\">alta fiabilidad, estabilidad y excelente calidad sonora<\/strong>, haci\u00e9ndolo adecuado para aplicaciones profesionales donde es necesario gestionar varios canales de audio de forma independiente.<\/p>\n","protected":false},"featured_media":14822,"template":"","meta":{"_acf_changed":false},"product_brand":[],"product_cat":[254],"product_tag":[],"class_list":{"0":"post-14814","1":"product","2":"type-product","3":"status-publish","4":"has-post-thumbnail","6":"product_cat-limitadores","8":"first","9":"instock","10":"sale","11":"taxable","12":"shipping-taxable","13":"purchasable","14":"product-type-variable"},"acf":[],"_links":{"self":[{"href":"https:\/\/www.amplificazionilombardi.it\/es\/wp-json\/wp\/v2\/product\/14814","targetHints":{"allow":["GET"]}}],"collection":[{"href":"https:\/\/www.amplificazionilombardi.it\/es\/wp-json\/wp\/v2\/product"}],"about":[{"href":"https:\/\/www.amplificazionilombardi.it\/es\/wp-json\/wp\/v2\/types\/product"}],"wp:featuredmedia":[{"embeddable":true,"href":"https:\/\/www.amplificazionilombardi.it\/es\/wp-json\/wp\/v2\/media\/14822"}],"wp:attachment":[{"href":"https:\/\/www.amplificazionilombardi.it\/es\/wp-json\/wp\/v2\/media?parent=14814"}],"wp:term":[{"taxonomy":"product_brand","embeddable":true,"href":"https:\/\/www.amplificazionilombardi.it\/es\/wp-json\/wp\/v2\/product_brand?post=14814"},{"taxonomy":"product_cat","embeddable":true,"href":"https:\/\/www.amplificazionilombardi.it\/es\/wp-json\/wp\/v2\/product_cat?post=14814"},{"taxonomy":"product_tag","embeddable":true,"href":"https:\/\/www.amplificazionilombardi.it\/es\/wp-json\/wp\/v2\/product_tag?post=14814"}],"curies":[{"name":"wp","href":"https:\/\/api.w.org\/{rel}","templated":true}]}}