{"id":2271,"date":"2017-06-14T08:50:24","date_gmt":"2017-06-14T06:50:24","guid":{"rendered":"\/?page_id=2271"},"modified":"2017-06-14T08:50:24","modified_gmt":"2017-06-14T06:50:24","slug":"ls500ba","status":"publish","type":"page","link":"https:\/\/www.amplificazionilombardi.it\/it\/ls500ba\/","title":{"rendered":"LS500BA"},"content":{"rendered":"<h5>Descrizione prodotto:<\/h5>\n<p>Subwoofer attivo con due altoparlanti da 12&#8243; in configurazione bass reflex. E&#8217; un prodotto compatto e di alta qualit\u00e0 con un ottimo rapporto potenza-dimensioni. Si differenzia grazie al suono molto caldo e a una elevata pressione sonora. L&#8217;amplificatore interno da 450W \u00e8 dotato anche di un crossover attivo che da la possibilit\u00e0 di collegare un secondo dispositivo attivo avendo gi\u00e0 al suo interno il taglio ideale delle basse frequenze nel satellite. E&#8217; dotata inoltre del controllo indipendente del volume generale, della regolazione volume bassi e alti per sub e satellite, di un pulsante che da 0 dB incrementa di 10 dB e dell&#8217;indicatore di picco. Ideale sia per ambienti chiusi che per piccoli spazi all&#8217;aperto abbinato a satelliti Lombardi come LV100P, LV120A, LV250PB, LV250A, LV300PB.<\/p>\n<h5>Immagini:<\/h5>\n<p><img loading=\"lazy\" decoding=\"async\" class=\"alignnone size-medium wp-image-2225\" src=\"https:\/\/portalcloud.s3.eu-west-2.amazonaws.com\/images\/sites\/10\/20170719193653\/ls500-b-a-sub_mascherina-300x248.jpg\" alt=\"\" width=\"300\" height=\"248\" srcset=\"https:\/\/portalcloud.s3.eu-west-2.amazonaws.com\/images\/sites\/10\/20170719193653\/ls500-b-a-sub_mascherina-300x248.jpg 300w, https:\/\/portalcloud.s3.eu-west-2.amazonaws.com\/images\/sites\/10\/20170719193653\/ls500-b-a-sub_mascherina-600x496.jpg 600w, https:\/\/portalcloud.s3.eu-west-2.amazonaws.com\/images\/sites\/10\/20170719193653\/ls500-b-a-sub_mascherina-768x635.jpg 768w, https:\/\/portalcloud.s3.eu-west-2.amazonaws.com\/images\/sites\/10\/20170719193653\/ls500-b-a-sub_mascherina.jpg 800w\" sizes=\"auto, (max-width: 300px) 100vw, 300px\" \/><img loading=\"lazy\" decoding=\"async\" class=\"alignnone size-full wp-image-2226\" src=\"https:\/\/portalcloud.s3.eu-west-2.amazonaws.com\/images\/sites\/10\/20170719193653\/ls500-b-a-sub_rear_mini.jpg\" alt=\"\" width=\"240\" height=\"192\" \/><\/p>\n<h5>Descrizione tecnica:<\/h5>\n<p align=\"LEFT\"><strong>sistema bass reflex<br \/>\n2 woofer <\/strong>12&#8243; 320mm in configurazione a bass reflex<br \/>\n<strong>frequenza di risonanza <\/strong>32Hz<strong><br \/>\nrisposta in frequenza <\/strong>30-200Hz<strong><br \/>\nimpedenza <\/strong>4ohm<strong><br \/>\npotenza nominale <\/strong>450w<strong><br \/>\npotenza massima <\/strong>600w<br \/>\n<strong>Sezione amplificatore:<\/strong><br \/>\nAmplificatore transistor classe A-B potenza 450 W RMS<br \/>\n<strong>Sezione ingressi:<\/strong><br \/>\n&#8211; ingresso XLR bilanciato<br \/>\n&#8211; uscita Alti XLR sbilanciato per collegamento satellite utilizzando il crossover attivo integrato nel sub (taglio ideale per il satellite Lombardi)<br \/>\n&#8211; Indicatore di picco<br \/>\n&#8211; sensibilit\u00e0 modificabile tramite interruttore 0dB \/ +10dB<br \/>\n&#8211; regolazione volume Bassi per il sub e Alti per satellite<br \/>\n&#8211; controllo volume indipendente<br \/>\n<strong>Alimentazione <\/strong>presa VDE con portafusibile incorporato<br \/>\n<strong>finitura <\/strong>moquette nera<strong><br \/>\n<\/strong>maniglie di trasporto a incasso<strong><br \/>\n<\/strong>piedini in gomma per appoggio<strong><br \/>\nprotezione altoparlanti <\/strong>griglia metallica<strong><br \/>\ndimensioni (lxhxp) <\/strong>cm.70&#215;46,5&#215;34,5<br \/>\n<strong>peso <\/strong>Kg.34<\/p>\n<h5>Applicazioni:<\/h5>\n<ul>\n<li>cinema \/ sistema surround<\/li>\n<li>fronte palco \/ piano bar<\/li>\n<li>bar \/ pub \/ club \/ piazze<\/li>\n<li>discoteche<\/li>\n<li>spettacoli dal vivo<\/li>\n<\/ul>\n<h5>Manuale e specifiche tecniche:\u00a0<a href=\"https:\/\/portalcloud.s3.eu-west-2.amazonaws.com\/images\/sites\/10\/20170719193636\/LOMBARDI_LS500B_Ampli_Sub500steso_v1.1.pdf\"><img loading=\"lazy\" decoding=\"async\" class=\"alignnone wp-image-1626\" src=\"\/wp-content\/uploads\/2017\/05\/PDF.png\" alt=\"\" width=\"70\" height=\"70\" srcset=\"https:\/\/portalcloud.s3.eu-west-2.amazonaws.com\/images\/sites\/10\/20170719194541\/PDF.png 204w, https:\/\/portalcloud.s3.eu-west-2.amazonaws.com\/images\/sites\/10\/20170719194541\/PDF-100x100.png 100w, https:\/\/portalcloud.s3.eu-west-2.amazonaws.com\/images\/sites\/10\/20170719194541\/PDF-150x150.png 150w, https:\/\/portalcloud.s3.eu-west-2.amazonaws.com\/images\/sites\/10\/20170719194541\/PDF-180x180.png 180w\" sizes=\"auto, (max-width: 70px) 100vw, 70px\" \/><\/a><\/h5>\n","protected":false},"excerpt":{"rendered":"<p>Descrizione prodotto: Subwoofer attivo con due altoparlanti da 12&#8243; in configurazione bass reflex. E&#8217; un prodotto compatto e di alta qualit\u00e0 con un ottimo rapporto potenza-dimensioni. Si differenzia grazie al suono molto caldo e a una elevata pressione sonora. L&#8217;amplificatore interno da 450W \u00e8 dotato anche di un crossover attivo che da la possibilit\u00e0 di &hellip;<\/p>\n","protected":false},"author":8,"featured_media":2224,"parent":0,"menu_order":0,"comment_status":"closed","ping_status":"closed","template":"","meta":{"_acf_changed":false,"footnotes":""},"class_list":["post-2271","page","type-page","status-publish","has-post-thumbnail","hentry"],"acf":[],"_links":{"self":[{"href":"https:\/\/www.amplificazionilombardi.it\/it\/wp-json\/wp\/v2\/pages\/2271","targetHints":{"allow":["GET"]}}],"collection":[{"href":"https:\/\/www.amplificazionilombardi.it\/it\/wp-json\/wp\/v2\/pages"}],"about":[{"href":"https:\/\/www.amplificazionilombardi.it\/it\/wp-json\/wp\/v2\/types\/page"}],"author":[{"embeddable":true,"href":"https:\/\/www.amplificazionilombardi.it\/it\/wp-json\/wp\/v2\/users\/8"}],"replies":[{"embeddable":true,"href":"https:\/\/www.amplificazionilombardi.it\/it\/wp-json\/wp\/v2\/comments?post=2271"}],"version-history":[{"count":0,"href":"https:\/\/www.amplificazionilombardi.it\/it\/wp-json\/wp\/v2\/pages\/2271\/revisions"}],"wp:featuredmedia":[{"embeddable":true,"href":"https:\/\/www.amplificazionilombardi.it\/it\/wp-json\/wp\/v2\/media\/2224"}],"wp:attachment":[{"href":"https:\/\/www.amplificazionilombardi.it\/it\/wp-json\/wp\/v2\/media?parent=2271"}],"curies":[{"name":"wp","href":"https:\/\/api.w.org\/{rel}","templated":true}]}}