{"id":2296,"date":"2017-06-14T08:38:00","date_gmt":"2017-06-14T06:38:00","guid":{"rendered":"\/?page_id=2296"},"modified":"2017-06-14T08:38:00","modified_gmt":"2017-06-14T06:38:00","slug":"lc1-68","status":"publish","type":"page","link":"https:\/\/www.amplificazionilombardi.it\/it\/lc1-68\/","title":{"rendered":"LC1 &#8217;68"},"content":{"rendered":"<h5>Descrizione\u00a0prodotto:<\/h5>\n<p align=\"LEFT\">LC1 &#8217;68.. lo ZIO&#8230;<br \/>\nAmplificatore per chitarra combo interamente valvolare con deviatore per 40 \/ 80 Watt in classe A\/B.<br \/>\nLo ZIO deriva dallo\u00a0storico ampli da chitarra, costruito nel 1968 dalla\u00a0ditta Lombardi, un ampli col quale hanno suonato i pi\u00f9\u00a0grandi musicisti di tutto il mondo&#8230;<br \/>\n&#8230;un suono caldo e potente, per i musicisti pi\u00f9 esigenti e ritmici.<br \/>\nIl Pre ha un canale con un suono pulito e brillante costruito fedelmente come l&#8217;originale.<br \/>\nIl PRE \u00e8 composto da 2 canali, entrambi hano gli ingressi a 0 e -10 dB, un controllo volume e il controllo alti e bassi. Il primo ha un suono derivante dalla distorsione valvolare, il secondo \u00e8 un canale pulito. Inoltre \u00e8 presente il riverbero a molla lunga. Nel pannello posteriore \u00e8 presente un interruttore per il dimezzamento della corrente anodica delle valvole che porta da 80W a 40W e il potenziometro del volume del finale.<\/p>\n<p align=\"LEFT\">La cassa, costruita in multistrato di pioppo rivestito in vinpelle resistente agli urti, \u00e8 un vero e proprio strumento per chitarra, monta due altoparlanti da 12&#8243; un biconico progettato su nostre specifiche tecniche.<\/p>\n<h5>Immagini:<\/h5>\n<h5><img loading=\"lazy\" decoding=\"async\" class=\"alignnone size-medium wp-image-2243\" src=\"https:\/\/portalcloud.s3.eu-west-2.amazonaws.com\/images\/sites\/10\/20170719193639\/lc1_68_vintage-300x247.jpg\" alt=\"\" width=\"300\" height=\"247\" srcset=\"https:\/\/portalcloud.s3.eu-west-2.amazonaws.com\/images\/sites\/10\/20170719193639\/lc1_68_vintage-300x247.jpg 300w, https:\/\/portalcloud.s3.eu-west-2.amazonaws.com\/images\/sites\/10\/20170719193639\/lc1_68_vintage.jpg 510w\" sizes=\"auto, (max-width: 300px) 100vw, 300px\" \/>\u00a0<img loading=\"lazy\" decoding=\"async\" class=\"alignnone size-medium wp-image-2245\" src=\"https:\/\/portalcloud.s3.eu-west-2.amazonaws.com\/images\/sites\/10\/20170719193638\/lc1_riverbero-1-200x300.jpg\" alt=\"\" width=\"200\" height=\"300\" srcset=\"https:\/\/portalcloud.s3.eu-west-2.amazonaws.com\/images\/sites\/10\/20170719193638\/lc1_riverbero-1-200x300.jpg 200w, https:\/\/portalcloud.s3.eu-west-2.amazonaws.com\/images\/sites\/10\/20170719193638\/lc1_riverbero-1.jpg 266w\" sizes=\"auto, (max-width: 200px) 100vw, 200px\" \/>\u00a0<img loading=\"lazy\" decoding=\"async\" class=\"alignnone size-medium wp-image-2246\" src=\"https:\/\/portalcloud.s3.eu-west-2.amazonaws.com\/images\/sites\/10\/20170719193638\/lc1_valvole-1-300x300.jpg\" alt=\"\" width=\"300\" height=\"300\" srcset=\"https:\/\/portalcloud.s3.eu-west-2.amazonaws.com\/images\/sites\/10\/20170719193638\/lc1_valvole-1-300x300.jpg 300w, https:\/\/portalcloud.s3.eu-west-2.amazonaws.com\/images\/sites\/10\/20170719193638\/lc1_valvole-1-100x100.jpg 100w, https:\/\/portalcloud.s3.eu-west-2.amazonaws.com\/images\/sites\/10\/20170719193638\/lc1_valvole-1-150x150.jpg 150w, https:\/\/portalcloud.s3.eu-west-2.amazonaws.com\/images\/sites\/10\/20170719193638\/lc1_valvole-1-180x180.jpg 180w, https:\/\/portalcloud.s3.eu-west-2.amazonaws.com\/images\/sites\/10\/20170719193638\/lc1_valvole-1.jpg 400w\" sizes=\"auto, (max-width: 300px) 100vw, 300px\" \/><\/h5>\n<h5>Descrizione tecnica:<\/h5>\n<ul>\n<li>2 canali per chitarra (1\u00b0 distorto &#8211; 2\u00b0 pulito)<\/li>\n<li>controllo alti bassi volume<\/li>\n<li>volume riverbero<\/li>\n<li>interruttore per il dimezzamento della corrente anodica delle valvole che porta da 80W a 40W<\/li>\n<li>preamplificatore e finale interamente a valvole in classe A-B<\/li>\n<li>Potenza di uscita 40 W \/ 80W<\/li>\n<li>Valvole Finale:<br \/>\n&#8211; finali: 2x EL34<br \/>\n&#8211; pilota: 2x ECC82<\/li>\n<li>Valvole Pre:<br \/>\n&#8211; ingressi: 2x EF86<br \/>\n&#8211; uscita: 1x ECC82<br \/>\n&#8211; riverbero: 1xECC83 1x ECL82<\/li>\n<li>n\u00b002 altoparlanti 12&#8243; biconico<\/li>\n<li>alimentazione 230 Volt 50 Hz<\/li>\n<li>Mobile in legno ricoperto in vinpelle nera<\/li>\n<li>n\u00b002 maniglie ad incasso<\/li>\n<li>piedini per appoggio in gomma<\/li>\n<li>protezione altoparlanti<\/li>\n<li>fusibile 2A<\/li>\n<li>dimensioni A 50,L 70,P 29 cm<\/li>\n<li>peso 37 Kg<\/li>\n<\/ul>\n","protected":false},"excerpt":{"rendered":"<p>Descrizione\u00a0prodotto: LC1 &#8217;68.. lo ZIO&#8230; Amplificatore per chitarra combo interamente valvolare con deviatore per 40 \/ 80 Watt in classe A\/B. Lo ZIO deriva dallo\u00a0storico ampli da chitarra, costruito nel 1968 dalla\u00a0ditta Lombardi, un ampli col quale hanno suonato i pi\u00f9\u00a0grandi musicisti di tutto il mondo&#8230; &#8230;un suono caldo e potente, per i musicisti pi\u00f9 &hellip;<\/p>\n","protected":false},"author":8,"featured_media":2242,"parent":0,"menu_order":0,"comment_status":"closed","ping_status":"closed","template":"","meta":{"_acf_changed":false,"footnotes":""},"class_list":["post-2296","page","type-page","status-publish","has-post-thumbnail","hentry"],"acf":[],"_links":{"self":[{"href":"https:\/\/www.amplificazionilombardi.it\/it\/wp-json\/wp\/v2\/pages\/2296","targetHints":{"allow":["GET"]}}],"collection":[{"href":"https:\/\/www.amplificazionilombardi.it\/it\/wp-json\/wp\/v2\/pages"}],"about":[{"href":"https:\/\/www.amplificazionilombardi.it\/it\/wp-json\/wp\/v2\/types\/page"}],"author":[{"embeddable":true,"href":"https:\/\/www.amplificazionilombardi.it\/it\/wp-json\/wp\/v2\/users\/8"}],"replies":[{"embeddable":true,"href":"https:\/\/www.amplificazionilombardi.it\/it\/wp-json\/wp\/v2\/comments?post=2296"}],"version-history":[{"count":0,"href":"https:\/\/www.amplificazionilombardi.it\/it\/wp-json\/wp\/v2\/pages\/2296\/revisions"}],"wp:featuredmedia":[{"embeddable":true,"href":"https:\/\/www.amplificazionilombardi.it\/it\/wp-json\/wp\/v2\/media\/2242"}],"wp:attachment":[{"href":"https:\/\/www.amplificazionilombardi.it\/it\/wp-json\/wp\/v2\/media?parent=2296"}],"curies":[{"name":"wp","href":"https:\/\/api.w.org\/{rel}","templated":true}]}}