{"id":14804,"date":"2026-03-12T17:23:19","date_gmt":"2026-03-12T16:23:19","guid":{"rendered":"https:\/\/www.amplificazionilombardi.it\/?post_type=product&#038;p=14804"},"modified":"2026-04-08T23:05:49","modified_gmt":"2026-04-08T21:05:49","slug":"limitatore-audio-ottico-4-canali-ll2c-4-limitatore-suono-per-locali","status":"publish","type":"product","link":"https:\/\/www.amplificazionilombardi.it\/it\/prodotto\/limitatore-audio-ottico-4-canali-ll2c-4-limitatore-suono-per-locali\/","title":{"rendered":"LIMITATORE AUDIO OTTICO 4 CANALI LL2C-4 \u2013 LIMITATORE SUONO PER LOCALI"},"content":{"rendered":"<p data-start=\"1543\" data-end=\"1741\">Il limitatore audio LL2C-4 \u00e8 stato progettato per garantire <strong data-start=\"1603\" data-end=\"1682\">qualit\u00e0 sonora, sicurezza operativa e stabilit\u00e0 delle regolazioni nel tempo<\/strong>, evitando possibili manomissioni successive alla taratura.<\/p>\n<p data-start=\"1743\" data-end=\"1845\">Il dispositivo dispone di <strong data-start=\"1769\" data-end=\"1806\">quattro canali audio indipendenti<\/strong>, ciascuno con regolazioni dedicate di:<\/p>\n<ul data-start=\"1847\" data-end=\"1928\">\n<li data-section-id=\"lzbauc\" data-start=\"1847\" data-end=\"1870\">\n<p data-start=\"1849\" data-end=\"1870\">livello di ingresso<\/p>\n<\/li>\n<li data-section-id=\"n1lnxh\" data-start=\"1871\" data-end=\"1892\">\n<p data-start=\"1873\" data-end=\"1892\">livello di uscita<\/p>\n<\/li>\n<li data-section-id=\"16lryj3\" data-start=\"1893\" data-end=\"1928\">\n<p data-start=\"1895\" data-end=\"1928\">soglia di limitazione (threshold)<\/p>\n<\/li>\n<\/ul>\n<p data-start=\"1930\" data-end=\"2124\">Le regolazioni sono collocate <strong data-start=\"1960\" data-end=\"1990\">all\u2019interno della macchina<\/strong> tramite trimmer dedicati, soluzione adottata per impedire modifiche accidentali o volontarie delle impostazioni dopo l\u2019installazione.<\/p>\n<p data-start=\"2126\" data-end=\"2336\">Anche i <strong data-start=\"2134\" data-end=\"2222\">collegamenti audio tramite connettori vengono effettuati all\u2019interno dello strumento<\/strong>, aumentando la sicurezza dell\u2019impianto ed evitando qualsiasi possibilit\u00e0 di alterazione o bypass non autorizzato.<\/p>\n<p data-start=\"2338\" data-end=\"2538\">In caso di spegnimento dell\u2019apparecchio tramite l\u2019interruttore posto sul pannello posteriore, il segnale audio viene <strong data-start=\"2455\" data-end=\"2483\">completamente interrotto<\/strong>, eliminando ogni possibilit\u00e0 di bypass del limitatore.<\/p>\n<p data-start=\"2540\" data-end=\"2810\">Il controllo del livello avviene tramite <strong data-start=\"2581\" data-end=\"2621\">fotoaccoppiatore resistivo analogico<\/strong>, senza utilizzo di VCA.<br data-start=\"2645\" data-end=\"2648\" \/>Questa soluzione tecnica consente di ottenere una limitazione <strong data-start=\"2710\" data-end=\"2746\">naturale, progressiva e musicale<\/strong>, riducendo al minimo gli effetti percepibili sul segnale audio.<\/p>\n<p data-start=\"2812\" data-end=\"3048\">Installato in formato <strong data-start=\"2834\" data-end=\"2855\">rack standard 19&#8243;<\/strong>, il limitatore LL2C-4 \u00e8 particolarmente indicato per impianti audio in cui sia necessario controllare <strong data-start=\"2958\" data-end=\"2997\">pi\u00f9 linee o zone audio indipendenti<\/strong>, mantenendo sempre elevata la qualit\u00e0 del segnale.<\/p>\n<p data-start=\"3050\" data-end=\"3237\">La limitazione morbida e progressiva lo rende ideale sia per la <strong data-start=\"3114\" data-end=\"3149\">protezione degli impianti audio<\/strong> sia per la <strong data-start=\"3161\" data-end=\"3236\">limitazione del livello sonoro nei locali soggetti a normativa acustica<\/strong>.<\/p>\n<hr data-start=\"3239\" data-end=\"3242\" \/>\n<h1 data-section-id=\"1tmsgwt\" data-start=\"3244\" data-end=\"3266\">VERSIONI DISPONIBILI<\/h1>\n<p data-start=\"3268\" data-end=\"3423\">Il limitatore audio ottico LL2C-4 \u00e8 disponibile in diverse configurazioni per adattarsi alle varie esigenze di installazione e gestione dei livelli sonori.<\/p>\n<p data-start=\"3425\" data-end=\"3587\">Tutte le versioni mantengono la stessa base elettronica analogica del limitatore LL2C-4, differenziandosi per le modalit\u00e0 di gestione delle soglie di limitazione.<\/p>\n<hr data-start=\"3589\" data-end=\"3592\" \/>\n<h2 data-section-id=\"16nrlv7\" data-start=\"3594\" data-end=\"3640\">Versione 1 \u2013 LL2C-4 Standard (modello base)<\/h2>\n<p data-start=\"3642\" data-end=\"3684\">Versione base del limitatore audio LL2C-4.<\/p>\n<p data-start=\"3686\" data-end=\"3859\">Questa configurazione prevede <strong data-start=\"3716\" data-end=\"3764\">una soglia di limitazione per ciascun canale<\/strong>, regolabile tramite trimmer interno durante la fase di installazione e taratura dell\u2019impianto.<\/p>\n<p data-start=\"3861\" data-end=\"3994\">Le regolazioni di ingresso, uscita e threshold sono posizionate <strong data-start=\"3925\" data-end=\"3957\">all\u2019interno dell\u2019apparecchio<\/strong> per evitare manomissioni successive.<\/p>\n<p data-start=\"3996\" data-end=\"4136\">\u00c8 la soluzione ideale per installazioni in cui \u00e8 richiesto un <strong data-start=\"4058\" data-end=\"4135\">livello massimo fisso di limitazione su quattro canali audio indipendenti<\/strong>.<\/p>\n<hr data-start=\"4138\" data-end=\"4141\" \/>\n<h2 data-section-id=\"4ryk2o\" data-start=\"4143\" data-end=\"4201\">Versione 2 \u2013 LL2C-4 con selezione soglie tramite chiave<\/h2>\n<p data-start=\"4203\" data-end=\"4302\">Questa versione consente di impostare <strong data-start=\"4241\" data-end=\"4301\">tre differenti livelli di limitazione per ciascun canale<\/strong>.<\/p>\n<p data-start=\"4304\" data-end=\"4525\">Le soglie possono essere selezionate tramite <strong data-start=\"4349\" data-end=\"4402\">interruttore a chiave posto sul pannello frontale<\/strong>, permettendo al gestore del locale di scegliere tra diversi livelli di volume precedentemente impostati dall\u2019installatore.<\/p>\n<p data-start=\"4527\" data-end=\"4587\">Questa soluzione \u00e8 particolarmente utile per la gestione di:<\/p>\n<ul data-start=\"4589\" data-end=\"4703\">\n<li data-section-id=\"1yqgom2\" data-start=\"4589\" data-end=\"4616\">\n<p data-start=\"4591\" data-end=\"4616\"><strong data-start=\"4591\" data-end=\"4616\">livello sonoro diurno<\/strong><\/p>\n<\/li>\n<li data-section-id=\"58ueom\" data-start=\"4617\" data-end=\"4646\">\n<p data-start=\"4619\" data-end=\"4646\"><strong data-start=\"4619\" data-end=\"4646\">livello sonoro notturno<\/strong><\/p>\n<\/li>\n<li data-section-id=\"1mmxtua\" data-start=\"4647\" data-end=\"4703\">\n<p data-start=\"4649\" data-end=\"4703\"><strong data-start=\"4649\" data-end=\"4703\">eventuale livello temporaneo per deroghe acustiche<\/strong><\/p>\n<\/li>\n<\/ul>\n<p data-start=\"4705\" data-end=\"4825\">Le tre soglie vengono regolate durante la taratura dell\u2019impianto e successivamente selezionate tramite chiave meccanica.<\/p>\n<hr data-start=\"4827\" data-end=\"4830\" \/>\n<h2 data-section-id=\"jephuu\" data-start=\"4832\" data-end=\"4890\">Versione 3 \u2013 LL2C-4 con gestione tramite controller web<\/h2>\n<p data-start=\"4892\" data-end=\"5042\">Questa versione integra un <strong data-start=\"4919\" data-end=\"4968\">controller web con accesso tramite rete Wi-Fi<\/strong>, che consente la gestione e la programmazione dei livelli di limitazione.<\/p>\n<p data-start=\"5044\" data-end=\"5067\">Il sistema permette di:<\/p>\n<ul data-start=\"5069\" data-end=\"5288\">\n<li data-section-id=\"1aqxty4\" data-start=\"5069\" data-end=\"5135\">\n<p data-start=\"5071\" data-end=\"5135\">programmare automaticamente <strong data-start=\"5099\" data-end=\"5135\">livelli sonori diurni e notturni<\/strong><\/p>\n<\/li>\n<li data-section-id=\"klp7p7\" data-start=\"5136\" data-end=\"5168\">\n<p data-start=\"5138\" data-end=\"5168\">gestire <strong data-start=\"5146\" data-end=\"5168\">deroghe temporanee<\/strong><\/p>\n<\/li>\n<li data-section-id=\"1vo744v\" data-start=\"5169\" data-end=\"5223\">\n<p data-start=\"5171\" data-end=\"5223\">definire giornate e orari tramite <strong data-start=\"5205\" data-end=\"5223\">calendario web<\/strong><\/p>\n<\/li>\n<li data-section-id=\"bv3g7q\" data-start=\"5224\" data-end=\"5288\">\n<p data-start=\"5226\" data-end=\"5288\">registrare uno <strong data-start=\"5241\" data-end=\"5288\">storico delle modifiche e delle attivazioni<\/strong><\/p>\n<\/li>\n<\/ul>\n<p data-start=\"5290\" data-end=\"5330\">Sono disponibili due profili di accesso:<\/p>\n<p data-start=\"5332\" data-end=\"5443\"><strong data-start=\"5332\" data-end=\"5358\">Profilo amministratore<\/strong><br data-start=\"5358\" data-end=\"5361\" \/>gestito dall\u2019installatore, con possibilit\u00e0 di configurazione completa del sistema.<\/p>\n<p data-start=\"5445\" data-end=\"5568\"><strong data-start=\"5445\" data-end=\"5463\">Profilo utente<\/strong><br data-start=\"5463\" data-end=\"5466\" \/>destinato al gestore del locale, con accesso alla visualizzazione dei dati e alle funzioni consentite.<\/p>\n<p data-start=\"5570\" data-end=\"5725\">Questa soluzione \u00e8 particolarmente indicata per installazioni che richiedono <strong data-start=\"5647\" data-end=\"5724\">gestione automatizzata dei livelli sonori e tracciabilit\u00e0 delle modifiche<\/strong>.<\/p>\n<hr data-start=\"5727\" data-end=\"5730\" \/>\n<h2 data-section-id=\"4et48c\" data-start=\"5732\" data-end=\"5800\">Versione 4 \u2013 LL2C-4 con gestione web e selezione manuale a chiave<\/h2>\n<p data-start=\"5802\" data-end=\"5982\">Questa configurazione combina le funzionalit\u00e0 della versione con <strong data-start=\"5867\" data-end=\"5885\">controller web<\/strong> con la possibilit\u00e0 di selezione manuale tramite <strong data-start=\"5934\" data-end=\"5981\">interruttore a chiave sul pannello frontale<\/strong>.<\/p>\n<p data-start=\"5984\" data-end=\"6029\">In questo modo il sistema pu\u00f2 essere gestito:<\/p>\n<ul data-start=\"6031\" data-end=\"6115\">\n<li data-section-id=\"1atpicl\" data-start=\"6031\" data-end=\"6063\">\n<p data-start=\"6033\" data-end=\"6063\">tramite <strong data-start=\"6041\" data-end=\"6063\">programmazione web<\/strong><\/p>\n<\/li>\n<li data-section-id=\"1sqf727\" data-start=\"6064\" data-end=\"6115\">\n<p data-start=\"6066\" data-end=\"6115\">oppure tramite <strong data-start=\"6081\" data-end=\"6115\">selezione manuale delle soglie<\/strong><\/p>\n<\/li>\n<\/ul>\n<p data-start=\"6117\" data-end=\"6224\">offrendo la massima flessibilit\u00e0 per installazioni che richiedono sia gestione remota sia controllo locale.<\/p>\n<h4 data-section-id=\"1usngi9\" data-start=\"1044\" data-end=\"1061\"><\/h4>\n<h4 data-section-id=\"1usngi9\" data-start=\"1044\" data-end=\"1061\">Installazione<\/h4>\n<p data-start=\"1063\" data-end=\"1142\">Il limitatore LL2C-4 viene installato in formato <strong data-start=\"1110\" data-end=\"1141\">rack standard 19&#8243; \u2013 1 unit\u00e0<\/strong>.<\/p>\n<p data-start=\"1144\" data-end=\"1304\">Generalmente viene collocato <strong data-start=\"1173\" data-end=\"1229\">tra il mixer o l\u2019equalizzatore e i finali di potenza<\/strong>, in modo da controllare il livello del segnale inviato all\u2019amplificazione.<\/p>\n<p data-start=\"1306\" data-end=\"1478\">Le regolazioni di ingresso, uscita e soglia di limitazione vengono effettuate durante la fase di taratura e successivamente rimangono protette all\u2019interno dell\u2019apparecchio.<\/p>\n","protected":false},"excerpt":{"rendered":"<p data-start=\"482\" data-end=\"640\">LL2C-4 \u00e8 un <strong data-start=\"494\" data-end=\"546\">limitatore audio ottico professionale a 4 canali<\/strong> progettato per controllare il livello sonoro mantenendo la massima qualit\u00e0 del segnale audio.<\/p>\n<p data-start=\"642\" data-end=\"900\">Grazie alla circuitazione completamente analogica e al sistema di controllo mediante <strong data-start=\"727\" data-end=\"757\">fotoaccoppiatore resistivo<\/strong>, il limitatore realizza una limitazione <strong data-start=\"798\" data-end=\"841\">morbida, progressiva e poco percepibile<\/strong>, preservando il carattere naturale del programma musicale.<\/p>\n<p data-start=\"902\" data-end=\"1164\">A differenza di molti limitatori tradizionali basati su VCA o sistemi digitali, LL2C-4 utilizza un sistema di controllo del volume <strong data-start=\"1033\" data-end=\"1058\">interamente analogico<\/strong>, che garantisce un comportamento pi\u00f9 musicale e trasparente anche durante l\u2019intervento della limitazione.<\/p>\n<p data-start=\"1166\" data-end=\"1512\">La moderna progettazione elettronica, l\u2019impiego di <strong data-start=\"1217\" data-end=\"1258\">componenti selezionati a basso rumore<\/strong> e l\u2019accurato controllo qualitativo dell\u2019assemblaggio conferiscono al limitatore LL2C-4 <strong data-start=\"1346\" data-end=\"1398\">elevata affidabilit\u00e0, stabilit\u00e0 e qualit\u00e0 sonora<\/strong>, rendendolo adatto ad applicazioni professionali dove \u00e8 necessario gestire pi\u00f9 canali audio in modo indipendente.<\/p>\n<h4 data-section-id=\"1qwr9fh\" data-start=\"507\" data-end=\"525\">Punti di forza<\/h4>\n<p data-start=\"527\" data-end=\"830\">\u2022 Limitazione <strong data-start=\"541\" data-end=\"592\">ottica analogica con fotoaccoppiatore resistivo<\/strong><br data-start=\"592\" data-end=\"595\" \/>\u2022 Trattamento del segnale <strong data-start=\"621\" data-end=\"646\">interamente analogico<\/strong><br data-start=\"646\" data-end=\"649\" \/>\u2022 <strong data-start=\"651\" data-end=\"677\">Nessun utilizzo di VCA<\/strong><br data-start=\"677\" data-end=\"680\" \/>\u2022 Regolazioni e collegamenti <strong data-start=\"709\" data-end=\"738\">interni anti-manomissione<\/strong><br data-start=\"738\" data-end=\"741\" \/>\u2022 <strong data-start=\"743\" data-end=\"791\">Nessuna possibilit\u00e0 di bypass del limitatore<\/strong><br data-start=\"791\" data-end=\"794\" \/>\u2022 Limitazione <strong data-start=\"808\" data-end=\"830\">morbida e musicale<\/strong><\/p>\n","protected":false},"featured_media":14819,"template":"","meta":{"_acf_changed":false},"product_brand":[],"product_cat":[111],"product_tag":[],"class_list":{"0":"post-14804","1":"product","2":"type-product","3":"status-publish","4":"has-post-thumbnail","6":"product_cat-limitatori","8":"first","9":"instock","10":"sale","11":"taxable","12":"shipping-taxable","13":"purchasable","14":"product-type-variable"},"acf":[],"_links":{"self":[{"href":"https:\/\/www.amplificazionilombardi.it\/it\/wp-json\/wp\/v2\/product\/14804","targetHints":{"allow":["GET"]}}],"collection":[{"href":"https:\/\/www.amplificazionilombardi.it\/it\/wp-json\/wp\/v2\/product"}],"about":[{"href":"https:\/\/www.amplificazionilombardi.it\/it\/wp-json\/wp\/v2\/types\/product"}],"wp:featuredmedia":[{"embeddable":true,"href":"https:\/\/www.amplificazionilombardi.it\/it\/wp-json\/wp\/v2\/media\/14819"}],"wp:attachment":[{"href":"https:\/\/www.amplificazionilombardi.it\/it\/wp-json\/wp\/v2\/media?parent=14804"}],"wp:term":[{"taxonomy":"product_brand","embeddable":true,"href":"https:\/\/www.amplificazionilombardi.it\/it\/wp-json\/wp\/v2\/product_brand?post=14804"},{"taxonomy":"product_cat","embeddable":true,"href":"https:\/\/www.amplificazionilombardi.it\/it\/wp-json\/wp\/v2\/product_cat?post=14804"},{"taxonomy":"product_tag","embeddable":true,"href":"https:\/\/www.amplificazionilombardi.it\/it\/wp-json\/wp\/v2\/product_tag?post=14804"}],"curies":[{"name":"wp","href":"https:\/\/api.w.org\/{rel}","templated":true}]}}