{"id":2392,"date":"2017-05-17T00:00:00","date_gmt":"2017-05-16T22:00:00","guid":{"rendered":"http:\/\/www.amplificazionilombardi.it\/shop\/casse-acustiche-passive-lvr600bp-lombardi-600-w-rms\/"},"modified":"2026-03-16T13:04:09","modified_gmt":"2026-03-16T12:04:09","slug":"casse-acustiche-passive-lvr600bp-900_1300w","status":"publish","type":"product","link":"https:\/\/www.amplificazionilombardi.it\/it\/prodotto\/casse-acustiche-passive-lvr600bp-900_1300w\/","title":{"rendered":"LVR600BP \u2013 Diffusore Passivo Professionale 900\/1300 W RMS"},"content":{"rendered":"<p data-start=\"2184\" data-end=\"2377\">Il <strong data-start=\"2187\" data-end=\"2199\">LVR600BP<\/strong> \u00e8 un sistema di diffusione professionale progettato per offrire elevate prestazioni mantenendo dimensioni compatte, peso estremamente contenuto e grande flessibilit\u00e0 di impiego.<\/p>\n<p data-start=\"2379\" data-end=\"2596\">Il diffusore utilizza <strong data-start=\"2401\" data-end=\"2475\">un altoparlante coassiale al neodimio da 10&#8243; con driver a compressione<\/strong>, soluzione che permette di ottenere una sorgente sonora coerente e una risposta uniforme sull\u2019intera gamma di frequenze.<\/p>\n<p data-start=\"2598\" data-end=\"2641\">Questa configurazione consente di ottenere:<\/p>\n<ul data-start=\"2643\" data-end=\"2763\">\n<li data-section-id=\"1ytgxg7\" data-start=\"2643\" data-end=\"2682\">\n<p data-start=\"2645\" data-end=\"2682\">elevata intelligibilit\u00e0 del segnale<\/p>\n<\/li>\n<li data-section-id=\"1wae3ky\" data-start=\"2683\" data-end=\"2712\">\n<p data-start=\"2685\" data-end=\"2712\">risposta dinamica precisa<\/p>\n<\/li>\n<li data-section-id=\"16e01z9\" data-start=\"2713\" data-end=\"2734\">\n<p data-start=\"2715\" data-end=\"2734\">grande efficienza<\/p>\n<\/li>\n<li data-section-id=\"1vbndj5\" data-start=\"2735\" data-end=\"2763\">\n<p data-start=\"2737\" data-end=\"2763\">diffusione sonora uniforme<\/p>\n<\/li>\n<\/ul>\n<hr data-start=\"2765\" data-end=\"2768\" \/>\n<h5 data-section-id=\"1w9rgp8\" data-start=\"2770\" data-end=\"2813\">Sistema estremamente leggero e versatile<\/h5>\n<p data-start=\"2815\" data-end=\"3006\">Uno dei principali punti di forza del LVR600BP \u00e8 la sua <strong data-start=\"2871\" data-end=\"2899\">straordinaria leggerezza<\/strong>, che lo rende estremamente facile da trasportare, installare e integrare in sistemi di diversa dimensione.<\/p>\n<p data-start=\"3008\" data-end=\"3068\">Questa caratteristica lo rende particolarmente indicato per:<\/p>\n<ul data-start=\"3070\" data-end=\"3189\">\n<li data-section-id=\"mnrmr3\" data-start=\"3070\" data-end=\"3094\">\n<p data-start=\"3072\" data-end=\"3094\">service audio mobili<\/p>\n<\/li>\n<li data-section-id=\"i21fpp\" data-start=\"3095\" data-end=\"3123\">\n<p data-start=\"3097\" data-end=\"3123\">installazioni temporanee<\/p>\n<\/li>\n<li data-section-id=\"tj62m3\" data-start=\"3124\" data-end=\"3139\">\n<p data-start=\"3126\" data-end=\"3139\">eventi live<\/p>\n<\/li>\n<li data-section-id=\"w0qtom\" data-start=\"3140\" data-end=\"3189\">\n<p data-start=\"3142\" data-end=\"3189\">applicazioni dove \u00e8 richiesta rapidit\u00e0 di setup<\/p>\n<\/li>\n<\/ul>\n<p data-start=\"3191\" data-end=\"3330\">Il diffusore pu\u00f2 essere utilizzato singolarmente oppure in configurazioni modulari, adattandosi facilmente alle esigenze del sistema audio.<\/p>\n<hr data-start=\"3332\" data-end=\"3335\" \/>\n<h5 data-section-id=\"1uua69g\" data-start=\"3337\" data-end=\"3385\">Configurazione modulare e utilizzo su stativo<\/h5>\n<p data-start=\"3387\" data-end=\"3472\">Il LVR600BP \u00e8 stato progettato per offrire <strong data-start=\"3430\" data-end=\"3471\">grande flessibilit\u00e0 di configurazione<\/strong>.<\/p>\n<p data-start=\"3474\" data-end=\"3613\">\u00c8 possibile <strong data-start=\"3486\" data-end=\"3530\">impilare fino a tre diffusori su stativo<\/strong>, orientandoli tra loro per aumentare il fronte sonoro e coprire un\u2019area pi\u00f9 ampia.<\/p>\n<p data-start=\"3615\" data-end=\"3720\">Questa configurazione consente di utilizzare un unico punto di diffusione per coprire contemporaneamente:<\/p>\n<ul data-start=\"3722\" data-end=\"3783\">\n<li data-section-id=\"kbomtz\" data-start=\"3722\" data-end=\"3752\">\n<p data-start=\"3724\" data-end=\"3752\">area frontale del pubblico<\/p>\n<\/li>\n<li data-section-id=\"sx994d\" data-start=\"3753\" data-end=\"3767\">\n<p data-start=\"3755\" data-end=\"3767\">prime file<\/p>\n<\/li>\n<li data-section-id=\"cczbj0\" data-start=\"3768\" data-end=\"3783\">\n<p data-start=\"3770\" data-end=\"3783\">zone laterali<\/p>\n<\/li>\n<\/ul>\n<p data-start=\"3785\" data-end=\"3853\">ottenendo una distribuzione sonora efficace con un sistema compatto.<\/p>\n<p data-start=\"3855\" data-end=\"4044\">Pur essendo molto compatto, il diffusore \u00e8 di alta qualit\u00e0 e presenta un ottimo rapporto <strong data-start=\"3944\" data-end=\"3968\">potenza \/ dimensioni<\/strong>, risultando ideale sia come sistema su stativo sia come diffusore modulare.<\/p>\n<p data-start=\"4046\" data-end=\"4353\">La componibilit\u00e0 del sistema permette di creare <strong data-start=\"4094\" data-end=\"4129\">cluster orizzontali e verticali<\/strong> e, con le opportune strutture, anche <strong data-start=\"4167\" data-end=\"4212\">configurazioni poliedriche e semisferiche<\/strong>, fino al raggiungimento di un <strong data-start=\"4243\" data-end=\"4288\">cerchio acustico con distribuzione a 360\u00b0<\/strong>, sfruttando l\u2019angolo di <strong data-start=\"4313\" data-end=\"4330\">90\u00b0 verticale<\/strong> del singolo diffusore.<\/p>\n<p data-start=\"4355\" data-end=\"4464\"><strong data-start=\"4355\" data-end=\"4370\">Attenzione:<\/strong> per le configurazioni in appensione utilizzare esclusivamente le apposite strutture dedicate.<\/p>\n<hr data-start=\"4466\" data-end=\"4469\" \/>\n<h5 data-section-id=\"t3gq73\" data-start=\"4471\" data-end=\"4511\">Line Array con filosofia Point Source<\/h5>\n<p data-start=\"4513\" data-end=\"4645\">Il LVR600BP pu\u00f2 essere utilizzato anche in <strong data-start=\"4556\" data-end=\"4612\">configurazione Line Array con filosofia Point Source<\/strong>, fino a <strong data-start=\"4621\" data-end=\"4644\">8 moduli in cascata<\/strong>.<\/p>\n<p data-start=\"4647\" data-end=\"4691\">Questa configurazione permette di aumentare:<\/p>\n<ul data-start=\"4693\" data-end=\"4769\">\n<li data-section-id=\"v0sngs\" data-start=\"4693\" data-end=\"4713\">\n<p data-start=\"4695\" data-end=\"4713\">pressione sonora<\/p>\n<\/li>\n<li data-section-id=\"9i3hwo\" data-start=\"4714\" data-end=\"4739\">\n<p data-start=\"4716\" data-end=\"4739\">copertura del sistema<\/p>\n<\/li>\n<li data-section-id=\"nqpehj\" data-start=\"4740\" data-end=\"4769\">\n<p data-start=\"4742\" data-end=\"4769\">uniformit\u00e0 della diffusione<\/p>\n<\/li>\n<\/ul>\n<p data-start=\"4771\" data-end=\"4849\">mantenendo allo stesso tempo la coerenza timbrica tipica dei sistemi Lombardi.<\/p>\n<hr data-start=\"4851\" data-end=\"4854\" \/>\n<h5 data-section-id=\"4jnqje\" data-start=\"4856\" data-end=\"4892\">Modalit\u00e0 mono o bi-amplificazione<\/h5>\n<p data-start=\"4894\" data-end=\"5031\">Il diffusore pu\u00f2 essere utilizzato sia in <strong data-start=\"4936\" data-end=\"4959\">mono-amplificazione<\/strong> sia in <strong data-start=\"4967\" data-end=\"4988\">bi-amplificazione<\/strong>, offrendo due caratteri sonori differenti.<\/p>\n<p data-start=\"5033\" data-end=\"5126\">In <strong data-start=\"5036\" data-end=\"5059\">mono-amplificazione<\/strong> il sistema presenta una risposta pi\u00f9 morbida e una resa pi\u00f9 dolce.<\/p>\n<p data-start=\"5128\" data-end=\"5266\">In <strong data-start=\"5131\" data-end=\"5152\">bi-amplificazione<\/strong> il diffusore diventa pi\u00f9 definito ed efficiente, offrendo maggiore precisione e migliori prestazioni complessive.<\/p>\n<p data-start=\"5268\" data-end=\"5376\">Il passaggio da <strong data-start=\"5284\" data-end=\"5312\">mono a bi amplificazione<\/strong> avviene tramite <strong data-start=\"5329\" data-end=\"5375\">selettore presente sul pannello posteriore<\/strong>.<\/p>\n<p data-start=\"5378\" data-end=\"5406\">Configurazione collegamenti:<\/p>\n<p data-start=\"5408\" data-end=\"5460\"><strong data-start=\"5408\" data-end=\"5431\">Mono-amplificazione<\/strong><br data-start=\"5431\" data-end=\"5434\" \/>\u2022 collegamento <strong data-start=\"5449\" data-end=\"5460\">1+ \/ 1-<\/strong><\/p>\n<p data-start=\"5462\" data-end=\"5522\"><strong data-start=\"5462\" data-end=\"5483\">Bi-amplificazione<\/strong><br data-start=\"5483\" data-end=\"5486\" \/>\u2022 collegamento <strong data-start=\"5501\" data-end=\"5522\">1+ \/ 1- \/ 2+ \/ 2-<\/strong><\/p>\n<hr data-start=\"5524\" data-end=\"5527\" \/>\n<h5 data-section-id=\"10w3zwe\" data-start=\"5529\" data-end=\"5571\">Integrazione con altri sistemi Lombardi<\/h5>\n<p data-start=\"5573\" data-end=\"5651\">Il LVR600BP si integra perfettamente con altri diffusori della serie Lombardi.<\/p>\n<p data-start=\"5653\" data-end=\"5697\">In particolare \u00e8 ideale in combinazione con:<\/p>\n<p data-start=\"5699\" data-end=\"5818\">\u2022 <strong data-start=\"5701\" data-end=\"5714\">LVR1200BP<\/strong>, con cui condivide lo stesso altoparlante coassiale<br data-start=\"5766\" data-end=\"5769\" \/>\u2022 <strong data-start=\"5771\" data-end=\"5783\">LVR400HP<\/strong>, per sistemi modulari pi\u00f9 compatti<\/p>\n<p data-start=\"5820\" data-end=\"5944\">Questa compatibilit\u00e0 permette di realizzare sistemi audio flessibili e perfettamente bilanciati dal punto di vista timbrico.<\/p>\n<hr data-start=\"5946\" data-end=\"5949\" \/>\n<h5 data-section-id=\"wmnazs\" data-start=\"5951\" data-end=\"5998\">Integrazione con subwoofer e sistema LVS12BA<\/h5>\n<p data-start=\"6000\" data-end=\"6058\">Il LVR600BP si abbina perfettamente ai subwoofer Lombardi:<\/p>\n<p data-start=\"6060\" data-end=\"6136\">\u2022 <strong data-start=\"6062\" data-end=\"6072\">LS700P<\/strong><br data-start=\"6072\" data-end=\"6075\" \/>\u2022 <strong data-start=\"6077\" data-end=\"6088\">LS1000P<\/strong><br data-start=\"6088\" data-end=\"6091\" \/>\u2022 <strong data-start=\"6093\" data-end=\"6103\">LS950P<\/strong><br data-start=\"6103\" data-end=\"6106\" \/>\u2022 <strong data-start=\"6108\" data-end=\"6120\">LS950AHS<\/strong><br data-start=\"6120\" data-end=\"6123\" \/>\u2022 <strong data-start=\"6125\" data-end=\"6136\">LS2500P<\/strong><\/p>\n<p data-start=\"6138\" data-end=\"6303\">In particolare, in abbinamento con <strong data-start=\"6173\" data-end=\"6185\">LS950AHS<\/strong>, il diffusore forma un sistema completo denominato <strong data-start=\"6237\" data-end=\"6248\">LVS12BA<\/strong>, particolarmente apprezzato per il suo equilibrio tra:<\/p>\n<ul data-start=\"6305\" data-end=\"6378\">\n<li data-section-id=\"1dt3ctu\" data-start=\"6305\" data-end=\"6323\">\n<p data-start=\"6307\" data-end=\"6323\">peso contenuto<\/p>\n<\/li>\n<li data-section-id=\"1gl963i\" data-start=\"6324\" data-end=\"6338\">\n<p data-start=\"6326\" data-end=\"6338\">efficienza<\/p>\n<\/li>\n<li data-section-id=\"ey2kc2\" data-start=\"6339\" data-end=\"6357\">\n<p data-start=\"6341\" data-end=\"6357\">qualit\u00e0 sonora<\/p>\n<\/li>\n<li data-section-id=\"1uk6nqc\" data-start=\"6358\" data-end=\"6378\">\n<p data-start=\"6360\" data-end=\"6378\">dimensioni ridotte<\/p>\n<\/li>\n<\/ul>\n<hr data-start=\"6380\" data-end=\"6383\" \/>\n<h5 data-section-id=\"1pkugrb\" data-start=\"6385\" data-end=\"6413\">Amplificatori consigliati<\/h5>\n<p data-start=\"6415\" data-end=\"6644\">Per ottenere le migliori prestazioni il sistema \u00e8 ideale in abbinamento con gli <strong data-start=\"6495\" data-end=\"6545\">amplificatori analogici Lombardi in classe A\/B<\/strong>, progettati per garantire grande dinamica e affidabilit\u00e0 nel pilotaggio dei sistemi professionali.<\/p>\n<p data-start=\"6646\" data-end=\"6672\">Amplificatori consigliati:<\/p>\n<p data-start=\"6674\" data-end=\"6728\">\u2022 <strong data-start=\"6676\" data-end=\"6690\">LAQUAD1200<\/strong><br data-start=\"6690\" data-end=\"6693\" \/>\u2022 <strong data-start=\"6695\" data-end=\"6709\">LADUAL1400<\/strong><br data-start=\"6709\" data-end=\"6712\" \/>\u2022 <strong data-start=\"6714\" data-end=\"6728\">LAQUAD1400<\/strong><\/p>\n<hr data-start=\"6730\" data-end=\"6733\" \/>\n<h5 data-section-id=\"12g9wno\" data-start=\"6735\" data-end=\"6783\">Filosofia progettuale Amplificazioni Lombardi<\/h5>\n<p data-start=\"6785\" data-end=\"6943\">Amplificazioni Lombardi sviluppa sistemi audio professionali seguendo una filosofia progettuale precisa: <strong data-start=\"6890\" data-end=\"6942\">qualit\u00e0 sonora, affidabilit\u00e0 e costruzione reale<\/strong>.<\/p>\n<p data-start=\"6945\" data-end=\"7091\">A differenza di molti sistemi commerciali orientati alla produzione di massa, i diffusori Lombardi vengono progettati con l\u2019obiettivo di ottenere:<\/p>\n<ul data-start=\"7093\" data-end=\"7209\">\n<li data-section-id=\"6gmuk7\" data-start=\"7093\" data-end=\"7117\">\n<p data-start=\"7095\" data-end=\"7117\">resa sonora naturale<\/p>\n<\/li>\n<li data-section-id=\"kac4te\" data-start=\"7118\" data-end=\"7138\">\n<p data-start=\"7120\" data-end=\"7138\">dinamica elevata<\/p>\n<\/li>\n<li data-section-id=\"z7bsij\" data-start=\"7139\" data-end=\"7165\">\n<p data-start=\"7141\" data-end=\"7165\">affidabilit\u00e0 nel tempo<\/p>\n<\/li>\n<li data-section-id=\"ay4g0l\" data-start=\"7166\" data-end=\"7209\">\n<p data-start=\"7168\" data-end=\"7209\">componentistica professionale selezionata<\/p>\n<\/li>\n<\/ul>\n<p data-start=\"7211\" data-end=\"7379\">Ogni diffusore \u00e8 progettato e costruito in Italia, utilizzando materiali e soluzioni costruttive sviluppate in anni di esperienza nel settore dell\u2019amplificazione audio.<\/p>\n<p>&nbsp;<\/p>\n","protected":false},"excerpt":{"rendered":"<p data-start=\"898\" data-end=\"1172\">Il <strong data-start=\"901\" data-end=\"913\">LVR600BP<\/strong> \u00e8 un diffusore professionale passivo progettato e costruito interamente in Italia da <strong data-start=\"999\" data-end=\"1026\">Amplificazioni Lombardi<\/strong>, pensato per applicazioni live e installazioni audio dove siano richieste <strong data-start=\"1101\" data-end=\"1171\">leggerezza, modularit\u00e0, facilit\u00e0 di utilizzo ed elevata efficienza<\/strong>.<\/p>\n<p data-start=\"1174\" data-end=\"1388\">Il sistema utilizza <strong data-start=\"1194\" data-end=\"1268\">un altoparlante coassiale al neodimio da 10&#8243; con driver a compressione<\/strong>, in comune con il modello <strong data-start=\"1295\" data-end=\"1308\">LVR1200BP<\/strong>, caratteristica che consente un\u2019ottima coerenza timbrica nei sistemi combinati.<\/p>\n<p data-start=\"1390\" data-end=\"1429\">Caratteristiche principali del sistema:<\/p>\n<p data-start=\"1431\" data-end=\"1653\">\u2022 <strong data-start=\"1433\" data-end=\"1478\">altoparlante coassiale al neodimio da 10&#8243;<\/strong><br data-start=\"1478\" data-end=\"1481\" \/>\u2022 <strong data-start=\"1483\" data-end=\"1531\">driver a compressione con membrana in Kapton<\/strong><br data-start=\"1531\" data-end=\"1534\" \/>\u2022 <strong data-start=\"1536\" data-end=\"1559\">copertura 90\u00b0 \u00d7 90\u00b0<\/strong><br data-start=\"1559\" data-end=\"1562\" \/>\u2022 <strong data-start=\"1564\" data-end=\"1594\">cabinet leggero e compatto<\/strong><br data-start=\"1594\" data-end=\"1597\" \/>\u2022 <strong data-start=\"1599\" data-end=\"1653\">sistema modulare configurabile in diverse modalit\u00e0<\/strong><\/p>\n<p data-start=\"1655\" data-end=\"1859\">La forza del prodotto \u00e8 la sua <strong data-start=\"1686\" data-end=\"1776\">versatilit\u00e0, modularit\u00e0, facilit\u00e0 di utilizzo, leggerezza, efficienza e qualit\u00e0 sonora<\/strong>, in perfetta coerenza con la filosofia costruttiva di <strong data-start=\"1831\" data-end=\"1858\">Amplificazioni Lombardi<\/strong>.<\/p>\n<p data-start=\"1861\" data-end=\"2142\">Pur essendo molto compatto, il LVR600BP offre un <strong data-start=\"1910\" data-end=\"1958\">eccellente rapporto tra potenza e dimensioni<\/strong> ed \u00e8 ideale sia per montaggio su stativo sia come diffusore modulare, con possibilit\u00e0 di realizzare configurazioni orizzontali, verticali e sistemi pi\u00f9 complessi di diffusione sonora.<\/p>\n","protected":false},"featured_media":5878,"template":"","meta":{"_acf_changed":false},"product_brand":[],"product_cat":[110],"product_tag":[167],"class_list":{"0":"post-2392","1":"product","2":"type-product","3":"status-publish","4":"has-post-thumbnail","6":"product_cat-diffusori-acustici","7":"product_tag-lvr600","9":"first","10":"instock","11":"sale","12":"featured","13":"taxable","14":"shipping-taxable","15":"purchasable","16":"product-type-simple"},"acf":[],"_links":{"self":[{"href":"https:\/\/www.amplificazionilombardi.it\/it\/wp-json\/wp\/v2\/product\/2392","targetHints":{"allow":["GET"]}}],"collection":[{"href":"https:\/\/www.amplificazionilombardi.it\/it\/wp-json\/wp\/v2\/product"}],"about":[{"href":"https:\/\/www.amplificazionilombardi.it\/it\/wp-json\/wp\/v2\/types\/product"}],"wp:featuredmedia":[{"embeddable":true,"href":"https:\/\/www.amplificazionilombardi.it\/it\/wp-json\/wp\/v2\/media\/5878"}],"wp:attachment":[{"href":"https:\/\/www.amplificazionilombardi.it\/it\/wp-json\/wp\/v2\/media?parent=2392"}],"wp:term":[{"taxonomy":"product_brand","embeddable":true,"href":"https:\/\/www.amplificazionilombardi.it\/it\/wp-json\/wp\/v2\/product_brand?post=2392"},{"taxonomy":"product_cat","embeddable":true,"href":"https:\/\/www.amplificazionilombardi.it\/it\/wp-json\/wp\/v2\/product_cat?post=2392"},{"taxonomy":"product_tag","embeddable":true,"href":"https:\/\/www.amplificazionilombardi.it\/it\/wp-json\/wp\/v2\/product_tag?post=2392"}],"curies":[{"name":"wp","href":"https:\/\/api.w.org\/{rel}","templated":true}]}}