{"id":2511,"date":"2017-06-06T00:00:00","date_gmt":"2017-06-05T22:00:00","guid":{"rendered":"http:\/\/www.amplificazionilombardi.it\/shop\/limitatore-audio-ottico-stereo-llc2-lombardi\/"},"modified":"2026-03-12T17:43:39","modified_gmt":"2026-03-12T16:43:39","slug":"limitatore-audio-ottico-stereo-ll2c","status":"publish","type":"product","link":"https:\/\/www.amplificazionilombardi.it\/it\/prodotto\/limitatore-audio-ottico-stereo-ll2c\/","title":{"rendered":"LIMITATORE AUDIO OTTICO STEREO LL2C \u2013 LIMITATORE SUONO PER LOCALI"},"content":{"rendered":"<p data-start=\"1490\" data-end=\"1686\">Il limitatore audio LL2C \u00e8 stato progettato per garantire <strong data-start=\"1548\" data-end=\"1627\">qualit\u00e0 sonora, sicurezza operativa e stabilit\u00e0 delle regolazioni nel tempo<\/strong>, evitando possibili manomissioni successive alla taratura.<\/p>\n<p data-start=\"1688\" data-end=\"1743\">Le regolazioni principali dell\u2019apparecchio, relative a:<\/p>\n<ul data-start=\"1745\" data-end=\"1826\">\n<li data-section-id=\"lzbauc\" data-start=\"1745\" data-end=\"1768\">\n<p data-start=\"1747\" data-end=\"1768\">livello di ingresso<\/p>\n<\/li>\n<li data-section-id=\"n1lnxh\" data-start=\"1769\" data-end=\"1790\">\n<p data-start=\"1771\" data-end=\"1790\">livello di uscita<\/p>\n<\/li>\n<li data-section-id=\"16lryj3\" data-start=\"1791\" data-end=\"1826\">\n<p data-start=\"1793\" data-end=\"1826\">soglia di limitazione (threshold)<\/p>\n<\/li>\n<\/ul>\n<p data-start=\"1828\" data-end=\"2037\">sono collocate <strong data-start=\"1843\" data-end=\"1873\">all\u2019interno della macchina<\/strong> tramite trimmer dedicati.<br data-start=\"1899\" data-end=\"1902\" \/>Questa soluzione \u00e8 stata adottata appositamente per impedire modifiche accidentali o volontarie delle regolazioni dopo l\u2019installazione.<\/p>\n<p data-start=\"2039\" data-end=\"2249\">Anche i <strong data-start=\"2047\" data-end=\"2135\">collegamenti audio tramite connettori vengono effettuati all\u2019interno dello strumento<\/strong>, aumentando la sicurezza dell\u2019impianto ed evitando qualsiasi possibilit\u00e0 di alterazione o bypass non autorizzato.<\/p>\n<p data-start=\"2251\" data-end=\"2451\">In caso di spegnimento dell\u2019apparecchio tramite l\u2019interruttore posto sul pannello posteriore, il segnale audio viene <strong data-start=\"2368\" data-end=\"2396\">completamente interrotto<\/strong>, eliminando ogni possibilit\u00e0 di bypass del limitatore.<\/p>\n<p data-start=\"2453\" data-end=\"2719\">Il controllo del livello avviene tramite <strong data-start=\"2494\" data-end=\"2534\">fotoaccoppiatore resistivo analogico<\/strong>, senza utilizzo di VCA.<br \/>\nQuesta soluzione permette di ottenere una limitazione <strong data-start=\"2615\" data-end=\"2655\">pi\u00f9 naturale, progressiva e musicale<\/strong>, riducendo al minimo gli effetti percepibili sul segnale audio.<\/p>\n<p data-start=\"2721\" data-end=\"2917\">Installato in formato <strong data-start=\"2743\" data-end=\"2775\">rack standard 19&#8243; da 1 unit\u00e0<\/strong>, il limitatore trova naturale collocazione in prossimit\u00e0 di equalizzatori e finali di potenza all\u2019interno degli impianti audio professionali.<\/p>\n<p data-start=\"2919\" data-end=\"3173\">La risposta morbida e progressiva della limitazione lo rende ideale sia per la <strong data-start=\"2998\" data-end=\"3035\">salvaguardia degli impianti audio<\/strong> sia per la <strong data-start=\"3047\" data-end=\"3113\">limitazione del livello sonoro nei locali soggetti a normativa<\/strong>, mantenendo sempre elevata la qualit\u00e0 del segnale trattato.<\/p>\n<p data-start=\"2919\" data-end=\"3173\">Il limitatore LL2C \u00e8 progettato per installazioni audio professionali dove \u00e8 richiesta affidabilit\u00e0, stabilit\u00e0 nel tempo e qualit\u00e0 sonora anche durante l\u2019intervento della limitazione.<\/p>\n<h4 data-section-id=\"1tmsgwt\" data-start=\"648\" data-end=\"670\">VERSIONI DISPONIBILI<\/h4>\n<p data-start=\"708\" data-end=\"912\">Il limitatore audio ottico LL2C \u00e8 disponibile in diverse configurazioni per adattarsi alle esigenze di installazione e gestione dei livelli sonori nei locali pubblici e negli impianti audio professionali.<\/p>\n<p data-start=\"914\" data-end=\"1123\">Tutte le versioni mantengono la stessa base elettronica del modello LL2C con limitazione ottica analogica e qualit\u00e0 audio professionale, ma differiscono per le modalit\u00e0 di gestione delle soglie di limitazione.<\/p>\n<hr data-start=\"1125\" data-end=\"1128\" \/>\n<h5 data-section-id=\"1e7rl56\" data-start=\"1130\" data-end=\"1174\">Versione 1 \u2013 LL2C Standard (modello base)<\/h5>\n<p data-start=\"1176\" data-end=\"1216\">Versione base del limitatore audio LL2C.<\/p>\n<p data-start=\"1218\" data-end=\"1399\">Questa configurazione prevede una <strong data-start=\"1252\" data-end=\"1304\">singola soglia di limitazione per ciascun canale<\/strong>, regolabile tramite trimmer interno durante la fase di installazione e taratura dell\u2019impianto.<\/p>\n<p data-start=\"1401\" data-end=\"1534\">Le regolazioni di ingresso, uscita e threshold sono posizionate <strong data-start=\"1465\" data-end=\"1497\">all\u2019interno dell\u2019apparecchio<\/strong> per evitare manomissioni successive.<\/p>\n<p data-start=\"1536\" data-end=\"1639\">\u00c8 la soluzione ideale per installazioni in cui \u00e8 richiesto un <strong data-start=\"1598\" data-end=\"1638\">livello massimo fisso di limitazione<\/strong>.<\/p>\n<hr data-start=\"1641\" data-end=\"1644\" \/>\n<h5 data-section-id=\"vzr995\" data-start=\"1646\" data-end=\"1702\">Versione 2 \u2013 LL2C con selezione soglie tramite chiave<\/h5>\n<p data-start=\"1704\" data-end=\"1815\">Questa versione consente di impostare <strong data-start=\"1742\" data-end=\"1795\">tre differenti livelli di limitazione (threshold)<\/strong> per ciascun canale.<\/p>\n<p data-start=\"1817\" data-end=\"2042\">Le tre soglie possono essere selezionate tramite <strong data-start=\"1866\" data-end=\"1919\">interruttore a chiave posto sul pannello frontale<\/strong>, permettendo al gestore del locale di scegliere tra diversi livelli di volume precedentemente impostati dall\u2019installatore.<\/p>\n<p data-start=\"2044\" data-end=\"2127\">Questa soluzione \u00e8 particolarmente utile in applicazioni dove \u00e8 necessario gestire:<\/p>\n<ul data-start=\"2129\" data-end=\"2243\">\n<li data-section-id=\"1yqgom2\" data-start=\"2129\" data-end=\"2156\">\n<p data-start=\"2131\" data-end=\"2156\"><strong data-start=\"2131\" data-end=\"2156\">livello sonoro diurno<\/strong><\/p>\n<\/li>\n<li data-section-id=\"58ueom\" data-start=\"2157\" data-end=\"2186\">\n<p data-start=\"2159\" data-end=\"2186\"><strong data-start=\"2159\" data-end=\"2186\">livello sonoro notturno<\/strong><\/p>\n<\/li>\n<li data-section-id=\"1mmxtua\" data-start=\"2187\" data-end=\"2243\">\n<p data-start=\"2189\" data-end=\"2243\"><strong data-start=\"2189\" data-end=\"2243\">eventuale livello temporaneo per deroghe acustiche<\/strong><\/p>\n<\/li>\n<\/ul>\n<p data-start=\"2245\" data-end=\"2365\">Le tre soglie vengono regolate durante la taratura dell\u2019impianto e successivamente selezionate tramite chiave meccanica sotto controllo del gestore del locale.<\/p>\n<hr data-start=\"2367\" data-end=\"2370\" \/>\n<h5 data-section-id=\"406vj3\" data-start=\"2372\" data-end=\"2428\">Versione 3 \u2013 LL2C con gestione tramite controller web<\/h5>\n<p data-start=\"2430\" data-end=\"2580\">Questa versione integra un <strong data-start=\"2457\" data-end=\"2506\">controller web con accesso tramite rete Wi-Fi<\/strong>, che consente la gestione e la programmazione dei livelli di limitazione.<\/p>\n<p data-start=\"2582\" data-end=\"2605\">Il sistema permette di:<\/p>\n<ul data-start=\"2607\" data-end=\"2874\">\n<li data-section-id=\"1aqxty4\" data-start=\"2607\" data-end=\"2673\">\n<p data-start=\"2609\" data-end=\"2673\">programmare automaticamente <strong data-start=\"2637\" data-end=\"2673\">livelli sonori diurni e notturni<\/strong><\/p>\n<\/li>\n<li data-section-id=\"1olikw7\" data-start=\"2674\" data-end=\"2739\">\n<p data-start=\"2676\" data-end=\"2739\">gestire <strong data-start=\"2684\" data-end=\"2706\">deroghe temporanee<\/strong> tramite calendario programmabile<\/p>\n<\/li>\n<li data-section-id=\"bpxaqd\" data-start=\"2740\" data-end=\"2809\">\n<p data-start=\"2742\" data-end=\"2809\">definire giornate e orari in cui sono consentiti livelli differenti<\/p>\n<\/li>\n<li data-section-id=\"bv3g7q\" data-start=\"2810\" data-end=\"2874\">\n<p data-start=\"2812\" data-end=\"2874\">registrare uno <strong data-start=\"2827\" data-end=\"2874\">storico delle modifiche e delle attivazioni<\/strong><\/p>\n<\/li>\n<\/ul>\n<p data-start=\"2876\" data-end=\"2918\">Il sistema prevede due livelli di accesso:<\/p>\n<p data-start=\"2920\" data-end=\"3031\"><strong data-start=\"2920\" data-end=\"2946\">Profilo amministratore<\/strong><br data-start=\"2946\" data-end=\"2949\" \/>gestito dall\u2019installatore, con possibilit\u00e0 di configurazione completa del sistema.<\/p>\n<p data-start=\"3033\" data-end=\"3156\"><strong data-start=\"3033\" data-end=\"3051\">Profilo utente<\/strong><br data-start=\"3051\" data-end=\"3054\" \/>destinato al gestore del locale, con accesso alla visualizzazione dei dati e alla gestione consentita.<\/p>\n<p data-start=\"3158\" data-end=\"3317\">Questa soluzione \u00e8 particolarmente indicata per installazioni in cui \u00e8 richiesta <strong data-start=\"3239\" data-end=\"3316\">gestione automatizzata dei livelli sonori e tracciabilit\u00e0 delle modifiche<\/strong>.<\/p>\n<hr data-start=\"3319\" data-end=\"3322\" \/>\n<h5 data-section-id=\"dmqiad\" data-start=\"3324\" data-end=\"3390\">Versione 4 \u2013 LL2C con gestione web e selezione manuale a chiave<\/h5>\n<p data-start=\"3392\" data-end=\"3572\">Questa configurazione combina le funzionalit\u00e0 della versione con <strong data-start=\"3457\" data-end=\"3475\">controller web<\/strong> con la possibilit\u00e0 di selezione manuale tramite <strong data-start=\"3524\" data-end=\"3571\">interruttore a chiave sul pannello frontale<\/strong>.<\/p>\n<p data-start=\"3574\" data-end=\"3619\">In questo modo il sistema pu\u00f2 essere gestito:<\/p>\n<ul data-start=\"3621\" data-end=\"3705\">\n<li data-section-id=\"1atpicl\" data-start=\"3621\" data-end=\"3653\">\n<p data-start=\"3623\" data-end=\"3653\">tramite <strong data-start=\"3631\" data-end=\"3653\">programmazione web<\/strong><\/p>\n<\/li>\n<li data-section-id=\"1sqf727\" data-start=\"3654\" data-end=\"3705\">\n<p data-start=\"3656\" data-end=\"3705\">oppure tramite <strong data-start=\"3671\" data-end=\"3705\">selezione manuale delle soglie<\/strong><\/p>\n<\/li>\n<\/ul>\n<p data-start=\"3707\" data-end=\"3850\">offrendo la massima flessibilit\u00e0 di utilizzo per installazioni che richiedono sia controllo remoto sia intervento diretto da parte del gestore.<\/p>\n<h4 data-section-id=\"1usngi9\" data-start=\"1044\" data-end=\"1061\"><\/h4>\n<h4 data-section-id=\"1usngi9\" data-start=\"1044\" data-end=\"1061\">Installazione<\/h4>\n<p data-start=\"1063\" data-end=\"1142\">Il limitatore LL2C viene installato in formato <strong data-start=\"1110\" data-end=\"1141\">rack standard 19&#8243; \u2013 1 unit\u00e0<\/strong>.<\/p>\n<p data-start=\"1144\" data-end=\"1304\">Generalmente viene collocato <strong data-start=\"1173\" data-end=\"1229\">tra il mixer o l\u2019equalizzatore e i finali di potenza<\/strong>, in modo da controllare il livello del segnale inviato all\u2019amplificazione.<\/p>\n<p data-start=\"1306\" data-end=\"1478\">Le regolazioni di ingresso, uscita e soglia di limitazione vengono effettuate durante la fase di taratura e successivamente rimangono protette all\u2019interno dell\u2019apparecchio.<\/p>\n","protected":false},"excerpt":{"rendered":"<p data-start=\"469\" data-end=\"621\">LL2C \u00e8 un <strong data-start=\"479\" data-end=\"527\">limitatore audio per locali pubblici ottico stereo professionale<\/strong> progettato per controllare il livello sonoro mantenendo la massima qualit\u00e0 del segnale audio.<\/p>\n<p data-start=\"623\" data-end=\"879\">Grazie alla circuitazione interamente analogica e al sistema di controllo mediante <strong data-start=\"706\" data-end=\"736\">fotoaccoppiatore resistivo<\/strong>, il limitatore realizza una limitazione <strong data-start=\"777\" data-end=\"820\">morbida, progressiva e poco percepibile<\/strong>, preservando il carattere naturale del programma musicale.<\/p>\n<p data-start=\"881\" data-end=\"1140\">A differenza di molti limitatori elettronici basati su VCA o sistemi digitali, LL2C utilizza un sistema di controllo del volume <strong data-start=\"1009\" data-end=\"1034\">interamente analogico<\/strong>, che garantisce un comportamento pi\u00f9 musicale e trasparente anche durante l\u2019intervento della limitazione.<\/p>\n<p data-start=\"1142\" data-end=\"1423\">La moderna progettazione elettronica, l\u2019utilizzo di <strong data-start=\"1194\" data-end=\"1235\">componenti selezionati a basso rumore<\/strong> e l\u2019accurato controllo qualitativo dell\u2019assemblaggio conferiscono al limitatore LL2C <strong data-start=\"1321\" data-end=\"1373\">elevata affidabilit\u00e0, stabilit\u00e0 e qualit\u00e0 sonora<\/strong>, rendendolo adatto ad applicazioni professionali.<\/p>\n<h4 data-section-id=\"1qwr9fh\" data-start=\"507\" data-end=\"525\">Punti di forza<\/h4>\n<p data-start=\"527\" data-end=\"830\">\u2022 Limitazione <strong data-start=\"541\" data-end=\"592\">ottica analogica con fotoaccoppiatore resistivo<\/strong><br data-start=\"592\" data-end=\"595\" \/>\u2022 Trattamento del segnale <strong data-start=\"621\" data-end=\"646\">interamente analogico<\/strong><br data-start=\"646\" data-end=\"649\" \/>\u2022 <strong data-start=\"651\" data-end=\"677\">Nessun utilizzo di VCA<\/strong><br data-start=\"677\" data-end=\"680\" \/>\u2022 Regolazioni e collegamenti <strong data-start=\"709\" data-end=\"738\">interni anti-manomissione<\/strong><br data-start=\"738\" data-end=\"741\" \/>\u2022 <strong data-start=\"743\" data-end=\"791\">Nessuna possibilit\u00e0 di bypass del limitatore<\/strong><br data-start=\"791\" data-end=\"794\" \/>\u2022 Limitazione <strong data-start=\"808\" data-end=\"830\">morbida e musicale<\/strong><\/p>\n","protected":false},"featured_media":6786,"template":"","meta":{"_acf_changed":false},"product_brand":[],"product_cat":[111],"product_tag":[],"class_list":{"0":"post-2511","1":"product","2":"type-product","3":"status-publish","4":"has-post-thumbnail","6":"product_cat-limitatori","8":"first","9":"instock","10":"sale","11":"taxable","12":"shipping-taxable","13":"purchasable","14":"product-type-variable"},"acf":[],"_links":{"self":[{"href":"https:\/\/www.amplificazionilombardi.it\/it\/wp-json\/wp\/v2\/product\/2511","targetHints":{"allow":["GET"]}}],"collection":[{"href":"https:\/\/www.amplificazionilombardi.it\/it\/wp-json\/wp\/v2\/product"}],"about":[{"href":"https:\/\/www.amplificazionilombardi.it\/it\/wp-json\/wp\/v2\/types\/product"}],"wp:featuredmedia":[{"embeddable":true,"href":"https:\/\/www.amplificazionilombardi.it\/it\/wp-json\/wp\/v2\/media\/6786"}],"wp:attachment":[{"href":"https:\/\/www.amplificazionilombardi.it\/it\/wp-json\/wp\/v2\/media?parent=2511"}],"wp:term":[{"taxonomy":"product_brand","embeddable":true,"href":"https:\/\/www.amplificazionilombardi.it\/it\/wp-json\/wp\/v2\/product_brand?post=2511"},{"taxonomy":"product_cat","embeddable":true,"href":"https:\/\/www.amplificazionilombardi.it\/it\/wp-json\/wp\/v2\/product_cat?post=2511"},{"taxonomy":"product_tag","embeddable":true,"href":"https:\/\/www.amplificazionilombardi.it\/it\/wp-json\/wp\/v2\/product_tag?post=2511"}],"curies":[{"name":"wp","href":"https:\/\/api.w.org\/{rel}","templated":true}]}}