{"id":4702,"date":"2019-09-10T17:06:04","date_gmt":"2019-09-10T15:06:04","guid":{"rendered":"http:\/\/www.amplificazionilombardi.it\/?post_type=product&#038;p=4702"},"modified":"2026-03-19T12:47:19","modified_gmt":"2026-03-19T11:47:19","slug":"casse-acustiche-passive-lvr400-400w-lvr400hp-lvr400bp","status":"publish","type":"product","link":"https:\/\/www.amplificazionilombardi.it\/it\/prodotto\/casse-acustiche-passive-lvr400-400w-lvr400hp-lvr400bp\/","title":{"rendered":"LVR400HP \/ LVR400BP \u2013 Sistema Modulare Passivo Professionale 400W RMS"},"content":{"rendered":"<p data-start=\"1840\" data-end=\"2046\">Il <strong data-start=\"1843\" data-end=\"1853\">LVR400<\/strong> \u00e8 un sistema di diffusione professionale modulare sviluppato da Amplificazioni Lombardi per offrire <strong data-start=\"1954\" data-end=\"2045\">alta qualit\u00e0 sonora, grande flessibilit\u00e0 di utilizzo e dimensioni estremamente compatte<\/strong>.<\/p>\n<p data-start=\"2048\" data-end=\"2224\">Il progetto \u00e8 basato su <strong data-start=\"2072\" data-end=\"2095\">due moduli distinti<\/strong>, realizzati con lo stesso mobile esterno per permettere configurazioni acustiche diverse in funzione delle esigenze del sistema:<\/p>\n<p data-start=\"2226\" data-end=\"2300\">\u2022 <strong data-start=\"2228\" data-end=\"2240\">LVR400HP<\/strong>, modulo <strong data-start=\"2249\" data-end=\"2265\">Medio \/ Alti<\/strong><br data-start=\"2265\" data-end=\"2268\" \/>\u2022 <strong data-start=\"2270\" data-end=\"2282\">LVR400BP<\/strong>, modulo <strong data-start=\"2291\" data-end=\"2300\">Bassi<\/strong><\/p>\n<p data-start=\"2302\" data-end=\"2488\">Questa soluzione consente di costruire sistemi modulari compatti e coerenti, combinando i moduli in base alla necessit\u00e0 acustica e raggiungendo una risposta quanto pi\u00f9 possibile lineare.<\/p>\n<p data-start=\"2490\" data-end=\"2680\">Il modulo <strong data-start=\"2500\" data-end=\"2512\">LVR400HP<\/strong> utilizza un <strong data-start=\"2525\" data-end=\"2577\">coassiale al neodimio da 8&#8243; con driver al Kapton<\/strong>, mentre il modulo <strong data-start=\"2596\" data-end=\"2608\">LVR400BP<\/strong> utilizza un <strong data-start=\"2621\" data-end=\"2649\">woofer al neodimio da 8&#8243;<\/strong> dedicato alle basse frequenze.<\/p>\n<hr data-start=\"2682\" data-end=\"2685\" \/>\n<h5 data-section-id=\"1squdkv\" data-start=\"2687\" data-end=\"2726\">Sistema leggero, compatto e modulare<\/h5>\n<p data-start=\"2728\" data-end=\"2836\">Uno dei principali punti di forza del LVR400 \u00e8 la combinazione tra <strong data-start=\"2795\" data-end=\"2835\">compattezza, leggerezza e modularit\u00e0<\/strong>.<\/p>\n<p data-start=\"2838\" data-end=\"3034\">Pur essendo un sistema di dimensioni contenute, offre un eccellente <strong data-start=\"2906\" data-end=\"2939\">rapporto potenza \/ dimensioni<\/strong> ed \u00e8 adatto sia all\u2019utilizzo singolo sia alla realizzazione di sistemi modulari pi\u00f9 complessi.<\/p>\n<p data-start=\"3036\" data-end=\"3096\">Questa caratteristica lo rende particolarmente indicato per:<\/p>\n<ul data-start=\"3098\" data-end=\"3253\">\n<li data-section-id=\"mnrmr3\" data-start=\"3098\" data-end=\"3122\">\n<p data-start=\"3100\" data-end=\"3122\">service audio mobili<\/p>\n<\/li>\n<li data-section-id=\"i21fpp\" data-start=\"3123\" data-end=\"3151\">\n<p data-start=\"3125\" data-end=\"3151\">installazioni temporanee<\/p>\n<\/li>\n<li data-section-id=\"tj62m3\" data-start=\"3152\" data-end=\"3167\">\n<p data-start=\"3154\" data-end=\"3167\">eventi live<\/p>\n<\/li>\n<li data-section-id=\"1te92di\" data-start=\"3168\" data-end=\"3219\">\n<p data-start=\"3170\" data-end=\"3219\">applicazioni dove \u00e8 richiesta rapidit\u00e0 di setup<\/p>\n<\/li>\n<li data-section-id=\"14nyn58\" data-start=\"3220\" data-end=\"3253\">\n<p data-start=\"3222\" data-end=\"3253\">sistemi discreti ma performanti<\/p>\n<\/li>\n<\/ul>\n<p data-start=\"3255\" data-end=\"3410\">La modularit\u00e0 da <strong data-start=\"3272\" data-end=\"3287\">1 a 8 unit\u00e0<\/strong>, combinando modulo Medio\/Alti e modulo Bassi, permette di adattare il sistema a eventi e installazioni di diversa portata.<\/p>\n<hr data-start=\"3412\" data-end=\"3415\" \/>\n<h5 data-section-id=\"1uua69g\" data-start=\"3417\" data-end=\"3465\">Configurazione modulare e utilizzo su stativo<\/h5>\n<p data-start=\"3467\" data-end=\"3548\">Il sistema LVR400 \u00e8 progettato per offrire grande flessibilit\u00e0 di configurazione.<\/p>\n<p data-start=\"3550\" data-end=\"3582\">\u00c8 possibile utilizzare i moduli:<\/p>\n<ul data-start=\"3584\" data-end=\"3738\">\n<li data-section-id=\"1vus20o\" data-start=\"3584\" data-end=\"3612\">\n<p data-start=\"3586\" data-end=\"3612\">singolarmente su stativo<\/p>\n<\/li>\n<li data-section-id=\"r68va3\" data-start=\"3613\" data-end=\"3658\">\n<p data-start=\"3615\" data-end=\"3658\">impilati <strong data-start=\"3624\" data-end=\"3656\">fino a tre moduli su stativo<\/strong><\/p>\n<\/li>\n<li data-section-id=\"d24bul\" data-start=\"3659\" data-end=\"3689\">\n<p data-start=\"3661\" data-end=\"3689\">in configurazioni modulari<\/p>\n<\/li>\n<li data-section-id=\"13d5aou\" data-start=\"3690\" data-end=\"3714\">\n<p data-start=\"3692\" data-end=\"3714\">in cluster verticali<\/p>\n<\/li>\n<li data-section-id=\"1lt1plw\" data-start=\"3715\" data-end=\"3738\">\n<p data-start=\"3717\" data-end=\"3738\">in sistemi Line Array<\/p>\n<\/li>\n<\/ul>\n<p data-start=\"3740\" data-end=\"3880\">L\u2019impilaggio su stativo consente di aumentare il fronte sonoro mantenendo un unico punto di diffusione, soluzione particolarmente utile per:<\/p>\n<ul data-start=\"3882\" data-end=\"3971\">\n<li data-section-id=\"16nw2pc\" data-start=\"3882\" data-end=\"3912\">\n<p data-start=\"3884\" data-end=\"3912\">copertura delle prime file<\/p>\n<\/li>\n<li data-section-id=\"1ertuis\" data-start=\"3913\" data-end=\"3946\">\n<p data-start=\"3915\" data-end=\"3946\">ampliamento del fronte sonoro<\/p>\n<\/li>\n<li data-section-id=\"q5tfja\" data-start=\"3947\" data-end=\"3971\">\n<p data-start=\"3949\" data-end=\"3971\">installazioni compatte<\/p>\n<\/li>\n<\/ul>\n<hr data-start=\"3973\" data-end=\"3976\" \/>\n<h5 data-section-id=\"1sme199\" data-start=\"3978\" data-end=\"4001\">Line Array e cluster<\/h5>\n<p data-start=\"4003\" data-end=\"4119\">Il LVR400 \u00e8 progettato per lavorare sia come diffusore singolo sia come <strong data-start=\"4075\" data-end=\"4118\">sistema modulare a cluster o Line Array<\/strong>.<\/p>\n<p data-start=\"4121\" data-end=\"4305\">La realizzazione dei due moduli distinti con lo stesso mobile esterno consente di realizzare array e cluster molto flessibili, adattando la risposta acustica alle esigenze dell\u2019evento.<\/p>\n<p data-start=\"4307\" data-end=\"4494\">La copertura del modulo <strong data-start=\"4331\" data-end=\"4343\">LVR400HP<\/strong> \u00e8 di <strong data-start=\"4349\" data-end=\"4384\">70\u00b0 orizzontale \/ 70\u00b0 verticale<\/strong>, caratteristica che consente configurazioni controllate e precise nelle installazioni e nei sistemi modulari.<\/p>\n<hr data-start=\"4496\" data-end=\"4499\" \/>\n<h5 data-section-id=\"l4rgn7\" data-start=\"4501\" data-end=\"4518\">Sistema LVS8BA<\/h5>\n<p data-start=\"4520\" data-end=\"4638\">Il modulo <strong data-start=\"4530\" data-end=\"4542\">LVR400HP<\/strong>, in abbinamento con il subwoofer <strong data-start=\"4576\" data-end=\"4588\">LS450AHS<\/strong>, forma un sistema completo denominato <strong data-start=\"4627\" data-end=\"4637\">LVS8BA<\/strong>.<\/p>\n<p data-start=\"4640\" data-end=\"4710\">Questo sistema \u00e8 particolarmente apprezzato per il suo equilibrio tra:<\/p>\n<ul data-start=\"4712\" data-end=\"4806\">\n<li data-section-id=\"1nb5sjg\" data-start=\"4712\" data-end=\"4743\">\n<p data-start=\"4714\" data-end=\"4743\">peso estremamente contenuto<\/p>\n<\/li>\n<li data-section-id=\"16e01z9\" data-start=\"4744\" data-end=\"4765\">\n<p data-start=\"4746\" data-end=\"4765\">grande efficienza<\/p>\n<\/li>\n<li data-section-id=\"ey2kc2\" data-start=\"4766\" data-end=\"4784\">\n<p data-start=\"4768\" data-end=\"4784\">qualit\u00e0 sonora<\/p>\n<\/li>\n<li data-section-id=\"6khgp0\" data-start=\"4785\" data-end=\"4806\">\n<p data-start=\"4787\" data-end=\"4806\">dimensioni compatte<\/p>\n<\/li>\n<\/ul>\n<p data-start=\"4808\" data-end=\"4970\">Il sistema LVS8BA \u00e8 ideale per <strong data-start=\"4839\" data-end=\"4905\">DJ set, musica dal vivo e installazioni sia indoor che outdoor<\/strong>, offrendo prestazioni elevate con ingombri e peso molto ridotti.<\/p>\n<hr data-start=\"5587\" data-end=\"5590\" \/>\n<h5 data-section-id=\"1lr9o29\" data-start=\"5592\" data-end=\"5623\">Qualit\u00e0 costruttiva Lombardi<\/h5>\n<p data-start=\"5625\" data-end=\"5770\">Il mobile del sistema LVR400 \u00e8 realizzato con <strong data-start=\"5671\" data-end=\"5705\">tre diverse tipologie di legno<\/strong>, scelte per ottimizzare leggerezza, robustezza e qualit\u00e0 sonora.<\/p>\n<p data-start=\"5772\" data-end=\"5906\"><strong data-start=\"5772\" data-end=\"5794\">Pioppo multistrato<\/strong><br data-start=\"5794\" data-end=\"5797\" \/>utilizzato per la struttura esterna, contribuisce a mantenere il sistema leggero e con una sonorit\u00e0 naturale.<\/p>\n<p data-start=\"5908\" data-end=\"6017\"><strong data-start=\"5908\" data-end=\"5917\">Abete<\/strong><br data-start=\"5917\" data-end=\"5920\" \/>utilizzato per il pannello di fissaggio degli altoparlanti, favorisce una migliore resa timbrica.<\/p>\n<p data-start=\"6019\" data-end=\"6123\"><strong data-start=\"6019\" data-end=\"6030\">Betulla<\/strong><br data-start=\"6030\" data-end=\"6033\" \/>utilizzata per tutti i rinforzi strutturali, garantisce solidit\u00e0 e affidabilit\u00e0 nel tempo.<\/p>\n<p data-start=\"6125\" data-end=\"6353\">Questo approccio costruttivo riflette la filosofia Amplificazioni Lombardi: <strong data-start=\"6201\" data-end=\"6314\">non un prodotto commerciale standardizzato, ma un sistema progettato con attenzione reale al risultato sonoro<\/strong>.<\/p>\n<hr data-start=\"4972\" data-end=\"4975\" \/>\n<h5 data-section-id=\"o5vvn4\" data-start=\"4977\" data-end=\"5006\">Integrazione con subwoofer<\/h5>\n<p data-start=\"5008\" data-end=\"5084\">Il sistema LVR400 \u00e8 perfettamente abbinabile con diversi subwoofer Lombardi:<\/p>\n<p data-start=\"5086\" data-end=\"5178\">\u2022 <strong data-start=\"5088\" data-end=\"5098\">LS450P<\/strong><br data-start=\"5098\" data-end=\"5101\" \/>\u2022 <strong data-start=\"5103\" data-end=\"5115\">LS450AHS<\/strong><br data-start=\"5115\" data-end=\"5118\" \/>\u2022 <strong data-start=\"5120\" data-end=\"5130\">LS700P<\/strong><br data-start=\"5130\" data-end=\"5133\" \/>\u2022 <strong data-start=\"5135\" data-end=\"5146\">LS1000P<\/strong><br data-start=\"5146\" data-end=\"5149\" \/>\u2022 <strong data-start=\"5151\" data-end=\"5161\">LS950P<\/strong><br data-start=\"5161\" data-end=\"5164\" \/>\u2022 <strong data-start=\"5166\" data-end=\"5178\">LS950AHS<\/strong><\/p>\n<p data-start=\"5180\" data-end=\"5338\">Queste combinazioni consentono di realizzare sistemi completi con estensione sulle basse frequenze, mantenendo sempre coerenza timbrica e dimensioni compatte.<\/p>\n<hr data-start=\"5340\" data-end=\"5343\" \/>\n<h5 data-section-id=\"12g9wno\" data-start=\"5345\" data-end=\"5393\">Filosofia progettuale Amplificazioni Lombardi<\/h5>\n<p data-start=\"5395\" data-end=\"5553\">Amplificazioni Lombardi sviluppa sistemi audio professionali seguendo una filosofia progettuale precisa: <strong data-start=\"5500\" data-end=\"5552\">qualit\u00e0 sonora, affidabilit\u00e0 e costruzione reale<\/strong>.<\/p>\n<p data-start=\"5555\" data-end=\"5701\">A differenza di molti sistemi commerciali orientati alla produzione di massa, i diffusori Lombardi vengono progettati con l\u2019obiettivo di ottenere:<\/p>\n<ul data-start=\"5703\" data-end=\"5819\">\n<li data-section-id=\"6gmuk7\" data-start=\"5703\" data-end=\"5727\">\n<p data-start=\"5705\" data-end=\"5727\">resa sonora naturale<\/p>\n<\/li>\n<li data-section-id=\"kac4te\" data-start=\"5728\" data-end=\"5748\">\n<p data-start=\"5730\" data-end=\"5748\">dinamica elevata<\/p>\n<\/li>\n<li data-section-id=\"z7bsij\" data-start=\"5749\" data-end=\"5775\">\n<p data-start=\"5751\" data-end=\"5775\">affidabilit\u00e0 nel tempo<\/p>\n<\/li>\n<li data-section-id=\"ay4g0l\" data-start=\"5776\" data-end=\"5819\">\n<p data-start=\"5778\" data-end=\"5819\">componentistica professionale selezionata<\/p>\n<\/li>\n<\/ul>\n<p data-start=\"5821\" data-end=\"5989\">Ogni diffusore \u00e8 progettato e costruito in Italia, utilizzando materiali e soluzioni costruttive sviluppate in anni di esperienza nel settore dell\u2019amplificazione audio.<\/p>\n","protected":false},"excerpt":{"rendered":"<p data-start=\"500\" data-end=\"788\">Il <strong data-start=\"503\" data-end=\"513\">LVR400<\/strong> \u00e8 un sistema modulare passivo professionale progettato e costruito interamente in Italia da <strong data-start=\"606\" data-end=\"633\">Amplificazioni Lombardi<\/strong>, sviluppato per applicazioni live e installazioni dove siano richieste <strong data-start=\"705\" data-end=\"787\">leggerezza, modularit\u00e0, qualit\u00e0 sonora e grande flessibilit\u00e0 di configurazione<\/strong>.<\/p>\n<p data-start=\"790\" data-end=\"889\">Il sistema \u00e8 composto da <strong data-start=\"815\" data-end=\"838\">due moduli dedicati<\/strong>, progettati per lavorare insieme in modo coerente:<\/p>\n<p data-start=\"891\" data-end=\"967\">\u2022 <strong data-start=\"893\" data-end=\"905\">LVR400HP<\/strong> \u2013 modulo <strong data-start=\"915\" data-end=\"931\">Medio \/ Alti<\/strong><br data-start=\"931\" data-end=\"934\" \/>\u2022 <strong data-start=\"936\" data-end=\"948\">LVR400BP<\/strong> \u2013 modulo <strong data-start=\"958\" data-end=\"967\">Bassi<\/strong><\/p>\n<p data-start=\"969\" data-end=\"1008\">Caratteristiche principali del sistema:<\/p>\n<p data-start=\"1010\" data-end=\"1236\">\u2022 <strong data-start=\"1012\" data-end=\"1043\">sistema modulare a 2 moduli<\/strong><br data-start=\"1043\" data-end=\"1046\" \/>\u2022 <strong data-start=\"1048\" data-end=\"1090\">componenti al neodimio di alta qualit\u00e0<\/strong><br data-start=\"1090\" data-end=\"1093\" \/>\u2022 <strong data-start=\"1095\" data-end=\"1147\">costruzione con tre essenze di legno selezionate<\/strong><br data-start=\"1147\" data-end=\"1150\" \/>\u2022 <strong data-start=\"1152\" data-end=\"1191\">configurazione cluster e Line Array<\/strong><br data-start=\"1191\" data-end=\"1194\" \/>\u2022 <strong data-start=\"1196\" data-end=\"1236\">ottimo rapporto potenza \/ dimensioni<\/strong><\/p>\n<p data-start=\"1238\" data-end=\"1462\">Pur essendo un sistema molto compatto, offre un\u2019elevata qualit\u00e0 sonora e una grande flessibilit\u00e0 di utilizzo.<br data-start=\"1347\" data-end=\"1350\" \/>I moduli possono essere utilizzati singolarmente oppure combinati per realizzare sistemi modulari pi\u00f9 complessi.<\/p>\n<p data-start=\"1464\" data-end=\"1624\">Il sistema consente anche <strong data-start=\"1490\" data-end=\"1535\">l\u2019impilaggio fino a tre moduli su stativo<\/strong>, soluzione utile per aumentare il fronte sonoro mantenendo un unico punto di diffusione.<\/p>\n<p data-start=\"1626\" data-end=\"1798\">Il LVR400 \u00e8 ideale per <strong data-start=\"1649\" data-end=\"1797\">service audio, installazioni in locali e teatri, piccoli e medi eventi, front fill, side fill, drum fill e sistemi modulari di diffusione sonora<\/strong>.<\/p>\n","protected":false},"featured_media":5873,"template":"","meta":{"_acf_changed":false},"product_brand":[],"product_cat":[110],"product_tag":[169,170,171],"class_list":{"0":"post-4702","1":"product","2":"type-product","3":"status-publish","4":"has-post-thumbnail","6":"product_cat-diffusori-acustici","7":"product_tag-lvr400","8":"product_tag-lvr400bp","9":"product_tag-lvr400hp","11":"first","12":"instock","13":"sale","14":"taxable","15":"shipping-taxable","16":"purchasable","17":"product-type-variable"},"acf":[],"_links":{"self":[{"href":"https:\/\/www.amplificazionilombardi.it\/it\/wp-json\/wp\/v2\/product\/4702","targetHints":{"allow":["GET"]}}],"collection":[{"href":"https:\/\/www.amplificazionilombardi.it\/it\/wp-json\/wp\/v2\/product"}],"about":[{"href":"https:\/\/www.amplificazionilombardi.it\/it\/wp-json\/wp\/v2\/types\/product"}],"wp:featuredmedia":[{"embeddable":true,"href":"https:\/\/www.amplificazionilombardi.it\/it\/wp-json\/wp\/v2\/media\/5873"}],"wp:attachment":[{"href":"https:\/\/www.amplificazionilombardi.it\/it\/wp-json\/wp\/v2\/media?parent=4702"}],"wp:term":[{"taxonomy":"product_brand","embeddable":true,"href":"https:\/\/www.amplificazionilombardi.it\/it\/wp-json\/wp\/v2\/product_brand?post=4702"},{"taxonomy":"product_cat","embeddable":true,"href":"https:\/\/www.amplificazionilombardi.it\/it\/wp-json\/wp\/v2\/product_cat?post=4702"},{"taxonomy":"product_tag","embeddable":true,"href":"https:\/\/www.amplificazionilombardi.it\/it\/wp-json\/wp\/v2\/product_tag?post=4702"}],"curies":[{"name":"wp","href":"https:\/\/api.w.org\/{rel}","templated":true}]}}