{"id":5317,"date":"2021-11-26T17:55:35","date_gmt":"2021-11-26T16:55:35","guid":{"rendered":"http:\/\/www.amplificazionilombardi.it\/?post_type=product&#038;p=5317"},"modified":"2026-04-12T18:25:30","modified_gmt":"2026-04-12T16:25:30","slug":"casse-acustiche-passive-lvr400hp-amplificate-ip65-lombardi-400-w-rms","status":"publish","type":"product","link":"https:\/\/www.amplificazionilombardi.it\/it\/prodotto\/casse-acustiche-passive-lvr400hp-amplificate-ip65-lombardi-400-w-rms\/","title":{"rendered":"LVR400HP &#8211; CASSE ACUSTICHE AMPLIFICATE IP65 400 W RMS"},"content":{"rendered":"<p data-start=\"1635\" data-end=\"1833\">Il <strong data-start=\"1638\" data-end=\"1667\">LVR400HP Amplificato IP65<\/strong> \u00e8 un sistema di diffusione professionale progettato per offrire elevate prestazioni mantenendo dimensioni compatte, peso contenuto e grande flessibilit\u00e0 di utilizzo.<\/p>\n<p data-start=\"1835\" data-end=\"2055\">Il diffusore \u00e8 realizzato in <strong data-start=\"1864\" data-end=\"1895\">sistema bass reflex a 2 vie<\/strong> e utilizza un <strong data-start=\"1910\" data-end=\"2001\">altoparlante coassiale al neodimio da 8&#8243; con driver a compressione e membrana in Kapton<\/strong>, abbinato a <strong data-start=\"2014\" data-end=\"2054\">filtro crossover passivo incorporato<\/strong>.<\/p>\n<p data-start=\"2057\" data-end=\"2100\">Questa configurazione consente di ottenere:<\/p>\n<ul data-start=\"2102\" data-end=\"2222\">\n<li data-section-id=\"1ytgxg7\" data-start=\"2102\" data-end=\"2141\">elevata intelligibilit\u00e0 del segnale<\/li>\n<li data-section-id=\"1wae3ky\" data-start=\"2142\" data-end=\"2171\">risposta dinamica precisa<\/li>\n<li data-section-id=\"16e01z9\" data-start=\"2172\" data-end=\"2193\">grande efficienza<\/li>\n<li data-section-id=\"1vbndj5\" data-start=\"2194\" data-end=\"2222\">diffusione sonora uniforme<\/li>\n<\/ul>\n<hr data-start=\"2224\" data-end=\"2227\" \/>\n<h5 data-section-id=\"170likh\" data-start=\"2229\" data-end=\"2257\">Versione amplificata IP65<\/h5>\n<p data-start=\"2259\" data-end=\"2411\">A differenza della versione passiva, il LVR400HP \u00e8 dotato di un <strong data-start=\"2323\" data-end=\"2384\">modulo amplificatore integrato in classe A\/B a transistor<\/strong>, progettato per garantire:<\/p>\n<ul data-start=\"2413\" data-end=\"2512\">\n<li data-section-id=\"wpnxya\" data-start=\"2413\" data-end=\"2433\">elevata dinamica<\/li>\n<li data-section-id=\"z7bsij\" data-start=\"2434\" data-end=\"2460\">affidabilit\u00e0 nel tempo<\/li>\n<li data-section-id=\"4a5me9\" data-start=\"2461\" data-end=\"2512\">comportamento stabile anche in condizioni gravose<\/li>\n<\/ul>\n<p data-start=\"2514\" data-end=\"2623\">Il sistema \u00e8 certificato <strong data-start=\"2539\" data-end=\"2547\">IP65<\/strong>, permettendo l\u2019utilizzo anche in presenza di pioggia e in ambienti esterni.<\/p>\n<p data-start=\"2625\" data-end=\"2753\">Il diffusore \u00e8 pilotato in <strong data-start=\"2652\" data-end=\"2715\">mono-amplificazione con amplificatore da 400 W RMS su 8 Ohm<br \/>\n<\/strong><\/p>\n<p data-start=\"2625\" data-end=\"2753\">Essendo <strong>IP65<\/strong> garantisce affidabilit\u00e0 anche in condizioni ambientali critiche, rendendo il sistema adatto a <strong>utilizzi outdoor continuativi.<\/strong><\/p>\n<hr data-start=\"2755\" data-end=\"2758\" \/>\n<h5 data-section-id=\"1squdkv\" data-start=\"2760\" data-end=\"2799\">Sistema leggero, compatto e modulare<\/h5>\n<p data-start=\"2801\" data-end=\"2911\">Uno dei principali punti di forza del LVR400HP \u00e8 la combinazione tra <strong data-start=\"2870\" data-end=\"2910\">leggerezza, compattezza e modularit\u00e0<\/strong>.<\/p>\n<p data-start=\"2913\" data-end=\"3095\">Pur essendo un sistema di dimensioni contenute, offre un eccellente <strong data-start=\"2981\" data-end=\"3014\">rapporto potenza \/ dimensioni<\/strong> ed \u00e8 adatto sia all\u2019utilizzo singolo sia alla realizzazione di sistemi modulari.<\/p>\n<p data-start=\"3097\" data-end=\"3124\">Questo lo rende ideale per:<\/p>\n<ul data-start=\"3126\" data-end=\"3274\">\n<li data-section-id=\"mnrmr3\" data-start=\"3126\" data-end=\"3150\">service audio mobili<\/li>\n<li data-section-id=\"i21fpp\" data-start=\"3151\" data-end=\"3179\">installazioni temporanee<\/li>\n<li data-section-id=\"tj62m3\" data-start=\"3180\" data-end=\"3195\">eventi live<\/li>\n<li data-section-id=\"1y3u8iu\" data-start=\"3196\" data-end=\"3225\">utilizzo indoor e outdoor<\/li>\n<li data-section-id=\"1g4ijv8\" data-start=\"3226\" data-end=\"3274\">applicazioni con necessit\u00e0 di montaggio rapido<\/li>\n<\/ul>\n<hr data-start=\"3276\" data-end=\"3279\" \/>\n<h5 data-section-id=\"1uua69g\" data-start=\"3281\" data-end=\"3329\">Configurazione modulare e utilizzo su stativo<\/h5>\n<p data-start=\"3331\" data-end=\"3364\">Il sistema pu\u00f2 essere utilizzato:<\/p>\n<ul data-start=\"3366\" data-end=\"3522\">\n<li data-section-id=\"1vus20o\" data-start=\"3366\" data-end=\"3394\">singolarmente su stativo<\/li>\n<li data-section-id=\"ytqx0d\" data-start=\"3395\" data-end=\"3440\">impilato fino a <strong data-start=\"3413\" data-end=\"3438\">tre moduli su stativo<\/strong><\/li>\n<li data-section-id=\"d24bul\" data-start=\"3441\" data-end=\"3471\">in configurazioni modulari<\/li>\n<li data-section-id=\"4myt9c\" data-start=\"3472\" data-end=\"3498\">in cluster orizzontali<\/li>\n<li data-section-id=\"1lt1plw\" data-start=\"3499\" data-end=\"3522\">in sistemi Line Array<\/li>\n<\/ul>\n<p data-start=\"3524\" data-end=\"3651\">La modularit\u00e0 consente di adattare facilmente il sistema alle esigenze di copertura sonora mantenendo sempre coerenza timbrica.<\/p>\n<hr data-start=\"3653\" data-end=\"3656\" \/>\n<h5 data-section-id=\"1maeao9\" data-start=\"3658\" data-end=\"3688\">Espansione attiva + passiva<\/h5>\n<p data-start=\"3690\" data-end=\"3839\">Ogni modulo <strong data-start=\"3702\" data-end=\"3726\">LVR400HP Amplificato<\/strong> pu\u00f2 pilotare un secondo diffusore passivo da <strong data-start=\"3772\" data-end=\"3781\">8 Ohm<\/strong>, permettendo la creazione di sistemi compatti e modulari.<\/p>\n<p data-start=\"3841\" data-end=\"3863\">Diffusori collegabili:<\/p>\n<p data-start=\"3865\" data-end=\"3925\">\u2022 <strong data-start=\"3867\" data-end=\"3900\">LVR400HP passivo (Medio\/Alti)<\/strong><br data-start=\"3900\" data-end=\"3903\" \/>\u2022 <strong data-start=\"3905\" data-end=\"3925\">LVR400BP (Bassi)<\/strong><\/p>\n<p data-start=\"3927\" data-end=\"4042\">Questo permette di costruire sistemi completi combinando moduli Medio\/Alti e Bassi in base alla necessit\u00e0 acustica.<\/p>\n<hr data-start=\"4044\" data-end=\"4047\" \/>\n<h5 data-section-id=\"1sme199\" data-start=\"4049\" data-end=\"4072\">Line Array e cluster<\/h5>\n<p data-start=\"4074\" data-end=\"4116\">Il sistema \u00e8 progettato per lavorare come:<\/p>\n<ul data-start=\"4118\" data-end=\"4227\">\n<li data-section-id=\"wt0jt0\" data-start=\"4118\" data-end=\"4139\">diffusore singolo<\/li>\n<li data-section-id=\"97ps0l\" data-start=\"4140\" data-end=\"4160\">sistema modulare<\/li>\n<li data-section-id=\"1stq0rv\" data-start=\"4161\" data-end=\"4184\">cluster orizzontale<\/li>\n<li data-section-id=\"1jcuizm\" data-start=\"4185\" data-end=\"4227\">sistema Line Array con hardware dedicato<\/li>\n<\/ul>\n<p data-start=\"4229\" data-end=\"4318\">La struttura a moduli con lo stesso cabinet consente una grande flessibilit\u00e0 progettuale.<\/p>\n<p data-start=\"4320\" data-end=\"4330\">Copertura:<\/p>\n<p data-start=\"4332\" data-end=\"4369\">\u2022 <strong data-start=\"4334\" data-end=\"4369\">70\u00b0 orizzontale \/ 70\u00b0 verticale<\/strong><\/p>\n<hr data-start=\"5587\" data-end=\"5590\" \/>\n<h5>QUALIT\u00c0 COSTRUTTIVA LOMBARDI<\/h5>\n<p data-start=\"5625\" data-end=\"5770\">Il mobile del sistema LVR400 \u00e8 realizzato con <strong data-start=\"5671\" data-end=\"5705\">tre diverse tipologie di legno<\/strong>, scelte per ottimizzare leggerezza, robustezza e qualit\u00e0 sonora.<\/p>\n<p data-start=\"5772\" data-end=\"5906\"><strong data-start=\"5772\" data-end=\"5794\">Pioppo multistrato<\/strong><br data-start=\"5794\" data-end=\"5797\" \/>utilizzato per la struttura esterna, contribuisce a mantenere il sistema leggero e con una sonorit\u00e0 naturale.<\/p>\n<p data-start=\"5908\" data-end=\"6017\"><strong data-start=\"5908\" data-end=\"5917\">Abete<\/strong><br data-start=\"5917\" data-end=\"5920\" \/>utilizzato per il pannello di fissaggio degli altoparlanti, favorisce una migliore resa timbrica.<\/p>\n<p data-start=\"6019\" data-end=\"6123\"><strong data-start=\"6019\" data-end=\"6030\">Betulla<\/strong><br data-start=\"6030\" data-end=\"6033\" \/>utilizzata per tutti i rinforzi strutturali, garantisce solidit\u00e0 e affidabilit\u00e0 nel tempo.<\/p>\n<p data-start=\"6125\" data-end=\"6353\">Questo approccio costruttivo riflette la filosofia Amplificazioni Lombardi: <strong data-start=\"6201\" data-end=\"6314\">non un prodotto commerciale standardizzato, ma un sistema progettato con attenzione reale al risultato sonoro<\/strong>.<\/p>\n<hr data-start=\"4371\" data-end=\"4374\" \/>\n<h5 data-section-id=\"o5vvn4\" data-start=\"4376\" data-end=\"4405\">Integrazione con subwoofer<\/h5>\n<p data-start=\"4407\" data-end=\"4478\">Il LVR400HP Amplificato \u00e8 ideale in abbinamento con subwoofer Lombardi:<\/p>\n<p data-start=\"4480\" data-end=\"4572\">\u2022 <strong data-start=\"4482\" data-end=\"4492\">LS450P<\/strong><br data-start=\"4492\" data-end=\"4495\" \/>\u2022 <strong data-start=\"4497\" data-end=\"4509\">LS450AHS<\/strong><br data-start=\"4509\" data-end=\"4512\" \/>\u2022 <strong data-start=\"4514\" data-end=\"4524\">LS700P<\/strong><br data-start=\"4524\" data-end=\"4527\" \/>\u2022 <strong data-start=\"4529\" data-end=\"4540\">LS1000P<\/strong><br data-start=\"4540\" data-end=\"4543\" \/>\u2022 <strong data-start=\"4545\" data-end=\"4555\">LS950P<\/strong><br data-start=\"4555\" data-end=\"4558\" \/>\u2022 <strong data-start=\"4560\" data-end=\"4572\">LS950AHS<\/strong><\/p>\n<p data-start=\"4574\" data-end=\"4695\">Queste combinazioni permettono di ottenere sistemi completi, compatti ed efficienti con estensione sulle basse frequenze.<\/p>\n<hr data-start=\"4697\" data-end=\"4700\" \/>\n<h5 data-section-id=\"12g9wno\" data-start=\"4702\" data-end=\"4750\">Filosofia progettuale Amplificazioni Lombardi<\/h5>\n<p data-start=\"4752\" data-end=\"4898\">Amplificazioni Lombardi sviluppa sistemi audio professionali seguendo una filosofia precisa: <strong data-start=\"4845\" data-end=\"4897\">qualit\u00e0 sonora, affidabilit\u00e0 e costruzione reale<\/strong>.<\/p>\n<p data-start=\"4900\" data-end=\"4962\">Ogni diffusore \u00e8 progettato e costruito in Italia utilizzando:<\/p>\n<ul data-start=\"4964\" data-end=\"5095\">\n<li data-section-id=\"1o2naxh\" data-start=\"4964\" data-end=\"5009\">componentistica professionale selezionata<\/li>\n<li data-section-id=\"1lqhxv6\" data-start=\"5010\" data-end=\"5047\">soluzioni costruttive ottimizzate<\/li>\n<li data-section-id=\"16hxa02\" data-start=\"5048\" data-end=\"5095\">materiali studiati per resa acustica e durata<\/li>\n<\/ul>\n<p data-start=\"5097\" data-end=\"5218\">Il risultato \u00e8 un prodotto pensato per utilizzo reale, non commerciale, con prestazioni elevate e affidabilit\u00e0 nel tempo.<\/p>\n<p data-start=\"5097\" data-end=\"5218\">Un sistema compatto, modulare e professionale, progettato per offrire prestazioni reali in ogni contesto operativo, senza compromessi.<\/p>\n","protected":false},"excerpt":{"rendered":"<p data-start=\"516\" data-end=\"818\">Il <strong data-start=\"519\" data-end=\"548\">LVR400HP Amplificato IP65<\/strong> \u00e8 un diffusore professionale attivo progettato e costruito interamente in Italia da <strong data-start=\"633\" data-end=\"660\">Amplificazioni Lombardi<\/strong>, sviluppato per applicazioni live e installazioni dove siano richieste <strong data-start=\"732\" data-end=\"817\">qualit\u00e0 sonora, modularit\u00e0, leggerezza e affidabilit\u00e0 anche in condizioni outdoor<\/strong>.<\/p>\n<p data-start=\"820\" data-end=\"988\">Il sistema \u00e8 basato sul modulo <strong data-start=\"851\" data-end=\"874\">LVR400HP Medio\/Alti<\/strong>, qui in versione <strong data-start=\"892\" data-end=\"933\">amplificata con finale integrato IP65<\/strong>, che consente l\u2019utilizzo anche in presenza di pioggia.<\/p>\n<p data-start=\"990\" data-end=\"1017\">Caratteristiche principali:<\/p>\n<p data-start=\"1019\" data-end=\"1248\">\u2022 <strong data-start=\"1021\" data-end=\"1065\">altoparlante coassiale al neodimio da 8&#8243;<\/strong><br data-start=\"1065\" data-end=\"1068\" \/>\u2022 <strong data-start=\"1070\" data-end=\"1118\">driver a compressione con membrana in Kapton<\/strong><br data-start=\"1118\" data-end=\"1121\" \/>\u2022 <strong data-start=\"1123\" data-end=\"1164\">amplificatore integrato in classe A\/B<\/strong><br data-start=\"1164\" data-end=\"1167\" \/>\u2022 <strong data-start=\"1169\" data-end=\"1212\">elettronica e connessioni protette IP65<\/strong><br data-start=\"1212\" data-end=\"1215\" \/>\u2022 <strong data-start=\"1217\" data-end=\"1248\">cabinet compatto e modulare<\/strong><\/p>\n<p data-start=\"1250\" data-end=\"1432\">La forza del prodotto \u00e8 la sua <strong data-start=\"1281\" data-end=\"1356\">versatilit\u00e0, modularit\u00e0, facilit\u00e0 di utilizzo, leggerezza ed efficienza<\/strong>, unite alla qualit\u00e0 sonora tipica dei prodotti <strong data-start=\"1404\" data-end=\"1431\">Amplificazioni Lombardi<\/strong>.<\/p>\n<p>Pur essendo molto compatto, il sistema offre un eccellente <strong data-start=\"1493\" data-end=\"1524\">rapporto potenza-dimensioni<\/strong> ed \u00e8 ideale sia come diffusore su stativo sia come sistema modulare.<\/p>\n","protected":false},"featured_media":6577,"template":"","meta":{"_acf_changed":false},"product_brand":[],"product_cat":[110],"product_tag":[169,170,171],"class_list":{"0":"post-5317","1":"product","2":"type-product","3":"status-publish","4":"has-post-thumbnail","6":"product_cat-diffusori-acustici","7":"product_tag-lvr400","8":"product_tag-lvr400bp","9":"product_tag-lvr400hp","11":"first","12":"instock","13":"sale","14":"taxable","15":"shipping-taxable","16":"purchasable","17":"product-type-simple"},"acf":[],"_links":{"self":[{"href":"https:\/\/www.amplificazionilombardi.it\/it\/wp-json\/wp\/v2\/product\/5317","targetHints":{"allow":["GET"]}}],"collection":[{"href":"https:\/\/www.amplificazionilombardi.it\/it\/wp-json\/wp\/v2\/product"}],"about":[{"href":"https:\/\/www.amplificazionilombardi.it\/it\/wp-json\/wp\/v2\/types\/product"}],"wp:featuredmedia":[{"embeddable":true,"href":"https:\/\/www.amplificazionilombardi.it\/it\/wp-json\/wp\/v2\/media\/6577"}],"wp:attachment":[{"href":"https:\/\/www.amplificazionilombardi.it\/it\/wp-json\/wp\/v2\/media?parent=5317"}],"wp:term":[{"taxonomy":"product_brand","embeddable":true,"href":"https:\/\/www.amplificazionilombardi.it\/it\/wp-json\/wp\/v2\/product_brand?post=5317"},{"taxonomy":"product_cat","embeddable":true,"href":"https:\/\/www.amplificazionilombardi.it\/it\/wp-json\/wp\/v2\/product_cat?post=5317"},{"taxonomy":"product_tag","embeddable":true,"href":"https:\/\/www.amplificazionilombardi.it\/it\/wp-json\/wp\/v2\/product_tag?post=5317"}],"curies":[{"name":"wp","href":"https:\/\/api.w.org\/{rel}","templated":true}]}}